{"id":11014,"date":"2025-04-15T19:53:04","date_gmt":"2025-04-15T17:53:04","guid":{"rendered":"https:\/\/comlm.fr\/?post_type=product&#038;p=11014"},"modified":"2025-04-15T19:58:04","modified_gmt":"2025-04-15T17:58:04","slug":"camera-tourelle-panasonic-aw-he-130-copy-copy-copy-copy-copy-copy-copy-copy-copy-copy-copy-2-copy-copy-copy","status":"publish","type":"product","link":"https:\/\/comlm.fr\/index.php\/produit\/camera-tourelle-panasonic-aw-he-130-copy-copy-copy-copy-copy-copy-copy-copy-copy-copy-copy-2-copy-copy-copy\/","title":{"rendered":"Enceinte L-ACOUSTICS X12"},"content":{"rendered":"<h4><strong>Enceinte <\/strong>L-ACOUSTICS X12<\/h4>\n<h3><strong>Enceinte multi usage\u00a0<\/strong><\/h3>\n<ul>\n<li>Directivit\u00e9 ellipso\u00efde 90\u00b0 x 60\u00b0 adapt\u00e9e \u00e0 la fa\u00e7ade<\/li>\n<li>Empreinte r\u00e9duite et couleurs RAL, int\u00e9gration facile<\/li>\n<li>Poids r\u00e9duit, ergonomie optimis\u00e9e pour la manipulation<\/li>\n<li>Gamme compl\u00e8te d\u2019accessoires d\u2019accrochage<\/li>\n<li>Conception passive pour amplification optimis\u00e9e<\/li>\n<\/ul>\n<p>Le X12 est un syst\u00e8me coaxial polyvalent parfaitement adapt\u00e9 \u00e0 toutes les applications de sonorisation de courte port\u00e9e.<\/p>\n<p><strong>Description <\/strong><\/p>\n<p>Enceinte coaxiale passive 2 voies, amplifi\u00e9e par LA4X \/ LA8<\/p>\n<p>SPL maximum1 136 dB (preset [X12])<\/p>\n<p>Imp\u00e9dance nominale 8 \u03a9<\/p>\n<p>Accrochage et manipulation 2 \u00d7 poign\u00e9es<\/p>\n<p>Poids (net) 20 kg \/ 44.1 lb<\/p>\n","protected":false},"excerpt":{"rendered":"<p>Enceinte L-ACOUSTICS X12 Enceinte multi usage\u00a0 Directivit\u00e9 ellipso\u00efde 90\u00b0 x 60\u00b0 adapt\u00e9e \u00e0 la fa\u00e7ade Empreinte r\u00e9duite et couleurs RAL, int\u00e9gration facile Poids r\u00e9duit, ergonomie optimis\u00e9e pour la manipulation Gamme [&hellip;]<\/p>\n","protected":false},"featured_media":11015,"template":"","meta":[],"product_brand":[],"product_cat":[261,116],"product_tag":[],"class_list":{"0":"post-11014","1":"product","2":"type-product","3":"status-publish","4":"has-post-thumbnail","6":"product_cat-diffusion","7":"product_cat-sonorisation","10":"first","11":"instock","12":"taxable","13":"shipping-taxable","14":"product-type-simple"},"aioseo_notices":[],"_links":{"self":[{"href":"https:\/\/comlm.fr\/index.php\/wp-json\/wp\/v2\/product\/11014","targetHints":{"allow":["GET"]}}],"collection":[{"href":"https:\/\/comlm.fr\/index.php\/wp-json\/wp\/v2\/product"}],"about":[{"href":"https:\/\/comlm.fr\/index.php\/wp-json\/wp\/v2\/types\/product"}],"version-history":[{"count":1,"href":"https:\/\/comlm.fr\/index.php\/wp-json\/wp\/v2\/product\/11014\/revisions"}],"predecessor-version":[{"id":11016,"href":"https:\/\/comlm.fr\/index.php\/wp-json\/wp\/v2\/product\/11014\/revisions\/11016"}],"wp:featuredmedia":[{"embeddable":true,"href":"https:\/\/comlm.fr\/index.php\/wp-json\/wp\/v2\/media\/11015"}],"wp:attachment":[{"href":"https:\/\/comlm.fr\/index.php\/wp-json\/wp\/v2\/media?parent=11014"}],"wp:term":[{"taxonomy":"product_brand","embeddable":true,"href":"https:\/\/comlm.fr\/index.php\/wp-json\/wp\/v2\/product_brand?post=11014"},{"taxonomy":"product_cat","embeddable":true,"href":"https:\/\/comlm.fr\/index.php\/wp-json\/wp\/v2\/product_cat?post=11014"},{"taxonomy":"product_tag","embeddable":true,"href":"https:\/\/comlm.fr\/index.php\/wp-json\/wp\/v2\/product_tag?post=11014"}],"curies":[{"name":"wp","href":"https:\/\/api.w.org\/{rel}","templated":true}]}}