{"id":11010,"date":"2025-04-15T19:46:45","date_gmt":"2025-04-15T17:46:45","guid":{"rendered":"https:\/\/comlm.fr\/?post_type=product&#038;p=11010"},"modified":"2025-04-15T19:52:30","modified_gmt":"2025-04-15T17:52:30","slug":"camera-tourelle-panasonic-aw-he-130-copy-copy-copy-copy-copy-copy-copy-copy-copy-copy-copy-2-copy-copy","status":"publish","type":"product","link":"https:\/\/comlm.fr\/index.php\/produit\/camera-tourelle-panasonic-aw-he-130-copy-copy-copy-copy-copy-copy-copy-copy-copy-copy-copy-2-copy-copy\/","title":{"rendered":"Enceinte L-Acoustics Syva-Low"},"content":{"rendered":"<p><strong>Enceinte L-Acoustics Syva-Low<\/strong><\/p>\n<p>Syva est un syst\u00e8me Source Colin\u00e9aire (brevet d\u00e9pos\u00e9) adapt\u00e9 aux<br \/>\napplications de port\u00e9e moyenne. Il est con\u00e7u pour les applications<br \/>\nde sonorisation professionnelles et les applications r\u00e9sidentielles<br \/>\nhaut de gamme n\u00e9cessitant un SPL et une fid\u00e9lit\u00e9 \u00e9lev\u00e9s avec un<br \/>\nimpact visuel minimal.<br \/>\nL&#8217;enceinte Syva comporte six haut-parleurs moyenne fr\u00e9quence<br \/>\nde 5\u201d offrant une bande passante utilisable jusqu&#8217;\u00e0 87 Hz et trois<br \/>\nmoteurs \u00e0 chambre de compression \u00e0 diaphragme de 3\u2019\u2019, charg\u00e9s<br \/>\npar des guides d&#8217;onde DOSC pr\u00e9sentant une courbure progressive<br \/>\nen forme de J. Cette configuration de transducteurs, appel\u00e9e Source<br \/>\nColin\u00e9aire, g\u00e9n\u00e8re une directivit\u00e9 H\/V de 140\u00b0 x 26\u00b0 (+5\/-21\u00b0),<br \/>\noptimis\u00e9e pour une couverture horizontale extra large avec une<br \/>\nport\u00e9e \u00e9tendue.<br \/>\n<strong>Description <\/strong><\/p>\n<p>Enceinte 2 voies passive, amplifi\u00e9e par LA4X \/ LA8 \/ LA12X<\/p>\n<p>SPL maximum1 137 dB ([SYVA])<\/p>\n<p>Imp\u00e9dance nominale 8 \u03a9<\/p>\n<p>Poids (net) 21 kg \/ 46 lb<\/p>\n","protected":false},"excerpt":{"rendered":"<p>Enceinte L-Acoustics Syva-Low Syva est un syst\u00e8me Source Colin\u00e9aire (brevet d\u00e9pos\u00e9) adapt\u00e9 aux applications de port\u00e9e moyenne. Il est con\u00e7u pour les applications de sonorisation professionnelles et les applications r\u00e9sidentielles [&hellip;]<\/p>\n","protected":false},"featured_media":11011,"template":"","meta":[],"product_brand":[],"product_cat":[261,116],"product_tag":[],"class_list":{"0":"post-11010","1":"product","2":"type-product","3":"status-publish","4":"has-post-thumbnail","6":"product_cat-diffusion","7":"product_cat-sonorisation","10":"first","11":"instock","12":"taxable","13":"shipping-taxable","14":"product-type-simple"},"aioseo_notices":[],"_links":{"self":[{"href":"https:\/\/comlm.fr\/index.php\/wp-json\/wp\/v2\/product\/11010","targetHints":{"allow":["GET"]}}],"collection":[{"href":"https:\/\/comlm.fr\/index.php\/wp-json\/wp\/v2\/product"}],"about":[{"href":"https:\/\/comlm.fr\/index.php\/wp-json\/wp\/v2\/types\/product"}],"version-history":[{"count":1,"href":"https:\/\/comlm.fr\/index.php\/wp-json\/wp\/v2\/product\/11010\/revisions"}],"predecessor-version":[{"id":11013,"href":"https:\/\/comlm.fr\/index.php\/wp-json\/wp\/v2\/product\/11010\/revisions\/11013"}],"wp:featuredmedia":[{"embeddable":true,"href":"https:\/\/comlm.fr\/index.php\/wp-json\/wp\/v2\/media\/11011"}],"wp:attachment":[{"href":"https:\/\/comlm.fr\/index.php\/wp-json\/wp\/v2\/media?parent=11010"}],"wp:term":[{"taxonomy":"product_brand","embeddable":true,"href":"https:\/\/comlm.fr\/index.php\/wp-json\/wp\/v2\/product_brand?post=11010"},{"taxonomy":"product_cat","embeddable":true,"href":"https:\/\/comlm.fr\/index.php\/wp-json\/wp\/v2\/product_cat?post=11010"},{"taxonomy":"product_tag","embeddable":true,"href":"https:\/\/comlm.fr\/index.php\/wp-json\/wp\/v2\/product_tag?post=11010"}],"curies":[{"name":"wp","href":"https:\/\/api.w.org\/{rel}","templated":true}]}}