{"id":11005,"date":"2025-04-15T19:35:28","date_gmt":"2025-04-15T17:35:28","guid":{"rendered":"https:\/\/comlm.fr\/?post_type=product&#038;p=11005"},"modified":"2025-04-15T19:43:32","modified_gmt":"2025-04-15T17:43:32","slug":"camera-tourelle-panasonic-aw-he-130-copy-copy-copy-copy-copy-copy-copy-copy-copy-copy-copy-2-copy","status":"publish","type":"product","link":"https:\/\/comlm.fr\/index.php\/produit\/camera-tourelle-panasonic-aw-he-130-copy-copy-copy-copy-copy-copy-copy-copy-copy-copy-copy-2-copy\/","title":{"rendered":"Syst\u00e8me de pr\u00e9sentation ANALOG WAY NALOGWAY ASCENDER 16 &#8211; 4K"},"content":{"rendered":"<p>ANALOGWAY ASCENDER 16 &#8211; 4K<\/p>\n<p>Puissant m\u00e9langeur 4K seamless multi-sorties et syst\u00e8me de gestion d\u2019\u00e9crans avanc\u00e9.<br \/>\nId\u00e9al pour les \u00e9v\u00e8nements live et les installations fixes les plus exigeants<\/p>\n<ul>\n<li><\/li>\n<li>ENTR\u00c9ES<br \/>\n12 entr\u00e9es actives, 42 connecteurs d\u2019entr\u00e9e<br \/>\n6x HDMI (dont 3x HDMI jusqu\u2019\u00e0 4k30hz)<br \/>\n3x DisplayPort<br \/>\n9x DVI-I (dont 3x DVI Dual-Link jusqu\u2019\u00e0 2560&#215;1600)<br \/>\n12x 3G\/HD\/SD-SDI<br \/>\n12 ports analogiques universels (6x HD15 &amp; 6x DVI-A)<br \/>\nSORTIES<br \/>\n4 sorties avec 5 connecteurs par sortie<br \/>\n8 ports analogiques universels (4x HD15 &amp; 4x DVI-A)<br \/>\n4x 3G\/HD\/SD-SDI<br \/>\n2x DVI-I Dual-Link jusqu\u2019\u00e0 2560&#215;1600 (sortie #1 et #3)<br \/>\n2x DVI\/HDMI 4K jusqu\u2019\u00e0 4k30hz 4:4:4 ou jusqu\u2019\u00e0<br \/>\n4k60hz 4:2:0 (sortie #2 et #4)<br \/>\n4x SFP (transmission SDI par fibre optique)<br \/>\nSORTIE MONITORING<br \/>\n2 ports analogiques universels (HD15 &amp; DVI-A)<br \/>\n1x DVI-I<br \/>\n2x 3G\/HD\/SD-SDI<br \/>\n1x RGBs\/RGsB\/RGB\/YPrBr\/YC\/comp analog<br \/>\nJusqu\u2019\u00e0 12 fen\u00eatres et libell\u00e9s personnalisables<br \/>\nCOUCHES<br \/>\n2 couches redimensionnables par sortie (parfaitement<br \/>\nSeamless)<br \/>\n1 fond natif par sortie<br \/>\nGestion avanc\u00e9e des ressources de processing<br \/>\nTRANSITIONS &amp; EFFETS<br \/>\nTrue A\/B Mix (mixage au T-Bar sans restriction)<br \/>\nBordures: Edge, Smooth, Smooth Edge, Shadow\u2026<br \/>\nTransitions: Cut, Fade, Slide, Wipe, Circle, Stretch,<br \/>\nDepth, Flying window<br \/>\nEffets: Background Cut, Transparence, incrustation<br \/>\nChroma key ou Luma key, DSK, H&amp;V Flip, Cut &amp; Fill<br \/>\nAutres effets: N&amp;B, N\u00e9gatif, S\u00e9pia et Solarisation<br \/>\nIMAGES &amp; LOGOS<br \/>\nJusqu\u2019\u00e0 100 images disponibles et redimensionnables<br \/>\nImport via Web RCS ou capture depuis les entr\u00e9es live<\/li>\n<\/ul>\n","protected":false},"excerpt":{"rendered":"<p>ANALOGWAY ASCENDER 16 &#8211; 4K Puissant m\u00e9langeur 4K seamless multi-sorties et syst\u00e8me de gestion d\u2019\u00e9crans avanc\u00e9. Id\u00e9al pour les \u00e9v\u00e8nements live et les installations fixes les plus exigeants ENTR\u00c9ES 12 [&hellip;]<\/p>\n","protected":false},"featured_media":11006,"template":"","meta":[],"product_brand":[],"product_cat":[275,229],"product_tag":[],"class_list":{"0":"post-11005","1":"product","2":"type-product","3":"status-publish","4":"has-post-thumbnail","6":"product_cat-diffusion-serveurs","7":"product_cat-video","10":"first","11":"instock","12":"taxable","13":"shipping-taxable","14":"product-type-simple"},"aioseo_notices":[],"_links":{"self":[{"href":"https:\/\/comlm.fr\/index.php\/wp-json\/wp\/v2\/product\/11005","targetHints":{"allow":["GET"]}}],"collection":[{"href":"https:\/\/comlm.fr\/index.php\/wp-json\/wp\/v2\/product"}],"about":[{"href":"https:\/\/comlm.fr\/index.php\/wp-json\/wp\/v2\/types\/product"}],"version-history":[{"count":2,"href":"https:\/\/comlm.fr\/index.php\/wp-json\/wp\/v2\/product\/11005\/revisions"}],"predecessor-version":[{"id":11009,"href":"https:\/\/comlm.fr\/index.php\/wp-json\/wp\/v2\/product\/11005\/revisions\/11009"}],"wp:featuredmedia":[{"embeddable":true,"href":"https:\/\/comlm.fr\/index.php\/wp-json\/wp\/v2\/media\/11006"}],"wp:attachment":[{"href":"https:\/\/comlm.fr\/index.php\/wp-json\/wp\/v2\/media?parent=11005"}],"wp:term":[{"taxonomy":"product_brand","embeddable":true,"href":"https:\/\/comlm.fr\/index.php\/wp-json\/wp\/v2\/product_brand?post=11005"},{"taxonomy":"product_cat","embeddable":true,"href":"https:\/\/comlm.fr\/index.php\/wp-json\/wp\/v2\/product_cat?post=11005"},{"taxonomy":"product_tag","embeddable":true,"href":"https:\/\/comlm.fr\/index.php\/wp-json\/wp\/v2\/product_tag?post=11005"}],"curies":[{"name":"wp","href":"https:\/\/api.w.org\/{rel}","templated":true}]}}