{"id":11002,"date":"2025-04-15T19:31:35","date_gmt":"2025-04-15T17:31:35","guid":{"rendered":"https:\/\/comlm.fr\/?post_type=product&#038;p=11002"},"modified":"2025-04-15T19:34:50","modified_gmt":"2025-04-15T17:34:50","slug":"camera-tourelle-panasonic-aw-he-130-copy-copy-copy-copy-copy-copy-copy-copy-copy-copy-copy-2","status":"publish","type":"product","link":"https:\/\/comlm.fr\/index.php\/produit\/camera-tourelle-panasonic-aw-he-130-copy-copy-copy-copy-copy-copy-copy-copy-copy-copy-copy-2\/","title":{"rendered":"Syst\u00e8me de pr\u00e9sentation ANALOG WAY NEXTAGE 16 (NTX1604)"},"content":{"rendered":"<p>ANALOGWAY NEXTAGE 16 (NTX1604)<\/p>\n<p>NeXtage 16 offre un processing en temps r\u00e9el de derni\u00e8re g\u00e9n\u00e9ration et un mode Soft Edge tr\u00e8s performant, pour la cr\u00e9ation de pr\u00e9sentations d\u2019envergure.<\/p>\n<ul>\n<li>Format d\u2019entr\u00e9e jusqu\u2019\u00e0 4K 30Hz 4:4:4<\/li>\n<li>Format de sortie jusqu\u2019\u00e0 4K 30Hz 4:4:4<\/li>\n<li>Nouvelle plateforme LiveCore\u2122 8 x entr\u00e9es seamless et 28 connecteurs d\u2019entr\u00e9e 2 x sorties et 5 connecteurs<\/li>\n<li>Preview complet de toutes les sources (Preview\/Mosa\u00efque\/ Monitoring)<\/li>\n<li>4 couches scal\u00e9es parfaitement seamless + 1 fond natif<\/li>\n<li>Fonction de rotation des sorties (par pas de 90\u00b0)<\/li>\n<li>Effets visuels impressionnants<\/li>\n<li>Dimensions : L 544 x P 444.8 x H 133 mm<\/li>\n<li>Poids : 14 kg<\/li>\n<\/ul>\n","protected":false},"excerpt":{"rendered":"<p>ANALOGWAY NEXTAGE 16 (NTX1604) NeXtage 16 offre un processing en temps r\u00e9el de derni\u00e8re g\u00e9n\u00e9ration et un mode Soft Edge tr\u00e8s performant, pour la cr\u00e9ation de pr\u00e9sentations d\u2019envergure. Format d\u2019entr\u00e9e [&hellip;]<\/p>\n","protected":false},"featured_media":11003,"template":"","meta":[],"product_brand":[],"product_cat":[275,229],"product_tag":[],"class_list":{"0":"post-11002","1":"product","2":"type-product","3":"status-publish","4":"has-post-thumbnail","6":"product_cat-diffusion-serveurs","7":"product_cat-video","10":"first","11":"instock","12":"taxable","13":"shipping-taxable","14":"product-type-simple"},"aioseo_notices":[],"_links":{"self":[{"href":"https:\/\/comlm.fr\/index.php\/wp-json\/wp\/v2\/product\/11002","targetHints":{"allow":["GET"]}}],"collection":[{"href":"https:\/\/comlm.fr\/index.php\/wp-json\/wp\/v2\/product"}],"about":[{"href":"https:\/\/comlm.fr\/index.php\/wp-json\/wp\/v2\/types\/product"}],"version-history":[{"count":1,"href":"https:\/\/comlm.fr\/index.php\/wp-json\/wp\/v2\/product\/11002\/revisions"}],"predecessor-version":[{"id":11004,"href":"https:\/\/comlm.fr\/index.php\/wp-json\/wp\/v2\/product\/11002\/revisions\/11004"}],"wp:featuredmedia":[{"embeddable":true,"href":"https:\/\/comlm.fr\/index.php\/wp-json\/wp\/v2\/media\/11003"}],"wp:attachment":[{"href":"https:\/\/comlm.fr\/index.php\/wp-json\/wp\/v2\/media?parent=11002"}],"wp:term":[{"taxonomy":"product_brand","embeddable":true,"href":"https:\/\/comlm.fr\/index.php\/wp-json\/wp\/v2\/product_brand?post=11002"},{"taxonomy":"product_cat","embeddable":true,"href":"https:\/\/comlm.fr\/index.php\/wp-json\/wp\/v2\/product_cat?post=11002"},{"taxonomy":"product_tag","embeddable":true,"href":"https:\/\/comlm.fr\/index.php\/wp-json\/wp\/v2\/product_tag?post=11002"}],"curies":[{"name":"wp","href":"https:\/\/api.w.org\/{rel}","templated":true}]}}