{"id":10999,"date":"2025-04-15T19:19:05","date_gmt":"2025-04-15T17:19:05","guid":{"rendered":"https:\/\/comlm.fr\/?post_type=product&#038;p=10999"},"modified":"2025-04-15T19:28:49","modified_gmt":"2025-04-15T17:28:49","slug":"camera-tourelle-panasonic-aw-he-130-copy-copy-copy-copy-copy-copy-copy-copy-copy-copy-copy-copy-copy","status":"publish","type":"product","link":"https:\/\/comlm.fr\/index.php\/produit\/camera-tourelle-panasonic-aw-he-130-copy-copy-copy-copy-copy-copy-copy-copy-copy-copy-copy-copy-copy\/","title":{"rendered":"ANALOGWAY M\u00e9langeurs de pr\u00e9sentation Pulse 2"},"content":{"rendered":"<p>ANALOGWAY\u00a0 Pulse 2<\/p>\n<h3>M\u00e9langeur Multi-couches Seamless dot\u00e9 de 8 entr\u00e9es et d\u2019un mode<br \/>\nMatrice Native<\/h3>\n<p>Nouvelle plate-forme Midra\u2122<br \/>\nNouveau logiciel de commande \u00e0 distance: RCS\u00b2 (compatible Windows,<br \/>\nMac &amp; Linux)<br \/>\n2 Modes op\u00e9ratoires: M\u00e9langeur et Matrice Native<br \/>\nPorts DVI-D et HDMI compatibles avec les signaux audio num\u00e9riques<br \/>\nGestion avanc\u00e9e de l\u2019audio avec la RCS\u00b2<br \/>\nMode \u00ab Quick Frame \u00bb<br \/>\nFonction \u00ab Direct Swap \u00bb<br \/>\nFonction \u00ab Direct Split \u00bb<br \/>\nPossibilit\u00e9 de modifier le programme en live sans utiliser le Preview<br \/>\nDimensions: L 400 x P 440 x H 88 mm<br \/>\nPoids: 6,3 kg<\/p>\n","protected":false},"excerpt":{"rendered":"<p>ANALOGWAY\u00a0 Pulse 2 M\u00e9langeur Multi-couches Seamless dot\u00e9 de 8 entr\u00e9es et d\u2019un mode Matrice Native Nouvelle plate-forme Midra\u2122 Nouveau logiciel de commande \u00e0 distance: RCS\u00b2 (compatible Windows, Mac &amp; Linux) [&hellip;]<\/p>\n","protected":false},"featured_media":11000,"template":"","meta":[],"product_brand":[],"product_cat":[274,229],"product_tag":[],"class_list":{"0":"post-10999","1":"product","2":"type-product","3":"status-publish","4":"has-post-thumbnail","6":"product_cat-melangeurs","7":"product_cat-video","10":"first","11":"instock","12":"taxable","13":"shipping-taxable","14":"product-type-simple"},"aioseo_notices":[],"_links":{"self":[{"href":"https:\/\/comlm.fr\/index.php\/wp-json\/wp\/v2\/product\/10999","targetHints":{"allow":["GET"]}}],"collection":[{"href":"https:\/\/comlm.fr\/index.php\/wp-json\/wp\/v2\/product"}],"about":[{"href":"https:\/\/comlm.fr\/index.php\/wp-json\/wp\/v2\/types\/product"}],"version-history":[{"count":1,"href":"https:\/\/comlm.fr\/index.php\/wp-json\/wp\/v2\/product\/10999\/revisions"}],"predecessor-version":[{"id":11001,"href":"https:\/\/comlm.fr\/index.php\/wp-json\/wp\/v2\/product\/10999\/revisions\/11001"}],"wp:featuredmedia":[{"embeddable":true,"href":"https:\/\/comlm.fr\/index.php\/wp-json\/wp\/v2\/media\/11000"}],"wp:attachment":[{"href":"https:\/\/comlm.fr\/index.php\/wp-json\/wp\/v2\/media?parent=10999"}],"wp:term":[{"taxonomy":"product_brand","embeddable":true,"href":"https:\/\/comlm.fr\/index.php\/wp-json\/wp\/v2\/product_brand?post=10999"},{"taxonomy":"product_cat","embeddable":true,"href":"https:\/\/comlm.fr\/index.php\/wp-json\/wp\/v2\/product_cat?post=10999"},{"taxonomy":"product_tag","embeddable":true,"href":"https:\/\/comlm.fr\/index.php\/wp-json\/wp\/v2\/product_tag?post=10999"}],"curies":[{"name":"wp","href":"https:\/\/api.w.org\/{rel}","templated":true}]}}