{"id":10992,"date":"2025-04-15T19:07:41","date_gmt":"2025-04-15T17:07:41","guid":{"rendered":"https:\/\/comlm.fr\/?post_type=product&#038;p=10992"},"modified":"2025-04-15T19:30:16","modified_gmt":"2025-04-15T17:30:16","slug":"camera-tourelle-panasonic-aw-he-130-copy-copy-copy-copy-copy-copy-copy-copy-copy-copy-copy","status":"publish","type":"product","link":"https:\/\/comlm.fr\/index.php\/produit\/camera-tourelle-panasonic-aw-he-130-copy-copy-copy-copy-copy-copy-copy-copy-copy-copy-copy\/","title":{"rendered":"ANALOGWAY M\u00e9langeurs de pr\u00e9sentation Pulse 4K"},"content":{"rendered":"<p>ANALOGWAY Pulse\u00a04K<\/p>\n<ul class=\"key-features-list\">\n<li>M\u00e9langeur de pr\u00e9sentation 4K60 multicouche<\/li>\n<li>10 entr\u00e9es dont 8 entr\u00e9es 4K60 et 2 entr\u00e9es 1080p<\/li>\n<li>2 sorties 4K60, chacune avec connecteurs jumel\u00e9s HDMI et SDI<\/li>\n<li>2 modes: Matrix (2 sorties PGM ind\u00e9pendantes) ou Switcher (1 PGM + 1 AUX)<\/li>\n<li>Fond live ou image fixe sur chaque sortie<\/li>\n<li>Jusqu\u2019\u00e0 4 couches 4K split (ou 2 couches de mixage 4K)<\/li>\n<li>Multiviewer d\u00e9di\u00e9 avec fen\u00eatres redimensionnables (PGM, PRW et sources)<\/li>\n<li>Processing temps r\u00e9el 4K60 10-bit 4:4:4 compatible HDR10 et HLG<\/li>\n<li>Diffusion en IP, bas\u00e9 sur le protocole RTMP, de n\u2019importe quelle entr\u00e9e ou sortie<\/li>\n<li>Traitement audio avanc\u00e9 et routage dynamique en standard<\/li>\n<li>Carte optionnelle audio analogique et Dante\u2122 32&#215;32 canaux<\/li>\n<li>Ch\u00e2ssis compact et robuste 2RU<\/li>\n<\/ul>\n","protected":false},"excerpt":{"rendered":"<p>ANALOGWAY Pulse\u00a04K M\u00e9langeur de pr\u00e9sentation 4K60 multicouche 10 entr\u00e9es dont 8 entr\u00e9es 4K60 et 2 entr\u00e9es 1080p 2 sorties 4K60, chacune avec connecteurs jumel\u00e9s HDMI et SDI 2 modes: Matrix [&hellip;]<\/p>\n","protected":false},"featured_media":10993,"template":"","meta":[],"product_brand":[],"product_cat":[274,229],"product_tag":[],"class_list":{"0":"post-10992","1":"product","2":"type-product","3":"status-publish","4":"has-post-thumbnail","6":"product_cat-melangeurs","7":"product_cat-video","10":"first","11":"instock","12":"taxable","13":"shipping-taxable","14":"product-type-simple"},"aioseo_notices":[],"_links":{"self":[{"href":"https:\/\/comlm.fr\/index.php\/wp-json\/wp\/v2\/product\/10992","targetHints":{"allow":["GET"]}}],"collection":[{"href":"https:\/\/comlm.fr\/index.php\/wp-json\/wp\/v2\/product"}],"about":[{"href":"https:\/\/comlm.fr\/index.php\/wp-json\/wp\/v2\/types\/product"}],"version-history":[{"count":1,"href":"https:\/\/comlm.fr\/index.php\/wp-json\/wp\/v2\/product\/10992\/revisions"}],"predecessor-version":[{"id":10995,"href":"https:\/\/comlm.fr\/index.php\/wp-json\/wp\/v2\/product\/10992\/revisions\/10995"}],"wp:featuredmedia":[{"embeddable":true,"href":"https:\/\/comlm.fr\/index.php\/wp-json\/wp\/v2\/media\/10993"}],"wp:attachment":[{"href":"https:\/\/comlm.fr\/index.php\/wp-json\/wp\/v2\/media?parent=10992"}],"wp:term":[{"taxonomy":"product_brand","embeddable":true,"href":"https:\/\/comlm.fr\/index.php\/wp-json\/wp\/v2\/product_brand?post=10992"},{"taxonomy":"product_cat","embeddable":true,"href":"https:\/\/comlm.fr\/index.php\/wp-json\/wp\/v2\/product_cat?post=10992"},{"taxonomy":"product_tag","embeddable":true,"href":"https:\/\/comlm.fr\/index.php\/wp-json\/wp\/v2\/product_tag?post=10992"}],"curies":[{"name":"wp","href":"https:\/\/api.w.org\/{rel}","templated":true}]}}