{"id":10988,"date":"2025-04-15T18:59:28","date_gmt":"2025-04-15T16:59:28","guid":{"rendered":"https:\/\/comlm.fr\/?post_type=product&#038;p=10988"},"modified":"2025-04-15T19:31:09","modified_gmt":"2025-04-15T17:31:09","slug":"camera-tourelle-panasonic-aw-he-130-copy-copy-copy-copy-copy-copy-copy-copy-copy-copy","status":"publish","type":"product","link":"https:\/\/comlm.fr\/index.php\/produit\/camera-tourelle-panasonic-aw-he-130-copy-copy-copy-copy-copy-copy-copy-copy-copy-copy\/","title":{"rendered":"Syst\u00e8me de pr\u00e9sentation ANALOGWAY Aquilon RS4 AQL-RS4"},"content":{"rendered":"<p>ANALOGWAY Aquilon RS4 AQL-RS4<\/p>\n<p>L\u2019Aquilon RS4 est un syst\u00e8me de pr\u00e9sentation multi-\u00e9crans 4K\/8K critique et un processeur de mur d\u2019images avec 24 entr\u00e9es et 16 sorties, offrant des exp\u00e9riences de pr\u00e9sentation sans compromis \u00e0 la mise en sc\u00e8ne haut de gamme et \u00e0 l\u2019int\u00e9gration de syst\u00e8mes haut de gamme.<a href=\"https:\/\/s3.eu-west-3.amazonaws.com\/aw.store01\/Site+Internet\/Series\/LivePremier\/Products\/Aquilon+RS4\/Technical+Datasheet\/Aquilon-RS4-datasheet-en.pdf\">https:\/\/s3.eu-west-3.amazonaws.com\/aw.store01\/Site+Internet\/Series\/LivePremier\/Products\/Aquilon+RS4\/Technical+Datasheet\/Aquilon-RS4-datasheet-en.pdf<\/a><\/p>\n","protected":false},"excerpt":{"rendered":"<p>ANALOGWAY Aquilon RS4 AQL-RS4 L\u2019Aquilon RS4 est un syst\u00e8me de pr\u00e9sentation multi-\u00e9crans 4K\/8K critique et un processeur de mur d\u2019images avec 24 entr\u00e9es et 16 sorties, offrant des exp\u00e9riences de [&hellip;]<\/p>\n","protected":false},"featured_media":10989,"template":"","meta":[],"product_brand":[],"product_cat":[275,229],"product_tag":[],"class_list":{"0":"post-10988","1":"product","2":"type-product","3":"status-publish","4":"has-post-thumbnail","6":"product_cat-diffusion-serveurs","7":"product_cat-video","10":"first","11":"instock","12":"taxable","13":"shipping-taxable","14":"product-type-simple"},"aioseo_notices":[],"_links":{"self":[{"href":"https:\/\/comlm.fr\/index.php\/wp-json\/wp\/v2\/product\/10988","targetHints":{"allow":["GET"]}}],"collection":[{"href":"https:\/\/comlm.fr\/index.php\/wp-json\/wp\/v2\/product"}],"about":[{"href":"https:\/\/comlm.fr\/index.php\/wp-json\/wp\/v2\/types\/product"}],"version-history":[{"count":1,"href":"https:\/\/comlm.fr\/index.php\/wp-json\/wp\/v2\/product\/10988\/revisions"}],"predecessor-version":[{"id":10991,"href":"https:\/\/comlm.fr\/index.php\/wp-json\/wp\/v2\/product\/10988\/revisions\/10991"}],"wp:featuredmedia":[{"embeddable":true,"href":"https:\/\/comlm.fr\/index.php\/wp-json\/wp\/v2\/media\/10989"}],"wp:attachment":[{"href":"https:\/\/comlm.fr\/index.php\/wp-json\/wp\/v2\/media?parent=10988"}],"wp:term":[{"taxonomy":"product_brand","embeddable":true,"href":"https:\/\/comlm.fr\/index.php\/wp-json\/wp\/v2\/product_brand?post=10988"},{"taxonomy":"product_cat","embeddable":true,"href":"https:\/\/comlm.fr\/index.php\/wp-json\/wp\/v2\/product_cat?post=10988"},{"taxonomy":"product_tag","embeddable":true,"href":"https:\/\/comlm.fr\/index.php\/wp-json\/wp\/v2\/product_tag?post=10988"}],"curies":[{"name":"wp","href":"https:\/\/api.w.org\/{rel}","templated":true}]}}