{"id":10984,"date":"2025-04-15T18:47:15","date_gmt":"2025-04-15T16:47:15","guid":{"rendered":"https:\/\/comlm.fr\/?post_type=product&#038;p=10984"},"modified":"2025-04-15T18:57:27","modified_gmt":"2025-04-15T16:57:27","slug":"camera-tourelle-panasonic-aw-he-130-copy-copy-copy-copy-copy-copy-copy-copy-copy","status":"publish","type":"product","link":"https:\/\/comlm.fr\/index.php\/produit\/camera-tourelle-panasonic-aw-he-130-copy-copy-copy-copy-copy-copy-copy-copy-copy\/","title":{"rendered":"Gravity pied pour cam\u00e9ra Tourelle"},"content":{"rendered":"<p>Gravity pied pour cam\u00e9ra Tourelle<\/p>\n<p>Support cam\u00e9ra Tourelle<\/p>\n<p>Hauteur 2.40 m<\/p>\n<div class=\"left-item\">Masse Socle : 14 kg<\/div>\n<div>\n<div class=\"left-item\">R\u00e9sistance maximale : 20 kg<\/div>\n<div>\n<div class=\"left-item\">Mat\u00e9riau socle : Acier<\/div>\n<div>\n<div class=\"left-item\">Mat\u00e9riau Dispositif R\u00e9glage en Hauteur : Acier<\/div>\n<\/div>\n<\/div>\n<\/div>\n","protected":false},"excerpt":{"rendered":"<p>Gravity pied pour cam\u00e9ra Tourelle Support cam\u00e9ra Tourelle Hauteur 2.40 m Masse Socle : 14 kg R\u00e9sistance maximale : 20 kg Mat\u00e9riau socle : Acier Mat\u00e9riau Dispositif R\u00e9glage en Hauteur [&hellip;]<\/p>\n","protected":false},"featured_media":10985,"template":"","meta":[],"product_brand":[],"product_cat":[272,117,229],"product_tag":[],"class_list":{"0":"post-10984","1":"product","2":"type-product","3":"status-publish","4":"has-post-thumbnail","6":"product_cat-cameras","7":"product_cat-captation","8":"product_cat-video","11":"first","12":"instock","13":"taxable","14":"shipping-taxable","15":"product-type-simple"},"aioseo_notices":[],"_links":{"self":[{"href":"https:\/\/comlm.fr\/index.php\/wp-json\/wp\/v2\/product\/10984","targetHints":{"allow":["GET"]}}],"collection":[{"href":"https:\/\/comlm.fr\/index.php\/wp-json\/wp\/v2\/product"}],"about":[{"href":"https:\/\/comlm.fr\/index.php\/wp-json\/wp\/v2\/types\/product"}],"version-history":[{"count":1,"href":"https:\/\/comlm.fr\/index.php\/wp-json\/wp\/v2\/product\/10984\/revisions"}],"predecessor-version":[{"id":10987,"href":"https:\/\/comlm.fr\/index.php\/wp-json\/wp\/v2\/product\/10984\/revisions\/10987"}],"wp:featuredmedia":[{"embeddable":true,"href":"https:\/\/comlm.fr\/index.php\/wp-json\/wp\/v2\/media\/10985"}],"wp:attachment":[{"href":"https:\/\/comlm.fr\/index.php\/wp-json\/wp\/v2\/media?parent=10984"}],"wp:term":[{"taxonomy":"product_brand","embeddable":true,"href":"https:\/\/comlm.fr\/index.php\/wp-json\/wp\/v2\/product_brand?post=10984"},{"taxonomy":"product_cat","embeddable":true,"href":"https:\/\/comlm.fr\/index.php\/wp-json\/wp\/v2\/product_cat?post=10984"},{"taxonomy":"product_tag","embeddable":true,"href":"https:\/\/comlm.fr\/index.php\/wp-json\/wp\/v2\/product_tag?post=10984"}],"curies":[{"name":"wp","href":"https:\/\/api.w.org\/{rel}","templated":true}]}}