{"id":10979,"date":"2025-04-15T18:39:56","date_gmt":"2025-04-15T16:39:56","guid":{"rendered":"https:\/\/comlm.fr\/?post_type=product&#038;p=10979"},"modified":"2025-04-15T18:47:03","modified_gmt":"2025-04-15T16:47:03","slug":"camera-tourelle-panasonic-aw-he-130-copy-copy-copy-copy-copy-copy-copy-copy","status":"publish","type":"product","link":"https:\/\/comlm.fr\/index.php\/produit\/camera-tourelle-panasonic-aw-he-130-copy-copy-copy-copy-copy-copy-copy-copy\/","title":{"rendered":"Manfrotto Support Pied de cam\u00e9ra Rotule video 504X et tr\u00e9pied 645"},"content":{"rendered":"<h4 class=\"h1\">Manfrotto 504X et tr\u00e9pied 645<\/h4>\n<ul>\n<li>Syst\u00e8me de contrebalancement \u00e0 4 fonctions jusqu\u2019\u00e0 6,5 kg<\/li>\n<li>Base plate pour une polyvalence maximale<\/li>\n<li>Syst\u00e8me de verrouillage Fast et s\u00e9lecteurs d\u2019angle<\/li>\n<li>Demi-bol de 100 mm et adaptateur de 75 mm<\/li>\n<li>2 connecteurs Easy Link 3\/8&#8221; et verrouillage lat\u00e9ral du plateau<\/li>\n<li>Charge Admissible: 12kg<\/li>\n<li>Le tr\u00e9pied rapide 645 \u00e0 double tube en aluminium est \u00e9quip\u00e9 de leviers de verrouillage rapides pour vous offrir un support r\u00e9sistant et rapide \u00e0 installer. Le syst\u00e8me de verrouillage avec un levier unique par jambe permet aux vid\u00e9astes d\u2019ajuster la hauteur de la jambe en un seul geste et donc d\u2019installer le tr\u00e9pied en un temps record<\/li>\n<\/ul>\n","protected":false},"excerpt":{"rendered":"<p>Manfrotto 504X et tr\u00e9pied 645 Syst\u00e8me de contrebalancement \u00e0 4 fonctions jusqu\u2019\u00e0 6,5 kg Base plate pour une polyvalence maximale Syst\u00e8me de verrouillage Fast et s\u00e9lecteurs d\u2019angle Demi-bol de 100 [&hellip;]<\/p>\n","protected":false},"featured_media":10980,"template":"","meta":[],"product_brand":[],"product_cat":[272,117,229],"product_tag":[],"class_list":{"0":"post-10979","1":"product","2":"type-product","3":"status-publish","4":"has-post-thumbnail","6":"product_cat-cameras","7":"product_cat-captation","8":"product_cat-video","11":"first","12":"instock","13":"taxable","14":"shipping-taxable","15":"product-type-simple"},"aioseo_notices":[],"_links":{"self":[{"href":"https:\/\/comlm.fr\/index.php\/wp-json\/wp\/v2\/product\/10979","targetHints":{"allow":["GET"]}}],"collection":[{"href":"https:\/\/comlm.fr\/index.php\/wp-json\/wp\/v2\/product"}],"about":[{"href":"https:\/\/comlm.fr\/index.php\/wp-json\/wp\/v2\/types\/product"}],"version-history":[{"count":1,"href":"https:\/\/comlm.fr\/index.php\/wp-json\/wp\/v2\/product\/10979\/revisions"}],"predecessor-version":[{"id":10983,"href":"https:\/\/comlm.fr\/index.php\/wp-json\/wp\/v2\/product\/10979\/revisions\/10983"}],"wp:featuredmedia":[{"embeddable":true,"href":"https:\/\/comlm.fr\/index.php\/wp-json\/wp\/v2\/media\/10980"}],"wp:attachment":[{"href":"https:\/\/comlm.fr\/index.php\/wp-json\/wp\/v2\/media?parent=10979"}],"wp:term":[{"taxonomy":"product_brand","embeddable":true,"href":"https:\/\/comlm.fr\/index.php\/wp-json\/wp\/v2\/product_brand?post=10979"},{"taxonomy":"product_cat","embeddable":true,"href":"https:\/\/comlm.fr\/index.php\/wp-json\/wp\/v2\/product_cat?post=10979"},{"taxonomy":"product_tag","embeddable":true,"href":"https:\/\/comlm.fr\/index.php\/wp-json\/wp\/v2\/product_tag?post=10979"}],"curies":[{"name":"wp","href":"https:\/\/api.w.org\/{rel}","templated":true}]}}