{"id":10975,"date":"2025-04-15T18:32:29","date_gmt":"2025-04-15T16:32:29","guid":{"rendered":"https:\/\/comlm.fr\/?post_type=product&#038;p=10975"},"modified":"2025-04-15T18:36:39","modified_gmt":"2025-04-15T16:36:39","slug":"camera-tourelle-panasonic-aw-he-130-copy-copy-copy-copy-copy-copy-copy","status":"publish","type":"product","link":"https:\/\/comlm.fr\/index.php\/produit\/camera-tourelle-panasonic-aw-he-130-copy-copy-copy-copy-copy-copy-copy\/","title":{"rendered":"Panneau de commande \u00e0 distance pour cam\u00e9ras SONY BRC"},"content":{"rendered":"<h4 class=\"h1\">Sony RM IP500<\/h4>\n<p>Cette t\u00e9l\u00e9commande compacte est dot\u00e9e d&#8217;un joystick de haute qualit\u00e9 qui permet de r\u00e9gler le zoom et les param\u00e8tres Pan\/Tilt d&#8217;une seule main sur les cam\u00e9ras mobiles Sony compatibles. Le zoom peut \u00e9galement \u00eatre contr\u00f4l\u00e9 \u00e0 distance \u00e0 l&#8217;aide du joystick ou d&#8217;une bascule de zoom suppl\u00e9mentaire ; des boutons d\u00e9di\u00e9s et des touches de commande offrent, en outre, un acc\u00e8s direct et facile aux fonctions de la cam\u00e9ra les plus utilis\u00e9es.<\/p>\n<p>La t\u00e9l\u00e9commande RM-IP500 simplifie et rationalise les syst\u00e8mes de cr\u00e9ation de contenu multi-cam\u00e9ras pour une grande vari\u00e9t\u00e9 d&#8217;applications : des \u00e9v\u00e9nements live aux salles de conf\u00e9rence, en passant par les studios de broadcast, l&#8217;enseignement ou encore les lieux de culte.<\/p>\n<p>La vitesse de d\u00e9placement peut \u00eatre ajust\u00e9e (de lent \u00e0 rapide) pour un r\u00e9sultat de qualit\u00e9 professionnelle plus travaill\u00e9. Jusqu&#8217;\u00e0 100* combinaisons d&#8217;angles et de param\u00e8tres peuvent \u00eatre enregistr\u00e9s comme pr\u00e9r\u00e9glages. La fonction Trace Memory* permet de sauvegarder et de rappeler une s\u00e9quence de mouvements de cam\u00e9ra sur commande.<\/p>\n<p>Il est possible de contr\u00f4ler jusqu&#8217;\u00e0 100 cam\u00e9ras mobiles distantes Sony (s\u00e9rie BRC ou SRG) sur un r\u00e9seau IP standard. L&#8217;installation est tr\u00e8s simple : la t\u00e9l\u00e9commande attribue automatiquement des adresses IP aux cam\u00e9ras mobiles Sony connect\u00e9es au r\u00e9seau et assigne un num\u00e9ro \u00e0 chacune.<\/p>\n<p>Les mod\u00e8les de cam\u00e9ra mobile distante Sony suivants sont enti\u00e8rement compatibles : BRC-X1000, BRC-H900, BRC-H800 et SRG-360SHE.<\/p>\n<p>La t\u00e9l\u00e9commande RM-IP500 est un partenaire de choix pour le syst\u00e8me Live Producer multi-cam\u00e9ras MCX-500 de Sony, qui propose une solution compl\u00e8te d&#8217;enregistrement SD avec diffusion sur IP pour un large \u00e9ventail d&#8217;applications de production du contenu.<\/p>\n","protected":false},"excerpt":{"rendered":"<p>Sony RM IP500 Cette t\u00e9l\u00e9commande compacte est dot\u00e9e d&#8217;un joystick de haute qualit\u00e9 qui permet de r\u00e9gler le zoom et les param\u00e8tres Pan\/Tilt d&#8217;une seule main sur les cam\u00e9ras mobiles [&hellip;]<\/p>\n","protected":false},"featured_media":10976,"template":"","meta":[],"product_brand":[],"product_cat":[272,117,229],"product_tag":[],"class_list":{"0":"post-10975","1":"product","2":"type-product","3":"status-publish","4":"has-post-thumbnail","6":"product_cat-cameras","7":"product_cat-captation","8":"product_cat-video","11":"first","12":"instock","13":"taxable","14":"shipping-taxable","15":"product-type-simple"},"aioseo_notices":[],"_links":{"self":[{"href":"https:\/\/comlm.fr\/index.php\/wp-json\/wp\/v2\/product\/10975","targetHints":{"allow":["GET"]}}],"collection":[{"href":"https:\/\/comlm.fr\/index.php\/wp-json\/wp\/v2\/product"}],"about":[{"href":"https:\/\/comlm.fr\/index.php\/wp-json\/wp\/v2\/types\/product"}],"version-history":[{"count":1,"href":"https:\/\/comlm.fr\/index.php\/wp-json\/wp\/v2\/product\/10975\/revisions"}],"predecessor-version":[{"id":10978,"href":"https:\/\/comlm.fr\/index.php\/wp-json\/wp\/v2\/product\/10975\/revisions\/10978"}],"wp:featuredmedia":[{"embeddable":true,"href":"https:\/\/comlm.fr\/index.php\/wp-json\/wp\/v2\/media\/10976"}],"wp:attachment":[{"href":"https:\/\/comlm.fr\/index.php\/wp-json\/wp\/v2\/media?parent=10975"}],"wp:term":[{"taxonomy":"product_brand","embeddable":true,"href":"https:\/\/comlm.fr\/index.php\/wp-json\/wp\/v2\/product_brand?post=10975"},{"taxonomy":"product_cat","embeddable":true,"href":"https:\/\/comlm.fr\/index.php\/wp-json\/wp\/v2\/product_cat?post=10975"},{"taxonomy":"product_tag","embeddable":true,"href":"https:\/\/comlm.fr\/index.php\/wp-json\/wp\/v2\/product_tag?post=10975"}],"curies":[{"name":"wp","href":"https:\/\/api.w.org\/{rel}","templated":true}]}}