{"id":10968,"date":"2025-04-15T18:02:22","date_gmt":"2025-04-15T16:02:22","guid":{"rendered":"https:\/\/comlm.fr\/?post_type=product&#038;p=10968"},"modified":"2025-04-15T18:08:26","modified_gmt":"2025-04-15T16:08:26","slug":"camera-tourelle-panasonic-aw-he-130-copy-copy-copy-copy-copy","status":"publish","type":"product","link":"https:\/\/comlm.fr\/index.php\/produit\/camera-tourelle-panasonic-aw-he-130-copy-copy-copy-copy-copy\/","title":{"rendered":"BRC-X1000\/AC Cam\u00e9ra robotis\u00e9e 4 K"},"content":{"rendered":"<p>Capturez \u00e0 distance des images 4K de qualit\u00e9 broadcast avec un PTZ fluide et silencieux et une excellente sensibilit\u00e9 en basse lumi\u00e8re<\/p>\n<p>La BRC-X1000 est la premi\u00e8re cam\u00e9ra \u00e0 distance 4K de Sony, combinant une qualit\u00e9 d\u2019image broadcast sans compromis et un fonctionnement PTZ fluide et silencieux avec la flexibilit\u00e9 des connexions 3G-SDI et HDMI.<\/p>\n<p>De nouvelles fonctionnalit\u00e9s de l\u2019appareil photo et des am\u00e9liorations des performances peuvent \u00eatre ajout\u00e9es via des mises \u00e0 jour du micrologiciel sur IP.<\/p>\n<p>Capteur d\u2019image 1 type Exmor R CMOS<br \/>\nCapteur d\u2019image (nombre de pixels effectifs) env. 14,2 m\u00e9gapixels<br \/>\nSyst\u00e8me de signal 2160 \/ 29.97P, 1080 \/ 59.94P, 1080 \/ 59.94I, 720 \/ 59,94P,<br \/>\n2160\/25P, 1080\/50P, 1080\/50I, 720\/50P<br \/>\n\u00c9clairage minimum 1,7 Lx<br \/>\n(50IRE, 1\/30s, Iris\/Gain Auto)<br \/>\nGain Auto\/Manuel (-3 dB \u00e0 +33 dB)<br \/>\nVitesse d\u2019obturation 1\/10000s \u00e0 1\/8 (59.94\/29.97)<br \/>\n1\/10000s \u00e0 1\/6 (50\/25)<br \/>\nContr\u00f4le de l\u2019exposition Auto, Manuel, Mode prioritaire (priorit\u00e9 \u00e0 l\u2019obturateur, priorit\u00e9 au diaphragme, priorit\u00e9 au gain), compensation EV, contre-jour, lumi\u00e8re spot<br \/>\nBalance des blancs Auto1\/Auto2\/One Push\/Int\u00e9rieur\/Ext\u00e9rieur\/Manuelle<br \/>\nZoom optique 12x<br \/>\nZoom d\u2019image claire 2x<br \/>\n*1,5x \u00e0 la r\u00e9solution 4K<\/p>\n<p>Syst\u00e8me de mise au point Auto\/Manuel<br \/>\nAngle de vision horizontal 64,6\u00b0 (extr\u00e9mit\u00e9 large)<br \/>\nDistance focale f=9,3 \u00e0 111,6 mm<br \/>\nF2.8 (grand-angle), F4.5 (t\u00e9l\u00e9objectif)<br \/>\nAngle de panoramique\/inclinaison Panoramique : \u00b1170\u00b0<br \/>\nInclinaison : +90\u00b0\/-30\u00b0<br \/>\nVitesse de panoramique\/inclinaison Panoramique : 0,3\u00b0 \u00e0 60\u00b0\/s<br \/>\nInclinaison : 0,3\u00b0 \u00e0 60\u00b0\/s<br \/>\nPosition pr\u00e9r\u00e9gl\u00e9e 16*<br \/>\nJour\/Nuit Oui<br \/>\nAnnulation du scintillement On\/Off<br \/>\nSortie vid\u00e9o 4K Dual link 3G-SDI x2 et HDMI<br \/>\nSortie vid\u00e9o HD 3G-SDI x2 et HDMI<br \/>\nInterface de contr\u00f4le de la cam\u00e9ra RS-422 (VISCA)<br \/>\nVISCA sur IP<br \/>\nSynchronisation externe. Entr\u00e9e Oui<br \/>\nExigences d\u2019alimentation DC 10,8 V \u00e0 13,2 V, conforme \u00e0 PoE+(conforme \u00e0 IEEE802.3at)<br \/>\nTemp\u00e9rature de fonctionnement 0 \u00b0C \u00e0 40 \u00b0C<br \/>\n32 \u00b0F \u00e0 104 \u00b0F<\/p>\n<p>Dimensions (L x H x P)*1 Environ 198 x 260 x 238 mm<br \/>\n(sans objet projet\u00e9)<br \/>\nEnviron 7 7\/8 x 10 1\/4 x 9 3\/8 pouces<br \/>\n(sans objet projet\u00e9)<br \/>\nPoids env. 4,3 kg<br \/>\nEnviron 9 lb 7,7 oz<br \/>\nCouleur du corps Noir<br \/>\nMontage au plafond Oui<\/p>\n","protected":false},"excerpt":{"rendered":"<p>Capturez \u00e0 distance des images 4K de qualit\u00e9 broadcast avec un PTZ fluide et silencieux et une excellente sensibilit\u00e9 en basse lumi\u00e8re La BRC-X1000 est la premi\u00e8re cam\u00e9ra \u00e0 distance [&hellip;]<\/p>\n","protected":false},"featured_media":10969,"template":"","meta":[],"product_brand":[],"product_cat":[272,117,229],"product_tag":[],"class_list":{"0":"post-10968","1":"product","2":"type-product","3":"status-publish","4":"has-post-thumbnail","6":"product_cat-cameras","7":"product_cat-captation","8":"product_cat-video","11":"first","12":"instock","13":"taxable","14":"shipping-taxable","15":"product-type-simple"},"aioseo_notices":[],"_links":{"self":[{"href":"https:\/\/comlm.fr\/index.php\/wp-json\/wp\/v2\/product\/10968","targetHints":{"allow":["GET"]}}],"collection":[{"href":"https:\/\/comlm.fr\/index.php\/wp-json\/wp\/v2\/product"}],"about":[{"href":"https:\/\/comlm.fr\/index.php\/wp-json\/wp\/v2\/types\/product"}],"version-history":[{"count":1,"href":"https:\/\/comlm.fr\/index.php\/wp-json\/wp\/v2\/product\/10968\/revisions"}],"predecessor-version":[{"id":10971,"href":"https:\/\/comlm.fr\/index.php\/wp-json\/wp\/v2\/product\/10968\/revisions\/10971"}],"wp:featuredmedia":[{"embeddable":true,"href":"https:\/\/comlm.fr\/index.php\/wp-json\/wp\/v2\/media\/10969"}],"wp:attachment":[{"href":"https:\/\/comlm.fr\/index.php\/wp-json\/wp\/v2\/media?parent=10968"}],"wp:term":[{"taxonomy":"product_brand","embeddable":true,"href":"https:\/\/comlm.fr\/index.php\/wp-json\/wp\/v2\/product_brand?post=10968"},{"taxonomy":"product_cat","embeddable":true,"href":"https:\/\/comlm.fr\/index.php\/wp-json\/wp\/v2\/product_cat?post=10968"},{"taxonomy":"product_tag","embeddable":true,"href":"https:\/\/comlm.fr\/index.php\/wp-json\/wp\/v2\/product_tag?post=10968"}],"curies":[{"name":"wp","href":"https:\/\/api.w.org\/{rel}","templated":true}]}}