{"id":10964,"date":"2025-04-15T17:51:12","date_gmt":"2025-04-15T15:51:12","guid":{"rendered":"https:\/\/comlm.fr\/?post_type=product&#038;p=10964"},"modified":"2025-04-15T18:02:10","modified_gmt":"2025-04-15T16:02:10","slug":"camera-tourelle-panasonic-aw-he-130-copy-copy-copy-copy","status":"publish","type":"product","link":"https:\/\/comlm.fr\/index.php\/produit\/camera-tourelle-panasonic-aw-he-130-copy-copy-copy-copy\/","title":{"rendered":"BRC-H800 Cam\u00e9ra robotis\u00e9e Full HD zoom x12 Blanche"},"content":{"rendered":"<h3>BRC-H800 Cam\u00e9ra Tourelle robotis\u00e9e Full HD<\/h3>\n<p>La cam\u00e9ra \u00e0 distance BRC-H800W (couleur blanche) combine une qualit\u00e9 d\u2019image broadcast sans compromis et un fonctionnement PTZ fluide et silencieux avec la flexibilit\u00e9 des connexions 3G-SDI et HDMI. Livr\u00e9 avec alimentation.<br \/>\nCon\u00e7ue pour un fonctionnement sans surveillance, cette cam\u00e9ra robotis\u00e9e compacte mais puissante est un compl\u00e9ment id\u00e9al aux autres cam\u00e9ras broadcast pour capturer des images dans des positions difficiles d\u2019acc\u00e8s ou discr\u00e8tes. Il est aussi \u00e0 l\u2019aise dans les salles de r\u00e9daction t\u00e9l\u00e9vis\u00e9es, les studios \u00e9loign\u00e9s et les suites \u00e0 l\u2019antenne, les auditoriums, les lieux de culte, les salles d\u2019audience ou les stades sportifs. Il est \u00e9galement particuli\u00e8rement adapt\u00e9 aux configurations multi-cam\u00e9ras efficaces, sous le contr\u00f4le d\u2019un seul op\u00e9rateur.<\/p>\n<p>Le capteur d\u2019image CMOS Exmor R de type 1 pouce capture des images Full HD nettes et \u00e0 faible bruit \u00e0 60p, avec une excellente sensibilit\u00e9 en basse lumi\u00e8re. Le grand capteur d\u2019image permet \u00e9galement de cr\u00e9er de magnifiques effets \u00ab bokeh \u00bb avec une faible profondeur de champ pour s\u2019adapter \u00e0 toute intention artistique.<\/p>\n<p>Le fonctionnement PTZ rapide et quasi silencieux avec zoom optique 12x s\u2019adapte aux sc\u00e8nes grand angle et aux gros plans \u00e9troitement cadr\u00e9s, tandis que le zoom Clear Image 24x (HD) \u00e9tend encore plus cette plage sans perte de r\u00e9solution visible. Les caract\u00e9ristiques adapt\u00e9es \u00e0 la diffusion comprennent deux lampes tally pour un fonctionnement \u00e0 l\u2019antenne, tandis que la flexibilit\u00e9 op\u00e9rationnelle est am\u00e9lior\u00e9e avec des options de montage au plafond, sur table ou sur tr\u00e9pied. Il existe \u00e9galement un large \u00e9ventail de possibilit\u00e9s d\u2019interface vid\u00e9o et de contr\u00f4le \u00e0 distance, ainsi que la prise en charge de PoE+ et genlock, pour une int\u00e9gration fluide dans n\u2019importe quel environnement audiovisuel de diffusion, professionnel ou d\u2019entreprise. Capteur d\u2019image : 1 type Exmor R Capteur d\u2019image CMOS (nombre de pixels effectifs) : env. 1420 m\u00e9gapixels Syst\u00e8me de signal : \u00a0: 1080\/59.94P, 1080\/59.94I, 720\/59,94P, 1080\/50P, 1080\/50I, 720\/50P \u00c9clairage minimum : 1.7Lx (50IRE, 1\/30s, Iris\/Gain Auto) Gain : Auto\/Manuel (-3dB \u00e0 +33dB) Vitesse d\u2019obturation : 1\/10000s \u00e0 1\/8 (59.94\/29.97) 1\/10000s \u00e0 1\/6 (50\/25) Contr\u00f4le de l\u2019exposition : Auto, Manuel, Mode prioritaire (priorit\u00e9 \u00e0 l\u2019obturateur, priorit\u00e9 \u00e0 l\u2019iris, priorit\u00e9 au gain), compensation EV, Contre-jour, Spot Balance des blancs : Auto1\/Auto2\/One Push\/Int\u00e9rieur\/Ext\u00e9rieur\/Manuel. Zoom optique : 12x Clear Image Zoom : 2x Syst\u00e8me de mise au point : Auto\/Manuel Angle de vision horizontal : 64.6\u00b0 (grand-angle) Distance focale : f=9.3 \u00e0 111.6mm &#8211; F2.8 (grand-angle), f4.5 (t\u00e9l\u00e9objectif) Angle panoramique\/d\u2019inclinaison : Panoramique : \u00b1170\u00b0 &#8211; Inclinaison : +90\u00b0\/-30\u00b0 Vitesse panoramique\/d\u2019inclinaison Panoramique : 0,3\u00b0 \u00e0 60\u00b0\/s &#8211; Inclinaison : 0,3\u00b0 \u00e0 60\u00b0\/s Position pr\u00e9r\u00e9gl\u00e9e : 16 Jour\/Nuit : Oui Annulation du scintillement : Activ\u00e9\/D\u00e9sactiv\u00e9<\/p>\n","protected":false},"excerpt":{"rendered":"<p>BRC-H800 Cam\u00e9ra Tourelle robotis\u00e9e Full HD La cam\u00e9ra \u00e0 distance BRC-H800W (couleur blanche) combine une qualit\u00e9 d\u2019image broadcast sans compromis et un fonctionnement PTZ fluide et silencieux avec la flexibilit\u00e9 [&hellip;]<\/p>\n","protected":false},"featured_media":10965,"template":"","meta":[],"product_brand":[],"product_cat":[272,117,229],"product_tag":[],"class_list":{"0":"post-10964","1":"product","2":"type-product","3":"status-publish","4":"has-post-thumbnail","6":"product_cat-cameras","7":"product_cat-captation","8":"product_cat-video","11":"first","12":"instock","13":"taxable","14":"shipping-taxable","15":"product-type-simple"},"aioseo_notices":[],"_links":{"self":[{"href":"https:\/\/comlm.fr\/index.php\/wp-json\/wp\/v2\/product\/10964","targetHints":{"allow":["GET"]}}],"collection":[{"href":"https:\/\/comlm.fr\/index.php\/wp-json\/wp\/v2\/product"}],"about":[{"href":"https:\/\/comlm.fr\/index.php\/wp-json\/wp\/v2\/types\/product"}],"version-history":[{"count":1,"href":"https:\/\/comlm.fr\/index.php\/wp-json\/wp\/v2\/product\/10964\/revisions"}],"predecessor-version":[{"id":10967,"href":"https:\/\/comlm.fr\/index.php\/wp-json\/wp\/v2\/product\/10964\/revisions\/10967"}],"wp:featuredmedia":[{"embeddable":true,"href":"https:\/\/comlm.fr\/index.php\/wp-json\/wp\/v2\/media\/10965"}],"wp:attachment":[{"href":"https:\/\/comlm.fr\/index.php\/wp-json\/wp\/v2\/media?parent=10964"}],"wp:term":[{"taxonomy":"product_brand","embeddable":true,"href":"https:\/\/comlm.fr\/index.php\/wp-json\/wp\/v2\/product_brand?post=10964"},{"taxonomy":"product_cat","embeddable":true,"href":"https:\/\/comlm.fr\/index.php\/wp-json\/wp\/v2\/product_cat?post=10964"},{"taxonomy":"product_tag","embeddable":true,"href":"https:\/\/comlm.fr\/index.php\/wp-json\/wp\/v2\/product_tag?post=10964"}],"curies":[{"name":"wp","href":"https:\/\/api.w.org\/{rel}","templated":true}]}}