{"id":10955,"date":"2025-04-15T17:42:57","date_gmt":"2025-04-15T15:42:57","guid":{"rendered":"https:\/\/comlm.fr\/?post_type=product&#038;p=10955"},"modified":"2025-04-15T17:46:27","modified_gmt":"2025-04-15T15:46:27","slug":"camera-tourelle-panasonic-aw-he-130-copy-copy","status":"publish","type":"product","link":"https:\/\/comlm.fr\/index.php\/produit\/camera-tourelle-panasonic-aw-he-130-copy-copy\/","title":{"rendered":"Contr\u00f4leur de cam\u00e9ra \u00e0 distance avec \u00e9cran tactile &#8211; AW-RP150 Panasonic"},"content":{"rendered":"<h3><strong>AW-RP150 Panasonic<\/strong><\/h3>\n<p>Le contr\u00f4leur de cam\u00e9ra \u00e0 distance AW-RP150 sera le prochain \u00e0 venir compl\u00e9ter la large gamme de cam\u00e9ras PTZ professionnelles Panasonic. Ce contr\u00f4leur pr\u00e9sente les m\u00eames fonctionnalit\u00e9s que les AW-RP120 et AW-RP50 tout en apportant des am\u00e9liorations significatives par rapport \u00e0 ces mod\u00e8les, dont une nouvelle manette permettant une utilisation d\u2019une seule main (pour le contr\u00f4le PTZ ou la mise au point) et un grand \u00e9cran LCD tactile pour les commandes et le param\u00e9trage des menus.<\/p>\n<p>Un levier \u00e0 bascule mont\u00e9 sur la manette permet de r\u00e9aliser des op\u00e9rations de rotation et d\u2019inclinaison du zoom et de la mise au point ainsi que des op\u00e9rations intuitives d\u2019une seule main.<br \/>\nToutes les fonctions essentielles de la cam\u00e9ra peuvent \u00eatre g\u00e9r\u00e9es rapidement et en toute simplicit\u00e9 depuis l\u2019\u00e9cran tactile int\u00e9gr\u00e9.<\/p>\n<p><strong>Caract\u00e9ristiques AW-UE150K<\/strong><\/p>\n<ul>\n<li>Alimentation \u00e9lectrique requise : 12 V DC (10,8 V \u00e0 13,2 V)<\/li>\n<li>PoE+++ : IEEE802.3 en standard : DC 42 V \u00e0 57 V (entr\u00e9e cam\u00e9ra)<\/li>\n<li>Consommation actuelle : 1,0 A (entr\u00e9e connecteur) 0,6 A (alimentation PoE+)<\/li>\n<li>Temp\u00e9rature ambiante de fonctionnement : 0 \u00b0C \u00e0 40 \u00b0C (32 \u00b0F \u00e0 104 \u00b0F)<\/li>\n<li>Humidit\u00e9 ambiante de fonctionnement : 20% \u00e0 90% (sans condensation)<\/li>\n<li>Temp\u00e9rature de stockage : -20 \u00b0C \u00e0 50 \u00b0C (-4 \u00b0F \u00e0 122 \u00b0F)<\/li>\n<li>Poids approximatif : 3,2 kg (7,05 lb)<\/li>\n<li>Dimensions (L x H x P) (mm) : 342 mm x 178 mm x 245 mm (hors saillies)<\/li>\n<\/ul>\n","protected":false},"excerpt":{"rendered":"<p>AW-RP150 Panasonic Le contr\u00f4leur de cam\u00e9ra \u00e0 distance AW-RP150 sera le prochain \u00e0 venir compl\u00e9ter la large gamme de cam\u00e9ras PTZ professionnelles Panasonic. Ce contr\u00f4leur pr\u00e9sente les m\u00eames fonctionnalit\u00e9s que [&hellip;]<\/p>\n","protected":false},"featured_media":10956,"template":"","meta":[],"product_brand":[],"product_cat":[272,117,229],"product_tag":[],"class_list":{"0":"post-10955","1":"product","2":"type-product","3":"status-publish","4":"has-post-thumbnail","6":"product_cat-cameras","7":"product_cat-captation","8":"product_cat-video","11":"first","12":"instock","13":"taxable","14":"shipping-taxable","15":"product-type-simple"},"aioseo_notices":[],"_links":{"self":[{"href":"https:\/\/comlm.fr\/index.php\/wp-json\/wp\/v2\/product\/10955","targetHints":{"allow":["GET"]}}],"collection":[{"href":"https:\/\/comlm.fr\/index.php\/wp-json\/wp\/v2\/product"}],"about":[{"href":"https:\/\/comlm.fr\/index.php\/wp-json\/wp\/v2\/types\/product"}],"version-history":[{"count":1,"href":"https:\/\/comlm.fr\/index.php\/wp-json\/wp\/v2\/product\/10955\/revisions"}],"predecessor-version":[{"id":10959,"href":"https:\/\/comlm.fr\/index.php\/wp-json\/wp\/v2\/product\/10955\/revisions\/10959"}],"wp:featuredmedia":[{"embeddable":true,"href":"https:\/\/comlm.fr\/index.php\/wp-json\/wp\/v2\/media\/10956"}],"wp:attachment":[{"href":"https:\/\/comlm.fr\/index.php\/wp-json\/wp\/v2\/media?parent=10955"}],"wp:term":[{"taxonomy":"product_brand","embeddable":true,"href":"https:\/\/comlm.fr\/index.php\/wp-json\/wp\/v2\/product_brand?post=10955"},{"taxonomy":"product_cat","embeddable":true,"href":"https:\/\/comlm.fr\/index.php\/wp-json\/wp\/v2\/product_cat?post=10955"},{"taxonomy":"product_tag","embeddable":true,"href":"https:\/\/comlm.fr\/index.php\/wp-json\/wp\/v2\/product_tag?post=10955"}],"curies":[{"name":"wp","href":"https:\/\/api.w.org\/{rel}","templated":true}]}}