{"id":10949,"date":"2025-04-15T17:33:33","date_gmt":"2025-04-15T15:33:33","guid":{"rendered":"https:\/\/comlm.fr\/?post_type=product&#038;p=10949"},"modified":"2025-04-15T17:42:43","modified_gmt":"2025-04-15T15:42:43","slug":"camera-tourelle-panasonic-aw-he-130-copy","status":"publish","type":"product","link":"https:\/\/comlm.fr\/index.php\/produit\/camera-tourelle-panasonic-aw-he-130-copy\/","title":{"rendered":"Cam\u00e9ra Tourelle AW-UE150K Panasonic &#8211; Cam\u00e9ra PTZ professionnelle 4K 50p"},"content":{"rendered":"<p>AW-UE150K Panasonic &#8211; Cam\u00e9ra PTZ professionnelle 4K 50p<\/p>\n<p><strong>Prise de vue haute qualit\u00e9 4K 50p*1<br \/>\n<\/strong><\/p>\n<p>Sortie 4K 3840 x 2160 et prise de vue 59.94p\/50p*1 pour une vid\u00e9o particuli\u00e8rement fluide, m\u00eame pour des \u00e9v\u00e8nements sportifs en direct ou autres, lors desquels la cam\u00e9ra doit capturer des mouvements rapides.<\/p>\n<p><strong>Capteur MOS de type 1 mont\u00e9<\/strong><\/p>\n<p>Le large capteur MOS de type 1 permet de filmer avec une sensibilit\u00e9 \u00e9lev\u00e9e et un faible bruit. Le capteur permet de capter environ 4 fois plus de lumi\u00e8re qu\u2019avec un capteur de type 1\/2.3, ce qui garantit une large plage dynamique.<\/p>\n<p><strong>Zoom optique 20x \/ angle de vue horizontal large de 75,1\u00b0<\/strong><\/p>\n<p>Zoom optique 20 compl\u00e9t\u00e9 par un \u00ab iZoom \u00bb pour garantir une r\u00e9solution \u00e9lev\u00e9e et parfaitement claire m\u00eame des sujets \u00e9loign\u00e9s. Combin\u00e9 \u00e0 un angle de vue horizontal large de 75,1\u00b0, permettant de capturer la totalit\u00e9 de la zone m\u00eame lorsque la cam\u00e9ra est install\u00e9e dans un espace r\u00e9duit.<\/p>\n<p><strong>Format de sortie<\/strong><\/p>\n<p>4K: 2160\/59.94p, 2160\/50p, 2160\/29.97p*, 2160\/25p*, 2160\/24p*, 2160\/23.98p*<br \/>\nHD: 1080\/59.94p, 1080\/50p, 1080\/29.97p*, 1080\/29.97PsF, 1080\/25p*, 1080\/25PsF, 1080\/23.98p over 59.94i, 1080\/24p*, 1080\/23.98p*, 1080\/23.98PsF, 1080\/59.94i, 1080\/50i, 720\/59.94p, 720\/50p<\/p>\n<p><strong>Caract\u00e9ristiques AW-UE150K<\/strong><\/p>\n<ul>\n<li>Alimentation \u00e9lectrique requise : 12 V DC (10,8 V \u00e0 13,2 V)<\/li>\n<li>PoE+++ : IEEE802.3 en standard : DC 42 V \u00e0 57 V (entr\u00e9e cam\u00e9ra)<\/li>\n<li>Consommation actuelle : 4,0 A (entr\u00e9e connecteur) 1,2 A (alimentation PoE+)<\/li>\n<li>Temp\u00e9rature ambiante de fonctionnement : 0 \u00b0C \u00e0 40 \u00b0C (32 \u00b0F \u00e0 104 \u00b0F)<\/li>\n<li>Humidit\u00e9 ambiante de fonctionnement : 20% \u00e0 90% (sans condensation)<\/li>\n<li>Temp\u00e9rature de stockage : -20 \u00b0C \u00e0 50 \u00b0C (-4 \u00b0F \u00e0 122 \u00b0F)<\/li>\n<li>Poids approximatif :\u00a04,2 kg (9,24 lb)<\/li>\n<li>Dimensions (L x H x P) (mm) : 213 mm x 267 mm x 219 mm (hors saillies)<\/li>\n<\/ul>\n","protected":false},"excerpt":{"rendered":"<p>AW-UE150K Panasonic &#8211; Cam\u00e9ra PTZ professionnelle 4K 50p Prise de vue haute qualit\u00e9 4K 50p*1 Sortie 4K 3840 x 2160 et prise de vue 59.94p\/50p*1 pour une vid\u00e9o particuli\u00e8rement fluide, [&hellip;]<\/p>\n","protected":false},"featured_media":10950,"template":"","meta":[],"product_brand":[],"product_cat":[272,117,229],"product_tag":[],"class_list":{"0":"post-10949","1":"product","2":"type-product","3":"status-publish","4":"has-post-thumbnail","6":"product_cat-cameras","7":"product_cat-captation","8":"product_cat-video","11":"first","12":"instock","13":"taxable","14":"shipping-taxable","15":"product-type-simple"},"aioseo_notices":[],"_links":{"self":[{"href":"https:\/\/comlm.fr\/index.php\/wp-json\/wp\/v2\/product\/10949","targetHints":{"allow":["GET"]}}],"collection":[{"href":"https:\/\/comlm.fr\/index.php\/wp-json\/wp\/v2\/product"}],"about":[{"href":"https:\/\/comlm.fr\/index.php\/wp-json\/wp\/v2\/types\/product"}],"version-history":[{"count":1,"href":"https:\/\/comlm.fr\/index.php\/wp-json\/wp\/v2\/product\/10949\/revisions"}],"predecessor-version":[{"id":10954,"href":"https:\/\/comlm.fr\/index.php\/wp-json\/wp\/v2\/product\/10949\/revisions\/10954"}],"wp:featuredmedia":[{"embeddable":true,"href":"https:\/\/comlm.fr\/index.php\/wp-json\/wp\/v2\/media\/10950"}],"wp:attachment":[{"href":"https:\/\/comlm.fr\/index.php\/wp-json\/wp\/v2\/media?parent=10949"}],"wp:term":[{"taxonomy":"product_brand","embeddable":true,"href":"https:\/\/comlm.fr\/index.php\/wp-json\/wp\/v2\/product_brand?post=10949"},{"taxonomy":"product_cat","embeddable":true,"href":"https:\/\/comlm.fr\/index.php\/wp-json\/wp\/v2\/product_cat?post=10949"},{"taxonomy":"product_tag","embeddable":true,"href":"https:\/\/comlm.fr\/index.php\/wp-json\/wp\/v2\/product_tag?post=10949"}],"curies":[{"name":"wp","href":"https:\/\/api.w.org\/{rel}","templated":true}]}}