{"id":10940,"date":"2025-04-15T17:21:29","date_gmt":"2025-04-15T15:21:29","guid":{"rendered":"https:\/\/comlm.fr\/?post_type=product&#038;p=10940"},"modified":"2025-04-15T17:25:09","modified_gmt":"2025-04-15T15:25:09","slug":"copy-3-copy-copy-copy-3-copy","status":"publish","type":"product","link":"https:\/\/comlm.fr\/index.php\/produit\/copy-3-copy-copy-copy-3-copy\/","title":{"rendered":"HyperDeck Extreme Control"},"content":{"rendered":"<h3>Blackmagic -HyperDeck Extreme Control<\/h3>\n<p>L\u2019HyperDeck Extreme Control ajoute des commandes traditionnelles d\u2019enregistreurs broadcast \u00e0\u00a0l\u2019HyperDeck Extreme\u00a08K. Il\u00a0fonctionne comme un enregistreur broadcast traditionnel, au design familier. Contr\u00f4lez jusqu\u2019\u00e0 8\u00a0enregistreurs via le\u00a0<span class=\"nb\">contr\u00f4le RS-422.<\/span><\/p>\n<h3>Connexions<\/h3>\n<ul>\n<li>Entr\u00e9es vid\u00e9o SDI: 4<\/li>\n<li>Sorties vid\u00e9o SDI: 5 (12G\u2011SDI A,B,C,D et sortie moniteur 3G\u2011SDI)<\/li>\n<li>D\u00e9bits SDI: 270Mb, 1.5G, 3G, 6G, 12G.<\/li>\n<li>Entr\u00e9es vid\u00e9o HDMI 2.0: 1<\/li>\n<li>Sorties vid\u00e9o HDMI 2.0: 1<\/li>\n<li>Entr\u00e9es vid\u00e9o analogiques: 1 x composante YUV sur 3 BNC,, 1 x composite NTSC\/PAL sur 1 BNC.<\/li>\n<li>Sorties vid\u00e9o analogiques: Aucune.<\/li>\n<li>Entr\u00e9es audio analogiques: 4 canaux audio sym\u00e9trique analogique professionnels via les connecteurs XLR et 2 canaux audio asym\u00e9trique grand public via les connecteurs RCA.<\/li>\n<li>Haut-parleur int\u00e9gr\u00e9: Mono<\/li>\n<li>\u00c9cran: 7 pouces 1920 x 1200. LCD HDR 100% DCI-P3 2000 nit<\/li>\n<li>Connexions timecode: 1 x entr\u00e9e XLR et 1 x sortie XLR.<\/li>\n<li>Entr\u00e9e de r\u00e9f\u00e9rence: Tri-Sync ou Black Burst.<\/li>\n<\/ul>\n","protected":false},"excerpt":{"rendered":"<p>Blackmagic -HyperDeck Extreme Control L\u2019HyperDeck Extreme Control ajoute des commandes traditionnelles d\u2019enregistreurs broadcast \u00e0\u00a0l\u2019HyperDeck Extreme\u00a08K. Il\u00a0fonctionne comme un enregistreur broadcast traditionnel, au design familier. Contr\u00f4lez jusqu\u2019\u00e0 8\u00a0enregistreurs via le\u00a0contr\u00f4le RS-422. [&hellip;]<\/p>\n","protected":false},"featured_media":10941,"template":"","meta":[],"product_brand":[],"product_cat":[117,273,229],"product_tag":[],"class_list":{"0":"post-10940","1":"product","2":"type-product","3":"status-publish","4":"has-post-thumbnail","6":"product_cat-captation","7":"product_cat-peripherique-videos","8":"product_cat-video","11":"first","12":"instock","13":"taxable","14":"shipping-taxable","15":"product-type-simple"},"aioseo_notices":[],"_links":{"self":[{"href":"https:\/\/comlm.fr\/index.php\/wp-json\/wp\/v2\/product\/10940","targetHints":{"allow":["GET"]}}],"collection":[{"href":"https:\/\/comlm.fr\/index.php\/wp-json\/wp\/v2\/product"}],"about":[{"href":"https:\/\/comlm.fr\/index.php\/wp-json\/wp\/v2\/types\/product"}],"version-history":[{"count":1,"href":"https:\/\/comlm.fr\/index.php\/wp-json\/wp\/v2\/product\/10940\/revisions"}],"predecessor-version":[{"id":10943,"href":"https:\/\/comlm.fr\/index.php\/wp-json\/wp\/v2\/product\/10940\/revisions\/10943"}],"wp:featuredmedia":[{"embeddable":true,"href":"https:\/\/comlm.fr\/index.php\/wp-json\/wp\/v2\/media\/10941"}],"wp:attachment":[{"href":"https:\/\/comlm.fr\/index.php\/wp-json\/wp\/v2\/media?parent=10940"}],"wp:term":[{"taxonomy":"product_brand","embeddable":true,"href":"https:\/\/comlm.fr\/index.php\/wp-json\/wp\/v2\/product_brand?post=10940"},{"taxonomy":"product_cat","embeddable":true,"href":"https:\/\/comlm.fr\/index.php\/wp-json\/wp\/v2\/product_cat?post=10940"},{"taxonomy":"product_tag","embeddable":true,"href":"https:\/\/comlm.fr\/index.php\/wp-json\/wp\/v2\/product_tag?post=10940"}],"curies":[{"name":"wp","href":"https:\/\/api.w.org\/{rel}","templated":true}]}}