{"id":10935,"date":"2025-04-15T17:16:34","date_gmt":"2025-04-15T15:16:34","guid":{"rendered":"https:\/\/comlm.fr\/?post_type=product&#038;p=10935"},"modified":"2025-04-15T17:20:03","modified_gmt":"2025-04-15T15:20:03","slug":"copy-3-copy-copy-copy-3","status":"publish","type":"product","link":"https:\/\/comlm.fr\/index.php\/produit\/copy-3-copy-copy-copy-3\/","title":{"rendered":"Web Presenter 4K Solution de streaming tout-en-un"},"content":{"rendered":"<h3>Blackmagic &#8211; Web Presenter 4K Solution de streaming<\/h3>\n<p>Le Blackmagic Web Presenter 4K est la solution de streaming HD et Ultra HD ultime qui inclut un moteur de streaming hardware professionnel pour streamer jusqu\u2019en 2160p60 directement sur YouTube, Facebook, Twitter ou autres ! De plus, vous pouvez streamer via Ethernet ou utiliser les donn\u00e9es mobiles 4G ou 5G de votre t\u00e9l\u00e9phone portable. Les connexions USB int\u00e9gr\u00e9es op\u00e8rent comme une webcam, ce qui permet de connecter un ordinateur et d\u2019utiliser un logiciel vid\u00e9o. Vous disposez \u00e9galement d\u2019une sortie de monitoring affichant la vid\u00e9o, les indicateurs audio, des graphiques et plus.<\/p>\n<h3>Fonctionnalit\u00e9s<\/h3>\n<ul>\n<li>Ce mod\u00e8le comprend toutes les fonctions du Blackmagic Web Presenter HD.<\/li>\n<li>Dot\u00e9 d\u2019un codec plus puissant pour streamer en 720p, HD 1080p ou en Ultra HD pleine r\u00e9solution 2160p.<\/li>\n<\/ul>\n","protected":false},"excerpt":{"rendered":"<p>Blackmagic &#8211; Web Presenter 4K Solution de streaming Le Blackmagic Web Presenter 4K est la solution de streaming HD et Ultra HD ultime qui inclut un moteur de streaming hardware [&hellip;]<\/p>\n","protected":false},"featured_media":10936,"template":"","meta":[],"product_brand":[],"product_cat":[117,274,229],"product_tag":[],"class_list":{"0":"post-10935","1":"product","2":"type-product","3":"status-publish","4":"has-post-thumbnail","6":"product_cat-captation","7":"product_cat-melangeurs","8":"product_cat-video","11":"first","12":"instock","13":"taxable","14":"shipping-taxable","15":"product-type-simple"},"aioseo_notices":[],"_links":{"self":[{"href":"https:\/\/comlm.fr\/index.php\/wp-json\/wp\/v2\/product\/10935","targetHints":{"allow":["GET"]}}],"collection":[{"href":"https:\/\/comlm.fr\/index.php\/wp-json\/wp\/v2\/product"}],"about":[{"href":"https:\/\/comlm.fr\/index.php\/wp-json\/wp\/v2\/types\/product"}],"version-history":[{"count":1,"href":"https:\/\/comlm.fr\/index.php\/wp-json\/wp\/v2\/product\/10935\/revisions"}],"predecessor-version":[{"id":10939,"href":"https:\/\/comlm.fr\/index.php\/wp-json\/wp\/v2\/product\/10935\/revisions\/10939"}],"wp:featuredmedia":[{"embeddable":true,"href":"https:\/\/comlm.fr\/index.php\/wp-json\/wp\/v2\/media\/10936"}],"wp:attachment":[{"href":"https:\/\/comlm.fr\/index.php\/wp-json\/wp\/v2\/media?parent=10935"}],"wp:term":[{"taxonomy":"product_brand","embeddable":true,"href":"https:\/\/comlm.fr\/index.php\/wp-json\/wp\/v2\/product_brand?post=10935"},{"taxonomy":"product_cat","embeddable":true,"href":"https:\/\/comlm.fr\/index.php\/wp-json\/wp\/v2\/product_cat?post=10935"},{"taxonomy":"product_tag","embeddable":true,"href":"https:\/\/comlm.fr\/index.php\/wp-json\/wp\/v2\/product_tag?post=10935"}],"curies":[{"name":"wp","href":"https:\/\/api.w.org\/{rel}","templated":true}]}}