{"id":10929,"date":"2025-04-15T16:59:34","date_gmt":"2025-04-15T14:59:34","guid":{"rendered":"https:\/\/comlm.fr\/?post_type=product&#038;p=10929"},"modified":"2025-04-15T17:01:42","modified_gmt":"2025-04-15T15:01:42","slug":"copy-3-copy-copy-copy-2-copy-copy-copy-2","status":"publish","type":"product","link":"https:\/\/comlm.fr\/index.php\/produit\/copy-3-copy-copy-copy-2-copy-copy-copy-2\/","title":{"rendered":"12GDA 1&#215;6 12G-SDI reclocking distribution amplifier"},"content":{"rendered":"<h4 class=\"h1\">AJA -12GDA 1&#215;6 12G-SDI reclocking distribution amplifier<\/h4>\n<p><b>G\u00e9n\u00e9ralit\u00e9s<\/b><br \/>\nLe 12GDA est un amplificateur de distribution miniature 1&#215;6 12G-SDI avec re-clocking qui permet aux installations d&#8217;\u00e9conomiser en longueur de c\u00e2bles et en temps de tavail. Avec le support du 12G-SDI pour les workflows en single link 4K\/UltraHD, cet outil non-tributaire du format entrant, offre six sorties s\u00e9par\u00e9es et amplifi\u00e9es identiques \u00e0 celle r\u00e9cup\u00e9r\u00e9e en entr\u00e9e. Ce syst\u00e8me \u00e9tonnant permet aussi la d\u00e9tection automatique de l&#8217;entr\u00e9e, du re-clocking et de l&#8217;\u00e9qualisation n\u00e9cessaire \u00e0 la longueur de c\u00e2ble. Il est dot\u00e9 aussi d&#8217;un indicateur LED qui affiche, par code couleur, la d\u00e9tection du signal entrant.<\/p>\n<p><b>Fonctionnalit\u00e9s<\/b><br \/>\n\u2022 Distributeur compact de 12G-SDI<br \/>\n\u2022 Six sorties s\u00e9par\u00e9es bufferis\u00e9es<br \/>\n\u2022 Taille miniature<br \/>\n\u2022 \u00c9qualisation en rapport avec la longueur de cable en 12G (1694 coax)<br \/>\n&#8211; 12 Gbps, 90m<br \/>\n&#8211; 6 Gbps, 125m<br \/>\n&#8211; 3 Gbps, 160m<br \/>\n&#8211; 1.5 Gbps, 200m<br \/>\n&#8211; 270 Mbps, 470m<br \/>\n\u2022 Entr\u00e9e 12G\/6G\/3G\/HD\/SD-SDI, avec autod\u00e9tection<br \/>\n\u2022 Laisse passer les donn\u00e9es auxiliaires<br \/>\n\u2022 Alimentation internationale DWP-U-R1 incluse<br \/>\n\u2022 Garantie constructeur de 5 ans<\/p>\n","protected":false},"excerpt":{"rendered":"<p>AJA -12GDA 1&#215;6 12G-SDI reclocking distribution amplifier G\u00e9n\u00e9ralit\u00e9s Le 12GDA est un amplificateur de distribution miniature 1&#215;6 12G-SDI avec re-clocking qui permet aux installations d&#8217;\u00e9conomiser en longueur de c\u00e2bles et [&hellip;]<\/p>\n","protected":false},"featured_media":10930,"template":"","meta":[],"product_brand":[],"product_cat":[273,229],"product_tag":[],"class_list":{"0":"post-10929","1":"product","2":"type-product","3":"status-publish","4":"has-post-thumbnail","6":"product_cat-peripherique-videos","7":"product_cat-video","10":"first","11":"instock","12":"taxable","13":"shipping-taxable","14":"product-type-simple"},"aioseo_notices":[],"_links":{"self":[{"href":"https:\/\/comlm.fr\/index.php\/wp-json\/wp\/v2\/product\/10929","targetHints":{"allow":["GET"]}}],"collection":[{"href":"https:\/\/comlm.fr\/index.php\/wp-json\/wp\/v2\/product"}],"about":[{"href":"https:\/\/comlm.fr\/index.php\/wp-json\/wp\/v2\/types\/product"}],"version-history":[{"count":1,"href":"https:\/\/comlm.fr\/index.php\/wp-json\/wp\/v2\/product\/10929\/revisions"}],"predecessor-version":[{"id":10931,"href":"https:\/\/comlm.fr\/index.php\/wp-json\/wp\/v2\/product\/10929\/revisions\/10931"}],"wp:featuredmedia":[{"embeddable":true,"href":"https:\/\/comlm.fr\/index.php\/wp-json\/wp\/v2\/media\/10930"}],"wp:attachment":[{"href":"https:\/\/comlm.fr\/index.php\/wp-json\/wp\/v2\/media?parent=10929"}],"wp:term":[{"taxonomy":"product_brand","embeddable":true,"href":"https:\/\/comlm.fr\/index.php\/wp-json\/wp\/v2\/product_brand?post=10929"},{"taxonomy":"product_cat","embeddable":true,"href":"https:\/\/comlm.fr\/index.php\/wp-json\/wp\/v2\/product_cat?post=10929"},{"taxonomy":"product_tag","embeddable":true,"href":"https:\/\/comlm.fr\/index.php\/wp-json\/wp\/v2\/product_tag?post=10929"}],"curies":[{"name":"wp","href":"https:\/\/api.w.org\/{rel}","templated":true}]}}