{"id":10925,"date":"2025-04-15T16:47:03","date_gmt":"2025-04-15T14:47:03","guid":{"rendered":"https:\/\/comlm.fr\/?post_type=product&#038;p=10925"},"modified":"2025-04-15T16:58:27","modified_gmt":"2025-04-15T14:58:27","slug":"copy-3-copy-copy-copy-2-copy-copy-copy-copy-copy-3","status":"publish","type":"product","link":"https:\/\/comlm.fr\/index.php\/produit\/copy-3-copy-copy-copy-2-copy-copy-copy-copy-copy-3\/","title":{"rendered":"Mini Converter SDI Distribution 4K"},"content":{"rendered":"<h4 class=\"h1\">Blackmagic -Distributeur video 1 entr\u00e9e &#8211; 8 sorties HD\/SD-SDI ou 4k<\/h4>\n<ul>\n<li><strong>Entr\u00e9e vid\u00e9o SDI<\/strong>: Commutable entre la SD, HD et 6G-SDI.<br \/>\n<strong>Sortie vid\u00e9o SDI:<\/strong>\u00a08 sorties qui correspondent automatiquement \u00e0 l&#8217;entr\u00e9e vid\u00e9o SDI.<br \/>\n<strong>Prise en charge de multiples d\u00e9bits de donn\u00e9es:<\/strong>\u00a0D\u00e9tection automatique des entr\u00e9es 6G-SDI, HD ou d\u00e9finition standard.<br \/>\n<strong>Synchronisation:<\/strong>\u00a0Oui<\/li>\n<\/ul>\n<p>Prise en charge du format SD: 525\/29.97 NTSC, 625\/25 PAL<br \/>\nPrise en charge du format HD:\u00a0720p50, 720p59.94, 720p60, 1080i50, 1080i59.94, 1080i60, 1080p23.98, 1080PsF23.98, 1080p24, 1080PsF24, 1080p25, 1080PsF25, 1080p29.97, 1080PsF29.97, 1080p30, 1080PsF30, 1080p50, 1080p59.94, 1080p60<br \/>\nPrise en charge du format 2K: 2048x1080PsF23.98, 2048x1080p23.98, 2048x1080PsF24, 2048x1080p24, 2048x1080PsF25, 2048x1080p25<br \/>\nPrise en charge du format 4K:\u00a03840x2160p23.98, 3840x2160p24, 3840x2160p25, 3840x2160p29.97, 3840x2160p30, 4096x2160p24<br \/>\nConformit\u00e9 aux normes SDI:\u00a0SMPTE 259M, SMPTE 292M, SMPTE 296M, SMPTE 372M et\u00a0SMPTE 425M<br \/>\nD\u00e9bits vid\u00e9o SDI: Les connexions vid\u00e9o SDI sont commutables entre les formats 6G-SDI, HD et SD-SDI<br \/>\n\u00c9chantillonnage vid\u00e9o SDI: 4:2:2 et 4:4:4<br \/>\n\u00c9chantillonnage audio SDI: Fr\u00e9quence d&#8217;\u00e9chantillonnage de normes de t\u00e9l\u00e9vision de 48 kHz et 24 bits.<br \/>\nPr\u00e9cision des couleurs SDI: 10 bits<br \/>\nEspace colorim\u00e9trique SDI: YUV et RGB<br \/>\nCommutation automatique SDI: S\u00e9lection automatique entre la SD SDI, HD-SDI et\u00a03G-SDI.<br \/>\nPrise en charge du format ASI: Oui<\/p>\n","protected":false},"excerpt":{"rendered":"<p>Blackmagic -Distributeur video 1 entr\u00e9e &#8211; 8 sorties HD\/SD-SDI ou 4k Entr\u00e9e vid\u00e9o SDI: Commutable entre la SD, HD et 6G-SDI. Sortie vid\u00e9o SDI:\u00a08 sorties qui correspondent automatiquement \u00e0 l&#8217;entr\u00e9e [&hellip;]<\/p>\n","protected":false},"featured_media":10926,"template":"","meta":[],"product_brand":[],"product_cat":[273,229],"product_tag":[],"class_list":{"0":"post-10925","1":"product","2":"type-product","3":"status-publish","4":"has-post-thumbnail","6":"product_cat-peripherique-videos","7":"product_cat-video","10":"first","11":"instock","12":"taxable","13":"shipping-taxable","14":"product-type-simple"},"aioseo_notices":[],"_links":{"self":[{"href":"https:\/\/comlm.fr\/index.php\/wp-json\/wp\/v2\/product\/10925","targetHints":{"allow":["GET"]}}],"collection":[{"href":"https:\/\/comlm.fr\/index.php\/wp-json\/wp\/v2\/product"}],"about":[{"href":"https:\/\/comlm.fr\/index.php\/wp-json\/wp\/v2\/types\/product"}],"version-history":[{"count":1,"href":"https:\/\/comlm.fr\/index.php\/wp-json\/wp\/v2\/product\/10925\/revisions"}],"predecessor-version":[{"id":10928,"href":"https:\/\/comlm.fr\/index.php\/wp-json\/wp\/v2\/product\/10925\/revisions\/10928"}],"wp:featuredmedia":[{"embeddable":true,"href":"https:\/\/comlm.fr\/index.php\/wp-json\/wp\/v2\/media\/10926"}],"wp:attachment":[{"href":"https:\/\/comlm.fr\/index.php\/wp-json\/wp\/v2\/media?parent=10925"}],"wp:term":[{"taxonomy":"product_brand","embeddable":true,"href":"https:\/\/comlm.fr\/index.php\/wp-json\/wp\/v2\/product_brand?post=10925"},{"taxonomy":"product_cat","embeddable":true,"href":"https:\/\/comlm.fr\/index.php\/wp-json\/wp\/v2\/product_cat?post=10925"},{"taxonomy":"product_tag","embeddable":true,"href":"https:\/\/comlm.fr\/index.php\/wp-json\/wp\/v2\/product_tag?post=10925"}],"curies":[{"name":"wp","href":"https:\/\/api.w.org\/{rel}","templated":true}]}}