{"id":10916,"date":"2025-04-15T16:38:40","date_gmt":"2025-04-15T14:38:40","guid":{"rendered":"https:\/\/comlm.fr\/?post_type=product&#038;p=10916"},"modified":"2025-04-15T16:45:16","modified_gmt":"2025-04-15T14:45:16","slug":"copy-3-copy-copy-copy-2-copy-copy-copy-copy-copy-2","status":"publish","type":"product","link":"https:\/\/comlm.fr\/index.php\/produit\/copy-3-copy-copy-copy-2-copy-copy-copy-copy-copy-2\/","title":{"rendered":"Distributeur HDMI 4K 1&#215;4"},"content":{"rendered":"<h3>Distributeur HDMI 4K 1&#215;4<\/h3>\n<ul>\n<li>HDMI 2.0b, compatible HDCP 2.2<\/li>\n<li>Supporte le format vid\u00e9o jusqu&#8217;\u00e0 4K2K@60Hz avec 8 bits RGB\/YCBCR<\/li>\n<li>4:4:4\/YCBCR 4:2:2<\/li>\n<li>Prise en charge du format vid\u00e9o s\u00e9quentiel de trame 3D jusqu&#8217;\u00e0 1080p@60 ;<\/li>\n<li>Supporte le format vid\u00e9o s\u00e9quentiel de trame 3D jusqu&#8217;\u00e0 4K2K@30Hz<\/li>\n<li>Supporte le format vid\u00e9o haute r\u00e9solution en mode VESA jusqu&#8217;\u00e0 QSXGA@60Hz<\/li>\n<li>Supporte LPCM 7.1CH, Dolby TrueHD, et DTS-HD Master Audio<\/li>\n<\/ul>\n","protected":false},"excerpt":{"rendered":"<p>Distributeur HDMI 4K 1&#215;4 HDMI 2.0b, compatible HDCP 2.2 Supporte le format vid\u00e9o jusqu&#8217;\u00e0 4K2K@60Hz avec 8 bits RGB\/YCBCR 4:4:4\/YCBCR 4:2:2 Prise en charge du format vid\u00e9o s\u00e9quentiel de trame [&hellip;]<\/p>\n","protected":false},"featured_media":10917,"template":"","meta":[],"product_brand":[],"product_cat":[273,229],"product_tag":[],"class_list":{"0":"post-10916","1":"product","2":"type-product","3":"status-publish","4":"has-post-thumbnail","6":"product_cat-peripherique-videos","7":"product_cat-video","10":"first","11":"instock","12":"taxable","13":"shipping-taxable","14":"product-type-simple"},"aioseo_notices":[],"_links":{"self":[{"href":"https:\/\/comlm.fr\/index.php\/wp-json\/wp\/v2\/product\/10916","targetHints":{"allow":["GET"]}}],"collection":[{"href":"https:\/\/comlm.fr\/index.php\/wp-json\/wp\/v2\/product"}],"about":[{"href":"https:\/\/comlm.fr\/index.php\/wp-json\/wp\/v2\/types\/product"}],"version-history":[{"count":2,"href":"https:\/\/comlm.fr\/index.php\/wp-json\/wp\/v2\/product\/10916\/revisions"}],"predecessor-version":[{"id":10924,"href":"https:\/\/comlm.fr\/index.php\/wp-json\/wp\/v2\/product\/10916\/revisions\/10924"}],"wp:featuredmedia":[{"embeddable":true,"href":"https:\/\/comlm.fr\/index.php\/wp-json\/wp\/v2\/media\/10917"}],"wp:attachment":[{"href":"https:\/\/comlm.fr\/index.php\/wp-json\/wp\/v2\/media?parent=10916"}],"wp:term":[{"taxonomy":"product_brand","embeddable":true,"href":"https:\/\/comlm.fr\/index.php\/wp-json\/wp\/v2\/product_brand?post=10916"},{"taxonomy":"product_cat","embeddable":true,"href":"https:\/\/comlm.fr\/index.php\/wp-json\/wp\/v2\/product_cat?post=10916"},{"taxonomy":"product_tag","embeddable":true,"href":"https:\/\/comlm.fr\/index.php\/wp-json\/wp\/v2\/product_tag?post=10916"}],"curies":[{"name":"wp","href":"https:\/\/api.w.org\/{rel}","templated":true}]}}