{"id":10912,"date":"2025-04-15T16:32:53","date_gmt":"2025-04-15T14:32:53","guid":{"rendered":"https:\/\/comlm.fr\/?post_type=product&#038;p=10912"},"modified":"2025-04-15T16:35:27","modified_gmt":"2025-04-15T14:35:27","slug":"copy-3-copy-copy-copy-2-copy-copy-copy-copy-copy-copy","status":"publish","type":"product","link":"https:\/\/comlm.fr\/index.php\/produit\/copy-3-copy-copy-copy-2-copy-copy-copy-copy-copy-copy\/","title":{"rendered":"Cordon HDMI optique 75m avec touret"},"content":{"rendered":"<h4 class=\"h1\">HDMI A Standard &#8211; HDMI A Standard optique 75m + touret<\/h4>\n<ul>\n<li>R\u00e9solution 4K et performance UHD 18G sur des distances allant jusqu&#8217;\u00e0 100m<\/li>\n<li>C\u00e2ble de 75m pour un transfert de signal sur grande distance<\/li>\n<li>Cordon compatible pour liaison et pilotage m\u00e9langeur Atem Mini Pro vers Pocket Cinema Camera 4K et 6K<\/li>\n<\/ul>\n","protected":false},"excerpt":{"rendered":"<p>HDMI A Standard &#8211; HDMI A Standard optique 75m + touret R\u00e9solution 4K et performance UHD 18G sur des distances allant jusqu&#8217;\u00e0 100m C\u00e2ble de 75m pour un transfert de [&hellip;]<\/p>\n","protected":false},"featured_media":10910,"template":"","meta":[],"product_brand":[],"product_cat":[276,229],"product_tag":[],"class_list":{"0":"post-10912","1":"product","2":"type-product","3":"status-publish","4":"has-post-thumbnail","6":"product_cat-transmission-fibre","7":"product_cat-video","10":"first","11":"instock","12":"taxable","13":"shipping-taxable","14":"product-type-simple"},"aioseo_notices":[],"_links":{"self":[{"href":"https:\/\/comlm.fr\/index.php\/wp-json\/wp\/v2\/product\/10912","targetHints":{"allow":["GET"]}}],"collection":[{"href":"https:\/\/comlm.fr\/index.php\/wp-json\/wp\/v2\/product"}],"about":[{"href":"https:\/\/comlm.fr\/index.php\/wp-json\/wp\/v2\/types\/product"}],"version-history":[{"count":1,"href":"https:\/\/comlm.fr\/index.php\/wp-json\/wp\/v2\/product\/10912\/revisions"}],"predecessor-version":[{"id":10913,"href":"https:\/\/comlm.fr\/index.php\/wp-json\/wp\/v2\/product\/10912\/revisions\/10913"}],"wp:featuredmedia":[{"embeddable":true,"href":"https:\/\/comlm.fr\/index.php\/wp-json\/wp\/v2\/media\/10910"}],"wp:attachment":[{"href":"https:\/\/comlm.fr\/index.php\/wp-json\/wp\/v2\/media?parent=10912"}],"wp:term":[{"taxonomy":"product_brand","embeddable":true,"href":"https:\/\/comlm.fr\/index.php\/wp-json\/wp\/v2\/product_brand?post=10912"},{"taxonomy":"product_cat","embeddable":true,"href":"https:\/\/comlm.fr\/index.php\/wp-json\/wp\/v2\/product_cat?post=10912"},{"taxonomy":"product_tag","embeddable":true,"href":"https:\/\/comlm.fr\/index.php\/wp-json\/wp\/v2\/product_tag?post=10912"}],"curies":[{"name":"wp","href":"https:\/\/api.w.org\/{rel}","templated":true}]}}