{"id":10901,"date":"2025-04-15T16:20:32","date_gmt":"2025-04-15T14:20:32","guid":{"rendered":"https:\/\/comlm.fr\/?post_type=product&#038;p=10901"},"modified":"2025-04-15T16:23:59","modified_gmt":"2025-04-15T14:23:59","slug":"copy-3-copy-copy-copy-2-copy-copy-copy","status":"publish","type":"product","link":"https:\/\/comlm.fr\/index.php\/produit\/copy-3-copy-copy-copy-2-copy-copy-copy\/","title":{"rendered":"Micro Converter HDMI to SDI 3G avec alimentation"},"content":{"rendered":"<h4 class=\"h1\">Blackmagic &#8211; Micro Converter HDMI to SDI 3G avec alimentation<\/h4>\n<ul>\n<li>Sorties vid\u00e9o SDI : 2 x SD, HD ou 3G-SD<\/li>\n<li>Entr\u00e9e HDMI de type A<\/li>\n<li>D\u00e9tection automatique de la SD ou de la HD<\/li>\n<li>Port USB pour l\u2019alimentation<\/li>\n<li>Synchronisation SDI<\/li>\n<li>Supporte les formats vid\u00e9o cin\u00e9ma, dont 1080p24, 1080p47.95 et 1080p48<\/li>\n<\/ul>\n","protected":false},"excerpt":{"rendered":"<p>Blackmagic &#8211; Micro Converter HDMI to SDI 3G avec alimentation Sorties vid\u00e9o SDI : 2 x SD, HD ou 3G-SD Entr\u00e9e HDMI de type A D\u00e9tection automatique de la SD [&hellip;]<\/p>\n","protected":false},"featured_media":10902,"template":"","meta":[],"product_brand":[],"product_cat":[273,229],"product_tag":[],"class_list":{"0":"post-10901","1":"product","2":"type-product","3":"status-publish","4":"has-post-thumbnail","6":"product_cat-peripherique-videos","7":"product_cat-video","10":"first","11":"instock","12":"taxable","13":"shipping-taxable","14":"product-type-simple"},"aioseo_notices":[],"_links":{"self":[{"href":"https:\/\/comlm.fr\/index.php\/wp-json\/wp\/v2\/product\/10901","targetHints":{"allow":["GET"]}}],"collection":[{"href":"https:\/\/comlm.fr\/index.php\/wp-json\/wp\/v2\/product"}],"about":[{"href":"https:\/\/comlm.fr\/index.php\/wp-json\/wp\/v2\/types\/product"}],"version-history":[{"count":1,"href":"https:\/\/comlm.fr\/index.php\/wp-json\/wp\/v2\/product\/10901\/revisions"}],"predecessor-version":[{"id":10904,"href":"https:\/\/comlm.fr\/index.php\/wp-json\/wp\/v2\/product\/10901\/revisions\/10904"}],"wp:featuredmedia":[{"embeddable":true,"href":"https:\/\/comlm.fr\/index.php\/wp-json\/wp\/v2\/media\/10902"}],"wp:attachment":[{"href":"https:\/\/comlm.fr\/index.php\/wp-json\/wp\/v2\/media?parent=10901"}],"wp:term":[{"taxonomy":"product_brand","embeddable":true,"href":"https:\/\/comlm.fr\/index.php\/wp-json\/wp\/v2\/product_brand?post=10901"},{"taxonomy":"product_cat","embeddable":true,"href":"https:\/\/comlm.fr\/index.php\/wp-json\/wp\/v2\/product_cat?post=10901"},{"taxonomy":"product_tag","embeddable":true,"href":"https:\/\/comlm.fr\/index.php\/wp-json\/wp\/v2\/product_tag?post=10901"}],"curies":[{"name":"wp","href":"https:\/\/api.w.org\/{rel}","templated":true}]}}