{"id":10895,"date":"2025-04-15T16:10:38","date_gmt":"2025-04-15T14:10:38","guid":{"rendered":"https:\/\/comlm.fr\/?post_type=product&#038;p=10895"},"modified":"2025-04-15T16:14:37","modified_gmt":"2025-04-15T14:14:37","slug":"copy-3-copy-copy-copy-2-copy","status":"publish","type":"product","link":"https:\/\/comlm.fr\/index.php\/produit\/copy-3-copy-copy-copy-2-copy\/","title":{"rendered":"Micro Converter BiDirect SDI\/HDMI 12G"},"content":{"rendered":"<h3>Blackmagic<\/h3>\n<h3>Micro Converter BiDirect SDI\/HDMI 12G<\/h3>\n<ul>\n<li>Incroyable convertisseur bidirectionnel 12G-SDI\u00a0! Convertit simultan\u00e9ment le SDI en HDMI et le HDMI en SDI dans diff\u00e9rents formats SD, HD et Ultra\u00a0HD. Inclut la conversion du contr\u00f4le cam\u00e9ra et une LUT 3D pour le SDI vers\u00a0HDMI.<\/li>\n<li>Les Blackmagic Micro Converter 12G supportent tous les formats SDI et HD des mod\u00e8les 3G, mais aussi les formats Ultra HD et 4K. Les formats 12G-SDI comprennent 2160p23.98, 2160p24, 2160p25, 2160p29.97, 2160p30, 2160p47.95, 2160p48, 2160p50, 2160p59.94, 2160p60, 4Kp23.98 DCI, 4Kp24 DCI, 4Kp25 DCI, 4Kp29.97 DCI, 4Kp30 DCI, 4Kp47.95 DCI, 4Kp48 DCI, 4Kp50 DCI, 4Kp59.94 DCI et 4Kp60 DCI, 4KPsF25 DCI, 4KPsF29.97 DCI et 4KPsF30 DCI. Comme les Micro Converter 12G-SDI prennent en charge les normes de t\u00e9l\u00e9vision et de cin\u00e9ma du futur, vous pourrez passer \u00e0 l\u2019Ultra HD quand bon vous semble ! Gr\u00e2ce aux mises \u00e0 jour logicielles des Micro Converters, vous pourrez utiliser des normes de t\u00e9l\u00e9vision de pointe en tout temps.<\/li>\n<\/ul>\n","protected":false},"excerpt":{"rendered":"<p>Blackmagic Micro Converter BiDirect SDI\/HDMI 12G Incroyable convertisseur bidirectionnel 12G-SDI\u00a0! Convertit simultan\u00e9ment le SDI en HDMI et le HDMI en SDI dans diff\u00e9rents formats SD, HD et Ultra\u00a0HD. Inclut la [&hellip;]<\/p>\n","protected":false},"featured_media":10896,"template":"","meta":[],"product_brand":[],"product_cat":[273,229],"product_tag":[],"class_list":{"0":"post-10895","1":"product","2":"type-product","3":"status-publish","4":"has-post-thumbnail","6":"product_cat-peripherique-videos","7":"product_cat-video","10":"first","11":"instock","12":"taxable","13":"shipping-taxable","14":"product-type-simple"},"aioseo_notices":[],"_links":{"self":[{"href":"https:\/\/comlm.fr\/index.php\/wp-json\/wp\/v2\/product\/10895","targetHints":{"allow":["GET"]}}],"collection":[{"href":"https:\/\/comlm.fr\/index.php\/wp-json\/wp\/v2\/product"}],"about":[{"href":"https:\/\/comlm.fr\/index.php\/wp-json\/wp\/v2\/types\/product"}],"version-history":[{"count":1,"href":"https:\/\/comlm.fr\/index.php\/wp-json\/wp\/v2\/product\/10895\/revisions"}],"predecessor-version":[{"id":10897,"href":"https:\/\/comlm.fr\/index.php\/wp-json\/wp\/v2\/product\/10895\/revisions\/10897"}],"wp:featuredmedia":[{"embeddable":true,"href":"https:\/\/comlm.fr\/index.php\/wp-json\/wp\/v2\/media\/10896"}],"wp:attachment":[{"href":"https:\/\/comlm.fr\/index.php\/wp-json\/wp\/v2\/media?parent=10895"}],"wp:term":[{"taxonomy":"product_brand","embeddable":true,"href":"https:\/\/comlm.fr\/index.php\/wp-json\/wp\/v2\/product_brand?post=10895"},{"taxonomy":"product_cat","embeddable":true,"href":"https:\/\/comlm.fr\/index.php\/wp-json\/wp\/v2\/product_cat?post=10895"},{"taxonomy":"product_tag","embeddable":true,"href":"https:\/\/comlm.fr\/index.php\/wp-json\/wp\/v2\/product_tag?post=10895"}],"curies":[{"name":"wp","href":"https:\/\/api.w.org\/{rel}","templated":true}]}}