{"id":10892,"date":"2025-04-15T16:04:04","date_gmt":"2025-04-15T14:04:04","guid":{"rendered":"https:\/\/comlm.fr\/?post_type=product&#038;p=10892"},"modified":"2025-04-15T16:07:04","modified_gmt":"2025-04-15T14:07:04","slug":"copy-3-copy-copy-copy-2","status":"publish","type":"product","link":"https:\/\/comlm.fr\/index.php\/produit\/copy-3-copy-copy-copy-2\/","title":{"rendered":"M\u00e9langeur ATEM 1 M\/E Constellation 4K"},"content":{"rendered":"<h3>BlackmagicATEM 1 M\/E Constellation 4K<\/h3>\n<p>D\u00e9couvrez les ATEM Constellation, de puissants m\u00e9langeurs de production en direct HD ! Ces m\u00e9langeurs tr\u00e8s puissants se d\u00e9clinent en plusieurs mod\u00e8les : les mod\u00e8les 1 M\/E avec 10 entr\u00e9es, les mod\u00e8les 2 M\/E avec 20 entr\u00e9es et les grands mod\u00e8les 4 M\/E avec 40 entr\u00e9es. Chaque entr\u00e9e SDI int\u00e8gre la conversion de normes. L\u2019ATEM Constellation comprend des fonctionnalit\u00e9s avanc\u00e9es, telles que des DVE, des incrustateurs chroma avanc\u00e9s, des lecteurs multim\u00e9dia, des multi view et des processeurs SuperSource. Le mixeur audio Fairlight int\u00e9gr\u00e9 inclut un compresseur, un limiteur, un \u00e9galiseur param\u00e9trique \u00e0 6 bandes et un expanseur sur chaque entr\u00e9e. Utilisez le logiciel ATEM Software Control fourni gratuitement ou ajoutez un ATEM Advanced Panel \u00e0 1 M\/E, 2 M\/E ou 4 M\/E !<\/p>\n<ul>\n<li>Design de pointe avec commandes int\u00e9gr\u00e9es au panneau avant.<\/li>\n<li>Jusqu\u2019\u00e0 20 entr\u00e9es 12G-SDI avec conversion de normes.<\/li>\n<li>Jusqu\u2019\u00e0 12 sorties 12G-SDI personnalisables.<\/li>\n<li>Sortie USB qui op\u00e8re comme une webcam et prend en charge tous les logiciels vid\u00e9o.<\/li>\n<li>Jusqu&#8217;\u00e0 2 multi view ind\u00e9pendants avec plusieurs options d\u2019affichage.<\/li>\n<li>Transitions DVE et stingers.<\/li>\n<li>Jusqu\u2019\u00e0 2 DVE ind\u00e9pendants.<\/li>\n<li>R\u00e9seau d\u2019ordres professionnel compatible avec ClearCom et RTS.<\/li>\n<li>Biblioth\u00e8que interne d\u2019images et d\u2019animations graphiques.<\/li>\n<li>Incrustateur chroma avanc\u00e9 ATEM.<\/li>\n<li>12G-SDI multi-d\u00e9bit pour toutes les normes de t\u00e9l\u00e9vision HD et Ultra HD jusqu\u2019\u00e0 2160p60.<\/li>\n<li>Mixeur audio Fairlight int\u00e9gr\u00e9 offrant jusqu\u2019\u00e0 48 canaux.<\/li>\n<li>Compatibles avec tous les panneaux de contr\u00f4le mat\u00e9riels ATEM<\/li>\n<\/ul>\n","protected":false},"excerpt":{"rendered":"<p>BlackmagicATEM 1 M\/E Constellation 4K D\u00e9couvrez les ATEM Constellation, de puissants m\u00e9langeurs de production en direct HD ! Ces m\u00e9langeurs tr\u00e8s puissants se d\u00e9clinent en plusieurs mod\u00e8les : les mod\u00e8les [&hellip;]<\/p>\n","protected":false},"featured_media":10893,"template":"","meta":[],"product_brand":[],"product_cat":[117,274,229],"product_tag":[],"class_list":{"0":"post-10892","1":"product","2":"type-product","3":"status-publish","4":"has-post-thumbnail","6":"product_cat-captation","7":"product_cat-melangeurs","8":"product_cat-video","11":"first","12":"instock","13":"taxable","14":"shipping-taxable","15":"product-type-simple"},"aioseo_notices":[],"_links":{"self":[{"href":"https:\/\/comlm.fr\/index.php\/wp-json\/wp\/v2\/product\/10892","targetHints":{"allow":["GET"]}}],"collection":[{"href":"https:\/\/comlm.fr\/index.php\/wp-json\/wp\/v2\/product"}],"about":[{"href":"https:\/\/comlm.fr\/index.php\/wp-json\/wp\/v2\/types\/product"}],"version-history":[{"count":1,"href":"https:\/\/comlm.fr\/index.php\/wp-json\/wp\/v2\/product\/10892\/revisions"}],"predecessor-version":[{"id":10894,"href":"https:\/\/comlm.fr\/index.php\/wp-json\/wp\/v2\/product\/10892\/revisions\/10894"}],"wp:featuredmedia":[{"embeddable":true,"href":"https:\/\/comlm.fr\/index.php\/wp-json\/wp\/v2\/media\/10893"}],"wp:attachment":[{"href":"https:\/\/comlm.fr\/index.php\/wp-json\/wp\/v2\/media?parent=10892"}],"wp:term":[{"taxonomy":"product_brand","embeddable":true,"href":"https:\/\/comlm.fr\/index.php\/wp-json\/wp\/v2\/product_brand?post=10892"},{"taxonomy":"product_cat","embeddable":true,"href":"https:\/\/comlm.fr\/index.php\/wp-json\/wp\/v2\/product_cat?post=10892"},{"taxonomy":"product_tag","embeddable":true,"href":"https:\/\/comlm.fr\/index.php\/wp-json\/wp\/v2\/product_tag?post=10892"}],"curies":[{"name":"wp","href":"https:\/\/api.w.org\/{rel}","templated":true}]}}