{"id":10886,"date":"2025-04-15T15:56:00","date_gmt":"2025-04-15T13:56:00","guid":{"rendered":"https:\/\/comlm.fr\/?post_type=product&#038;p=10886"},"modified":"2025-04-15T16:02:16","modified_gmt":"2025-04-15T14:02:16","slug":"copy-3-copy-copy-copy-copy","status":"publish","type":"product","link":"https:\/\/comlm.fr\/index.php\/produit\/copy-3-copy-copy-copy-copy\/","title":{"rendered":"M\u00e9langeur ATEM Television Studio 4K8"},"content":{"rendered":"<h4 class=\"h1\">ATEM Television Studio 4K8<\/h4>\n<h4><strong>Le studio t\u00e9l\u00e9 tout-en-un le plus portable au monde !<\/strong><\/h4>\n<p>Le nouvel ATEM Television Studio HD est un m\u00e9langeur de production en direct professionnel int\u00e9gr\u00e9 \u00e0 un panneau de contr\u00f4le mat\u00e9riel. Ainsi, bien que tr\u00e8s portable, il peut \u00eatre utilis\u00e9 pour des projets haut de gamme. Vous pouvez l&#8217;utiliser dans de petites structures qui n&#8217;ont ni racks d&#8217;\u00e9quipement ni camions r\u00e9gie. Il offre 8 entr\u00e9es SDI avec conversion de normes, 2 sorties aux., 4 incrustateurs chroma, 2 incrustateurs en aval, la fonction SuperSource, 2 lecteurs multim\u00e9dia et de nombreuses transitions ! Il comprend aussi des fonctions dignes d\u2019un studio t\u00e9l\u00e9 : un moteur de streaming, l&#8217;enregistrement, un mixeur audio, un r\u00e9seau d\u2019ordres, un multi view et un stockage interne dans le cloud en option. Le mod\u00e8le ISO enregistre m\u00eame les 8 entr\u00e9es pour le montage !<\/p>\n<h3>Fonctionnalit\u00e9s de l&#8217;ATEM Television Studio 4K8<\/h3>\n<ul>\n<li><strong>Jusqu\u2019\u00e0 8 entr\u00e9es 3G\u2011SDI avec conversion de normes !<\/strong><br \/>\nL\u2019ATEM Television Studio HD comprend 8 entr\u00e9es 3G-SDI ind\u00e9pendantes, chacune disposant de son propre convertisseur de normes. Il est donc possible de convertir toute source 1080HD ou 720HD vers la norme vid\u00e9o du m\u00e9langeur. Ainsi, chaque entr\u00e9e SDI du m\u00e9langeur peut utiliser une norme de t\u00e9l\u00e9vision diff\u00e9rente sans accroc ! Les canaux audio d&#8217;entr\u00e9e SDI 1, 2, 3 et 4 peuvent \u00e9galement \u00eatre achemin\u00e9s manuellement vers divers canaux audio int\u00e9gr\u00e9s aux sorties programme et auxiliaires. Vous pouvez m\u00eame acheminer les canaux audio 1 et 2 depuis les entr\u00e9es SDI vers les sorties audio num\u00e9rique MADI, afin de transf\u00e9rer l\u2019audio des sources du m\u00e9langeur \u00e0 un ing\u00e9nieur du son en externe pour le mixage.<\/li>\n<li><strong>Sorties 3G-SDI professionnelles avec 16 canaux audio int\u00e9gr\u00e9s<\/strong><br \/>\nL\u2019ATEM Television Studio comprend neuf sorties programme 3G-SDI. Vous avez ainsi assez de connexions pour envoyer un retour de programme s\u00e9par\u00e9 \u00e0 toutes vos cam\u00e9ras ! C&#8217;est important, car le retour de programme SDI est utilis\u00e9 pour envoyer le tally, le r\u00e9seau d\u2019ordres et les informations de contr\u00f4le aux cam\u00e9ras. Vous disposez \u00e9galement de 2 sorties auxiliaires d\u00e9di\u00e9es pour g\u00e9rer les moniteurs de sc\u00e8ne et les enregistreurs de masters. Elles peuvent \u00eatre commut\u00e9es en direct \u00e0 l\u2019aide des boutons sur le panneau de contr\u00f4le. La sortie auxiliaire 1 comprend m\u00eame un compteur \u00e0 l\u2019\u00e9cran. De plus, vous pouvez acheminer manuellement l&#8217;audio vers les 16 canaux audio int\u00e9gr\u00e9s aux sorties SDI. Pour le monitoring cam\u00e9ra, il existe une sortie 3G-SDI et HDMI d\u00e9di\u00e9e pour le multi view.<\/li>\n<\/ul>\n","protected":false},"excerpt":{"rendered":"<p>ATEM Television Studio 4K8 Le studio t\u00e9l\u00e9 tout-en-un le plus portable au monde ! Le nouvel ATEM Television Studio HD est un m\u00e9langeur de production en direct professionnel int\u00e9gr\u00e9 \u00e0 [&hellip;]<\/p>\n","protected":false},"featured_media":10887,"template":"","meta":[],"product_brand":[],"product_cat":[117,274,229],"product_tag":[],"class_list":{"0":"post-10886","1":"product","2":"type-product","3":"status-publish","4":"has-post-thumbnail","6":"product_cat-captation","7":"product_cat-melangeurs","8":"product_cat-video","11":"first","12":"instock","13":"taxable","14":"shipping-taxable","15":"product-type-simple"},"aioseo_notices":[],"_links":{"self":[{"href":"https:\/\/comlm.fr\/index.php\/wp-json\/wp\/v2\/product\/10886","targetHints":{"allow":["GET"]}}],"collection":[{"href":"https:\/\/comlm.fr\/index.php\/wp-json\/wp\/v2\/product"}],"about":[{"href":"https:\/\/comlm.fr\/index.php\/wp-json\/wp\/v2\/types\/product"}],"version-history":[{"count":1,"href":"https:\/\/comlm.fr\/index.php\/wp-json\/wp\/v2\/product\/10886\/revisions"}],"predecessor-version":[{"id":10891,"href":"https:\/\/comlm.fr\/index.php\/wp-json\/wp\/v2\/product\/10886\/revisions\/10891"}],"wp:featuredmedia":[{"embeddable":true,"href":"https:\/\/comlm.fr\/index.php\/wp-json\/wp\/v2\/media\/10887"}],"wp:attachment":[{"href":"https:\/\/comlm.fr\/index.php\/wp-json\/wp\/v2\/media?parent=10886"}],"wp:term":[{"taxonomy":"product_brand","embeddable":true,"href":"https:\/\/comlm.fr\/index.php\/wp-json\/wp\/v2\/product_brand?post=10886"},{"taxonomy":"product_cat","embeddable":true,"href":"https:\/\/comlm.fr\/index.php\/wp-json\/wp\/v2\/product_cat?post=10886"},{"taxonomy":"product_tag","embeddable":true,"href":"https:\/\/comlm.fr\/index.php\/wp-json\/wp\/v2\/product_tag?post=10886"}],"curies":[{"name":"wp","href":"https:\/\/api.w.org\/{rel}","templated":true}]}}