{"id":10871,"date":"2025-04-15T15:19:16","date_gmt":"2025-04-15T13:19:16","guid":{"rendered":"https:\/\/comlm.fr\/?post_type=product&#038;p=10871"},"modified":"2025-04-15T15:33:17","modified_gmt":"2025-04-15T13:33:17","slug":"copy-3-copy","status":"publish","type":"product","link":"https:\/\/comlm.fr\/index.php\/produit\/copy-3-copy\/","title":{"rendered":"M\u00e9langeur Vid\u00e9o Blackmagic ATEM Extreme ISO"},"content":{"rendered":"<p>Blackmagic ATEM HDMI Extreme ISO<\/p>\n<h4>La production live nouvelle g\u00e9n\u00e9ration !<\/h4>\n<p>Le design compact tout-en-un de l\u2019ATEM Mini comprend un panneau de contr\u00f4le ainsi que des connexions. Le panneau avant inclut des boutons faciles d\u2019utilisation pour la s\u00e9lection des sources, ainsi que les diff\u00e9rents effets vid\u00e9o et transitions. Comme les boutons d\u00e9di\u00e9s aux sources sont grands, ils sont reconnaissables au toucher et permettent au pr\u00e9sentateur d\u2019effectuer facilement les commutations. Vous disposez \u00e9galement de boutons pour le mixage audio. Sur les mod\u00e8les ATEM Mini Pro et Extreme, vous trouverez des boutons pour l\u2019enregistrement et pour le streaming, ainsi que pour la s\u00e9lection des sorties. Ces derniers permettent d\u2019envoyer le signal de sortie vid\u00e9o vers les cam\u00e9ras, le programme et le multi view. \u00c0 l\u2019arri\u00e8re du panneau, vous trouverez des connexions HDMI pour les cam\u00e9ras et les ordinateurs, des entr\u00e9es pour micro suppl\u00e9mentaires, une sortie USB pour webcam, ainsi qu\u2019une sortie \u00ab aux \u00bb HDMI pour la vid\u00e9o du programme.<\/p>\n<h3>Connexions<\/h3>\n<ul>\n<li>\u00a0entr\u00e9es HDMI<\/li>\n<li>2 Sorties HDMI ind\u00e9pendantes<\/li>\n<li>2x connecteurs USB C ind\u00e9pendants pour Rec, webcam, contr\u00f4le logiciel, MAJ<\/li>\n<li>Rec jusqu&#8217;\u00e0 9 streams vid\u00e9o H.264<\/li>\n<li>Streaming RTMP via Ethernet ou USB-C<\/li>\n<li>Conversion de formats sur les entr\u00e9es<\/li>\n<\/ul>\n","protected":false},"excerpt":{"rendered":"<p>Blackmagic ATEM HDMI Extreme ISO La production live nouvelle g\u00e9n\u00e9ration ! Le design compact tout-en-un de l\u2019ATEM Mini comprend un panneau de contr\u00f4le ainsi que des connexions. Le panneau avant [&hellip;]<\/p>\n","protected":false},"featured_media":10867,"template":"","meta":[],"product_brand":[],"product_cat":[117,274,229],"product_tag":[],"class_list":{"0":"post-10871","1":"product","2":"type-product","3":"status-publish","4":"has-post-thumbnail","6":"product_cat-captation","7":"product_cat-melangeurs","8":"product_cat-video","11":"first","12":"instock","13":"taxable","14":"shipping-taxable","15":"product-type-simple"},"aioseo_notices":[],"_links":{"self":[{"href":"https:\/\/comlm.fr\/index.php\/wp-json\/wp\/v2\/product\/10871","targetHints":{"allow":["GET"]}}],"collection":[{"href":"https:\/\/comlm.fr\/index.php\/wp-json\/wp\/v2\/product"}],"about":[{"href":"https:\/\/comlm.fr\/index.php\/wp-json\/wp\/v2\/types\/product"}],"version-history":[{"count":3,"href":"https:\/\/comlm.fr\/index.php\/wp-json\/wp\/v2\/product\/10871\/revisions"}],"predecessor-version":[{"id":10876,"href":"https:\/\/comlm.fr\/index.php\/wp-json\/wp\/v2\/product\/10871\/revisions\/10876"}],"wp:featuredmedia":[{"embeddable":true,"href":"https:\/\/comlm.fr\/index.php\/wp-json\/wp\/v2\/media\/10867"}],"wp:attachment":[{"href":"https:\/\/comlm.fr\/index.php\/wp-json\/wp\/v2\/media?parent=10871"}],"wp:term":[{"taxonomy":"product_brand","embeddable":true,"href":"https:\/\/comlm.fr\/index.php\/wp-json\/wp\/v2\/product_brand?post=10871"},{"taxonomy":"product_cat","embeddable":true,"href":"https:\/\/comlm.fr\/index.php\/wp-json\/wp\/v2\/product_cat?post=10871"},{"taxonomy":"product_tag","embeddable":true,"href":"https:\/\/comlm.fr\/index.php\/wp-json\/wp\/v2\/product_tag?post=10871"}],"curies":[{"name":"wp","href":"https:\/\/api.w.org\/{rel}","templated":true}]}}