{"id":10866,"date":"2025-04-15T14:47:12","date_gmt":"2025-04-15T12:47:12","guid":{"rendered":"https:\/\/comlm.fr\/?post_type=product&#038;p=10866"},"modified":"2025-04-15T15:14:49","modified_gmt":"2025-04-15T13:14:49","slug":"copy-3","status":"publish","type":"product","link":"https:\/\/comlm.fr\/index.php\/produit\/copy-3\/","title":{"rendered":"M\u00e9langeur Vid\u00e9o Blackmagic ATEM SDI Extreme ISO"},"content":{"rendered":"<p>Blackmagic ATEM SDI Extreme ISO<\/p>\n<h4>La production live nouvelle g\u00e9n\u00e9ration !<\/h4>\n<p>L\u2019<b>\u00a0ATEM SDI Extreme ISO<\/b>\u00a0offre le design portable de l\u2019ATEM Mini. Toutefois, ses connexions SDI vous permettent de connecter des cam\u00e9ras et des enregistreurs de qualit\u00e9 broadcast. C\u2019est donc une solution de production en direct nouvelle g\u00e9n\u00e9ration ! Gr\u00e2ce \u00e0 son design ultra portable, vous pouvez transporter un syst\u00e8me de production en direct de qualit\u00e9 broadcast dans un sac \u00e0 dos ! Utilisez plusieurs cam\u00e9ras sur site et streamez leur contenu directement sur YouTube, ou cr\u00e9ez un lien de qualit\u00e9 broadcast vers un studio avec l\u2019ATEM Streaming Bridge. Contrairement aux tournages \u00e0 distance comprenant une seule cam\u00e9ra, l\u2019<b>\u00a0ATEM SDI Extreme ISO<\/b>\u00a0vous permet de connecter plusieurs cam\u00e9ras pour cr\u00e9er des interviews avec de multiples angles.<\/p>\n<h3>Connexions<\/h3>\n<p>Nombre total d&#8217;entr\u00e9es vid\u00e9o : 8<\/p>\n<p>Nombre total de sorties vid\u00e9o : 6<\/p>\n<p>Nombre total de sorties auxiliaires : 4<\/p>\n<p>Nombre total d&#8217;entr\u00e9es audio : 2 x mini jack st\u00e9r\u00e9o 3,5 mm.<\/p>\n<p>Nombre total de sorties audio : 1 x mini jack st\u00e9r\u00e9o 3,5 mm.<\/p>\n<p>Entr\u00e9es vid\u00e9o SDI : 8 x 3G-SDI, commutables en HD 10 bits.<\/p>\n","protected":false},"excerpt":{"rendered":"<p>Blackmagic ATEM SDI Extreme ISO La production live nouvelle g\u00e9n\u00e9ration ! L\u2019\u00a0ATEM SDI Extreme ISO\u00a0offre le design portable de l\u2019ATEM Mini. Toutefois, ses connexions SDI vous permettent de connecter des [&hellip;]<\/p>\n","protected":false},"featured_media":10867,"template":"","meta":[],"product_brand":[],"product_cat":[117,274,229],"product_tag":[],"class_list":{"0":"post-10866","1":"product","2":"type-product","3":"status-publish","4":"has-post-thumbnail","6":"product_cat-captation","7":"product_cat-melangeurs","8":"product_cat-video","11":"first","12":"instock","13":"taxable","14":"shipping-taxable","15":"product-type-simple"},"aioseo_notices":[],"_links":{"self":[{"href":"https:\/\/comlm.fr\/index.php\/wp-json\/wp\/v2\/product\/10866","targetHints":{"allow":["GET"]}}],"collection":[{"href":"https:\/\/comlm.fr\/index.php\/wp-json\/wp\/v2\/product"}],"about":[{"href":"https:\/\/comlm.fr\/index.php\/wp-json\/wp\/v2\/types\/product"}],"version-history":[{"count":1,"href":"https:\/\/comlm.fr\/index.php\/wp-json\/wp\/v2\/product\/10866\/revisions"}],"predecessor-version":[{"id":10870,"href":"https:\/\/comlm.fr\/index.php\/wp-json\/wp\/v2\/product\/10866\/revisions\/10870"}],"wp:featuredmedia":[{"embeddable":true,"href":"https:\/\/comlm.fr\/index.php\/wp-json\/wp\/v2\/media\/10867"}],"wp:attachment":[{"href":"https:\/\/comlm.fr\/index.php\/wp-json\/wp\/v2\/media?parent=10866"}],"wp:term":[{"taxonomy":"product_brand","embeddable":true,"href":"https:\/\/comlm.fr\/index.php\/wp-json\/wp\/v2\/product_brand?post=10866"},{"taxonomy":"product_cat","embeddable":true,"href":"https:\/\/comlm.fr\/index.php\/wp-json\/wp\/v2\/product_cat?post=10866"},{"taxonomy":"product_tag","embeddable":true,"href":"https:\/\/comlm.fr\/index.php\/wp-json\/wp\/v2\/product_tag?post=10866"}],"curies":[{"name":"wp","href":"https:\/\/api.w.org\/{rel}","templated":true}]}}