{"id":10859,"date":"2025-04-15T13:13:19","date_gmt":"2025-04-15T11:13:19","guid":{"rendered":"https:\/\/comlm.fr\/?post_type=product&#038;p=10859"},"modified":"2025-04-15T13:17:41","modified_gmt":"2025-04-15T11:17:41","slug":"copy-copy-2-copy-copy","status":"publish","type":"product","link":"https:\/\/comlm.fr\/index.php\/produit\/copy-copy-2-copy-copy\/","title":{"rendered":"NANLITE Panneau LED Mixpanel 150"},"content":{"rendered":"<p>NANLITE<\/p>\n<p>Nanlite MixPanel 150. Combine de mani\u00e8re unique trois sources de lumi\u00e8re LED dans un bo\u00eetier compact, vous donnant la possibilit\u00e9 de basculer entre la lumi\u00e8re dure, la lumi\u00e8re douce et la lumi\u00e8re color\u00e9e au simple toucher d&#8217;un bouton. Coupl\u00e9 avec une sortie lumineuse ultra-brillante (14950 Lux @ 1m 5600K Hard Light Boost Mode), une gradation de 0 \u00e0 100%, un IRC de 98, un TLCI de 95, un r\u00e9glage vert \/ magenta, 43 pr\u00e9r\u00e9glages de gel dans deux sources lumineuses (3200K et 5600K) et 9 effets sp\u00e9ciaux.<\/p>\n<p style=\"text-align: left; color: #333333; text-transform: none; text-indent: 0px; letter-spacing: normal; font-family: 'Open Sans', Helvetica, Arial, sans-serif; font-size: 16px; font-style: normal; font-weight: 400; margin-top: 0px; margin-bottom: 1rem; background-color: #ffffff;\">Caract\u00e9ristiques :<\/p>\n<ul>\n<li style=\"text-align: left; color: #333333; text-transform: none; text-indent: 0px; letter-spacing: normal; font-family: 'Open Sans', Helvetica, Arial, sans-serif; font-size: 16px; font-style: normal; font-weight: 400; background-color: #ffffff;\">Dimensions : 482 X 82 X 415 mm :\u00a0 4,1 kilogrammes<\/li>\n<li>TEMP COULEUR: 2700-7500K<\/li>\n<li>Puissance maximale absorb\u00e9e: 150 w<\/li>\n<li>SOURCE D&#8217;ALIMENTATION: DC24V \/ 7,5A<\/li>\n<\/ul>\n","protected":false},"excerpt":{"rendered":"<p>NANLITE Nanlite MixPanel 150. Combine de mani\u00e8re unique trois sources de lumi\u00e8re LED dans un bo\u00eetier compact, vous donnant la possibilit\u00e9 de basculer entre la lumi\u00e8re dure, la lumi\u00e8re douce [&hellip;]<\/p>\n","protected":false},"featured_media":10860,"template":"","meta":[],"product_brand":[],"product_cat":[15],"product_tag":[],"class_list":{"0":"post-10859","1":"product","2":"type-product","3":"status-publish","4":"has-post-thumbnail","6":"product_cat-non-classe","9":"first","10":"instock","11":"taxable","12":"shipping-taxable","13":"product-type-simple"},"aioseo_notices":[],"_links":{"self":[{"href":"https:\/\/comlm.fr\/index.php\/wp-json\/wp\/v2\/product\/10859","targetHints":{"allow":["GET"]}}],"collection":[{"href":"https:\/\/comlm.fr\/index.php\/wp-json\/wp\/v2\/product"}],"about":[{"href":"https:\/\/comlm.fr\/index.php\/wp-json\/wp\/v2\/types\/product"}],"version-history":[{"count":1,"href":"https:\/\/comlm.fr\/index.php\/wp-json\/wp\/v2\/product\/10859\/revisions"}],"predecessor-version":[{"id":10862,"href":"https:\/\/comlm.fr\/index.php\/wp-json\/wp\/v2\/product\/10859\/revisions\/10862"}],"wp:featuredmedia":[{"embeddable":true,"href":"https:\/\/comlm.fr\/index.php\/wp-json\/wp\/v2\/media\/10860"}],"wp:attachment":[{"href":"https:\/\/comlm.fr\/index.php\/wp-json\/wp\/v2\/media?parent=10859"}],"wp:term":[{"taxonomy":"product_brand","embeddable":true,"href":"https:\/\/comlm.fr\/index.php\/wp-json\/wp\/v2\/product_brand?post=10859"},{"taxonomy":"product_cat","embeddable":true,"href":"https:\/\/comlm.fr\/index.php\/wp-json\/wp\/v2\/product_cat?post=10859"},{"taxonomy":"product_tag","embeddable":true,"href":"https:\/\/comlm.fr\/index.php\/wp-json\/wp\/v2\/product_tag?post=10859"}],"curies":[{"name":"wp","href":"https:\/\/api.w.org\/{rel}","templated":true}]}}