{"id":10856,"date":"2025-04-15T13:01:31","date_gmt":"2025-04-15T11:01:31","guid":{"rendered":"https:\/\/comlm.fr\/?post_type=product&#038;p=10856"},"modified":"2025-04-15T14:34:45","modified_gmt":"2025-04-15T12:34:45","slug":"copy-copy-2-copy","status":"publish","type":"product","link":"https:\/\/comlm.fr\/index.php\/produit\/copy-copy-2-copy\/","title":{"rendered":"BEAMZ PAR LED SUR BATTERIE"},"content":{"rendered":"<p>BEAMZ<\/p>\n<p>UN PROJECTEUR PAR LED POUR TOUS : Le projeteur LED BeamZ <strong>BBP96<\/strong>\u00a0est un projecteur PAR haut de gamme, sp\u00e9cialement con\u00e7u pour mettre en valeur objets et d\u00e9cors. Permet d&#8217;\u00e9clairer ou de fixer un point pr\u00e9cis. Ses 6 LEDs permettent des projections color\u00e9es avec un nombre infini de variation.<\/p>\n<p style=\"text-align: left; color: #333333; text-transform: none; text-indent: 0px; letter-spacing: normal; font-family: 'Open Sans', Helvetica, Arial, sans-serif; font-size: 16px; font-style: normal; font-weight: 400; margin-top: 0px; margin-bottom: 1rem; background-color: #ffffff;\">Caract\u00e9ristiques :<\/p>\n<ul>\n<li style=\"text-align: left; color: #333333; text-transform: none; text-indent: 0px; letter-spacing: normal; font-family: 'Open Sans', Helvetica, Arial, sans-serif; font-size: 16px; font-style: normal; font-weight: 400; background-color: #ffffff;\">Dimensions BBP96 : 13,5 x 13,5 x 20 cm; 2,9 kilogrammes<\/li>\n<li>Flux lumineux 7000 lux<\/li>\n<li>6-en-1 RGBAW-UV<\/li>\n<li>Consommation \u00e9lectrique des LED : 72 W<\/li>\n<\/ul>\n","protected":false},"excerpt":{"rendered":"<p>BEAMZ UN PROJECTEUR PAR LED POUR TOUS : Le projeteur LED BeamZ BBP96\u00a0est un projecteur PAR haut de gamme, sp\u00e9cialement con\u00e7u pour mettre en valeur objets et d\u00e9cors. Permet d&#8217;\u00e9clairer [&hellip;]<\/p>\n","protected":false},"featured_media":10857,"template":"","meta":[],"product_brand":[],"product_cat":[249,232],"product_tag":[],"class_list":{"0":"post-10856","1":"product","2":"type-product","3":"status-publish","4":"has-post-thumbnail","6":"product_cat-decorations","7":"product_cat-eclairage","10":"first","11":"instock","12":"taxable","13":"shipping-taxable","14":"product-type-simple"},"aioseo_notices":[],"_links":{"self":[{"href":"https:\/\/comlm.fr\/index.php\/wp-json\/wp\/v2\/product\/10856","targetHints":{"allow":["GET"]}}],"collection":[{"href":"https:\/\/comlm.fr\/index.php\/wp-json\/wp\/v2\/product"}],"about":[{"href":"https:\/\/comlm.fr\/index.php\/wp-json\/wp\/v2\/types\/product"}],"version-history":[{"count":1,"href":"https:\/\/comlm.fr\/index.php\/wp-json\/wp\/v2\/product\/10856\/revisions"}],"predecessor-version":[{"id":10858,"href":"https:\/\/comlm.fr\/index.php\/wp-json\/wp\/v2\/product\/10856\/revisions\/10858"}],"wp:featuredmedia":[{"embeddable":true,"href":"https:\/\/comlm.fr\/index.php\/wp-json\/wp\/v2\/media\/10857"}],"wp:attachment":[{"href":"https:\/\/comlm.fr\/index.php\/wp-json\/wp\/v2\/media?parent=10856"}],"wp:term":[{"taxonomy":"product_brand","embeddable":true,"href":"https:\/\/comlm.fr\/index.php\/wp-json\/wp\/v2\/product_brand?post=10856"},{"taxonomy":"product_cat","embeddable":true,"href":"https:\/\/comlm.fr\/index.php\/wp-json\/wp\/v2\/product_cat?post=10856"},{"taxonomy":"product_tag","embeddable":true,"href":"https:\/\/comlm.fr\/index.php\/wp-json\/wp\/v2\/product_tag?post=10856"}],"curies":[{"name":"wp","href":"https:\/\/api.w.org\/{rel}","templated":true}]}}