{"id":10850,"date":"2025-04-15T12:16:35","date_gmt":"2025-04-15T10:16:35","guid":{"rendered":"https:\/\/comlm.fr\/?post_type=product&#038;p=10850"},"modified":"2025-04-15T14:35:56","modified_gmt":"2025-04-15T12:35:56","slug":"copy-2-copy","status":"publish","type":"product","link":"https:\/\/comlm.fr\/index.php\/produit\/copy-2-copy\/","title":{"rendered":"ASTERA AX2 BARRE DE LED"},"content":{"rendered":"<p>ASTERA AX2<\/p>\n<p>Le PixelBar d\u2019Astera est une barre LED sans-fil avec batterie int\u00e9gr\u00e9e et gestion individuelle de chaque pixel. Ses LED offre un rendu colorim\u00e9trique particuli\u00e8rement \u00e9lev\u00e9, une calibration num\u00e9rique des couleurs et un faisceau natif de 21\u00b0. Gr\u00e2ce \u00e0 ses pieds multi-fonctions, ses capacit\u00e9s d\u2019accroche, ses inserts connectables et son rail Aero, il peut \u00eatre assembl\u00e9 rapidement dans de nombreuses fa\u00e7ons. Il convient particuli\u00e8rement \u00e0 l\u2019\u00e9clairage de concerts, d\u2019\u00e9v\u00e9nements d\u2019entreprise, d\u2019\u00e9mission TV, etc.<\/p>\n<ul>\n<li style=\"text-align: left; color: #333333; text-transform: none; text-indent: 0px; letter-spacing: normal; font-family: 'Open Sans', Helvetica, Arial, sans-serif; font-size: 16px; font-style: normal; font-weight: 400; background-color: #ffffff;\">\u00a0Dimensions 100 cm<\/li>\n<li>Puissance totale des Led 160 watts<\/li>\n<li>DMX : oui<\/li>\n<\/ul>\n","protected":false},"excerpt":{"rendered":"<p>ASTERA AX2 Le PixelBar d\u2019Astera est une barre LED sans-fil avec batterie int\u00e9gr\u00e9e et gestion individuelle de chaque pixel. Ses LED offre un rendu colorim\u00e9trique particuli\u00e8rement \u00e9lev\u00e9, une calibration num\u00e9rique [&hellip;]<\/p>\n","protected":false},"featured_media":10851,"template":"","meta":[],"product_brand":[],"product_cat":[249,232,251],"product_tag":[],"class_list":{"0":"post-10850","1":"product","2":"type-product","3":"status-publish","4":"has-post-thumbnail","6":"product_cat-decorations","7":"product_cat-eclairage","8":"product_cat-effets","11":"first","12":"instock","13":"taxable","14":"shipping-taxable","15":"product-type-simple"},"aioseo_notices":[],"_links":{"self":[{"href":"https:\/\/comlm.fr\/index.php\/wp-json\/wp\/v2\/product\/10850","targetHints":{"allow":["GET"]}}],"collection":[{"href":"https:\/\/comlm.fr\/index.php\/wp-json\/wp\/v2\/product"}],"about":[{"href":"https:\/\/comlm.fr\/index.php\/wp-json\/wp\/v2\/types\/product"}],"version-history":[{"count":1,"href":"https:\/\/comlm.fr\/index.php\/wp-json\/wp\/v2\/product\/10850\/revisions"}],"predecessor-version":[{"id":10852,"href":"https:\/\/comlm.fr\/index.php\/wp-json\/wp\/v2\/product\/10850\/revisions\/10852"}],"wp:featuredmedia":[{"embeddable":true,"href":"https:\/\/comlm.fr\/index.php\/wp-json\/wp\/v2\/media\/10851"}],"wp:attachment":[{"href":"https:\/\/comlm.fr\/index.php\/wp-json\/wp\/v2\/media?parent=10850"}],"wp:term":[{"taxonomy":"product_brand","embeddable":true,"href":"https:\/\/comlm.fr\/index.php\/wp-json\/wp\/v2\/product_brand?post=10850"},{"taxonomy":"product_cat","embeddable":true,"href":"https:\/\/comlm.fr\/index.php\/wp-json\/wp\/v2\/product_cat?post=10850"},{"taxonomy":"product_tag","embeddable":true,"href":"https:\/\/comlm.fr\/index.php\/wp-json\/wp\/v2\/product_tag?post=10850"}],"curies":[{"name":"wp","href":"https:\/\/api.w.org\/{rel}","templated":true}]}}