{"id":10846,"date":"2025-04-15T12:07:11","date_gmt":"2025-04-15T10:07:11","guid":{"rendered":"https:\/\/comlm.fr\/?post_type=product&#038;p=10846"},"modified":"2025-04-15T14:36:24","modified_gmt":"2025-04-15T12:36:24","slug":"copy-2","status":"publish","type":"product","link":"https:\/\/comlm.fr\/index.php\/produit\/copy-2\/","title":{"rendered":"DECOUPE LED ROBERT JULIAT \u2013 SULLY 650SX"},"content":{"rendered":"<p>ROBERT JULIAT<\/p>\n<p>Sully 650SX est une s\u00e9rie de d\u00e9coupes \u00e0 zoom variable dot\u00e9e d\u2019une source LED 115 W<\/p>\n<p>Caract\u00e9ristiques g\u00e9n\u00e9rales de la gamme d\u00e9coupe SX<\/p>\n<ul>\n<li style=\"text-align: left; color: #333333; text-transform: none; text-indent: 0px; letter-spacing: normal; font-family: 'Open Sans', Helvetica, Arial, sans-serif; font-size: 16px; font-style: normal; font-weight: 400; background-color: #ffffff;\">\u00a0Source LED 115W<\/li>\n<li>Disponible en blanc chaud 3000K (IRC 98) et blanc froid 5700K (IRC 93)<\/li>\n<li>Alimentation \u00e9lectronique\u00a0sans scintillement int\u00e9gr\u00e9e<\/li>\n<\/ul>\n","protected":false},"excerpt":{"rendered":"<p>ROBERT JULIAT Sully 650SX est une s\u00e9rie de d\u00e9coupes \u00e0 zoom variable dot\u00e9e d\u2019une source LED 115 W Caract\u00e9ristiques g\u00e9n\u00e9rales de la gamme d\u00e9coupe SX \u00a0Source LED 115W Disponible en [&hellip;]<\/p>\n","protected":false},"featured_media":10848,"template":"","meta":[],"product_brand":[],"product_cat":[232,246],"product_tag":[],"class_list":{"0":"post-10846","1":"product","2":"type-product","3":"status-publish","4":"has-post-thumbnail","6":"product_cat-eclairage","7":"product_cat-traditionnels-led","10":"first","11":"instock","12":"taxable","13":"shipping-taxable","14":"product-type-simple"},"aioseo_notices":[],"_links":{"self":[{"href":"https:\/\/comlm.fr\/index.php\/wp-json\/wp\/v2\/product\/10846","targetHints":{"allow":["GET"]}}],"collection":[{"href":"https:\/\/comlm.fr\/index.php\/wp-json\/wp\/v2\/product"}],"about":[{"href":"https:\/\/comlm.fr\/index.php\/wp-json\/wp\/v2\/types\/product"}],"version-history":[{"count":1,"href":"https:\/\/comlm.fr\/index.php\/wp-json\/wp\/v2\/product\/10846\/revisions"}],"predecessor-version":[{"id":10849,"href":"https:\/\/comlm.fr\/index.php\/wp-json\/wp\/v2\/product\/10846\/revisions\/10849"}],"wp:featuredmedia":[{"embeddable":true,"href":"https:\/\/comlm.fr\/index.php\/wp-json\/wp\/v2\/media\/10848"}],"wp:attachment":[{"href":"https:\/\/comlm.fr\/index.php\/wp-json\/wp\/v2\/media?parent=10846"}],"wp:term":[{"taxonomy":"product_brand","embeddable":true,"href":"https:\/\/comlm.fr\/index.php\/wp-json\/wp\/v2\/product_brand?post=10846"},{"taxonomy":"product_cat","embeddable":true,"href":"https:\/\/comlm.fr\/index.php\/wp-json\/wp\/v2\/product_cat?post=10846"},{"taxonomy":"product_tag","embeddable":true,"href":"https:\/\/comlm.fr\/index.php\/wp-json\/wp\/v2\/product_tag?post=10846"}],"curies":[{"name":"wp","href":"https:\/\/api.w.org\/{rel}","templated":true}]}}