{"id":10843,"date":"2025-04-15T11:56:34","date_gmt":"2025-04-15T09:56:34","guid":{"rendered":"https:\/\/comlm.fr\/?post_type=product&#038;p=10843"},"modified":"2025-04-15T14:37:05","modified_gmt":"2025-04-15T12:37:05","slug":"copy-copy-copy","status":"publish","type":"product","link":"https:\/\/comlm.fr\/index.php\/produit\/copy-copy-copy\/","title":{"rendered":"ASTERA &#8211; AX1-TUBE NEON"},"content":{"rendered":"<p>ASTERA<\/p>\n<p>L\u2019AX1 est un tube LED RGBW contr\u00f4lable pixel-par-pixel. Il peut \u00eatre utilis\u00e9 aussi bien en concert, pour des \u00e9v\u00e9nements et des tournages de films. A la fois lumi\u00e8re d\u2019ambiance, \u00e9clairage de portrait ou effets lumineux, ce projecteur tr\u00e8s cr\u00e9atif offre une gamme infinie de possibilit\u00e9s.<\/p>\n<p style=\"text-align: left; color: #333333; text-transform: none; text-indent: 0px; letter-spacing: normal; font-family: 'Open Sans', Helvetica, Arial, sans-serif; font-size: 16px; font-style: normal; font-weight: 400; margin-top: 0px; margin-bottom: 1rem; background-color: #ffffff;\">Caract\u00e9ristiques :<\/p>\n<ul>\n<li>Dimensions \u00d8\u00a043 x 1035 mm \/ \u00d8\u00a01.6&#8243; x 40.7&#8243;<\/li>\n<li>\n<table class=\"table_3sxa25I0gg\" data-selenium=\"specsItemGroupTable\">\n<tbody>\n<tr class=\"pair_3sxa25I0gg\" data-selenium=\"specsItemGroupTableRow\">\n<td class=\"label_3sxa25I0gg\" data-selenium=\"specsItemGroupTableColumnLabel\">Poids du tube<\/td>\n<td class=\"value_3sxa25I0gg\" data-selenium=\"specsItemGroupTableColumnValue\">1,00 kg<\/td>\n<\/tr>\n<\/tbody>\n<\/table>\n<\/li>\n<li>\n<table class=\"table_3sxa25I0gg\" data-selenium=\"specsItemGroupTable\">\n<tbody>\n<tr class=\"pair_3sxa25I0gg\" data-selenium=\"specsItemGroupTableRow\">\n<td class=\"label_3sxa25I0gg\" data-selenium=\"specsItemGroupTableColumnLabel\">Temp\u00e9rature de couleur<\/td>\n<td class=\"value_3sxa25I0gg\" data-selenium=\"specsItemGroupTableColumnValue\">1750K \u00e0 20,000K<\/td>\n<\/tr>\n<\/tbody>\n<\/table>\n<\/li>\n<li>Consommation \u00e9lectrique des LED : 48 W<\/li>\n<\/ul>\n","protected":false},"excerpt":{"rendered":"<p>ASTERA L\u2019AX1 est un tube LED RGBW contr\u00f4lable pixel-par-pixel. Il peut \u00eatre utilis\u00e9 aussi bien en concert, pour des \u00e9v\u00e9nements et des tournages de films. A la fois lumi\u00e8re d\u2019ambiance, [&hellip;]<\/p>\n","protected":false},"featured_media":10844,"template":"","meta":[],"product_brand":[],"product_cat":[249,232,251],"product_tag":[],"class_list":{"0":"post-10843","1":"product","2":"type-product","3":"status-publish","4":"has-post-thumbnail","6":"product_cat-decorations","7":"product_cat-eclairage","8":"product_cat-effets","11":"first","12":"instock","13":"taxable","14":"shipping-taxable","15":"product-type-simple"},"aioseo_notices":[],"_links":{"self":[{"href":"https:\/\/comlm.fr\/index.php\/wp-json\/wp\/v2\/product\/10843","targetHints":{"allow":["GET"]}}],"collection":[{"href":"https:\/\/comlm.fr\/index.php\/wp-json\/wp\/v2\/product"}],"about":[{"href":"https:\/\/comlm.fr\/index.php\/wp-json\/wp\/v2\/types\/product"}],"version-history":[{"count":1,"href":"https:\/\/comlm.fr\/index.php\/wp-json\/wp\/v2\/product\/10843\/revisions"}],"predecessor-version":[{"id":10845,"href":"https:\/\/comlm.fr\/index.php\/wp-json\/wp\/v2\/product\/10843\/revisions\/10845"}],"wp:featuredmedia":[{"embeddable":true,"href":"https:\/\/comlm.fr\/index.php\/wp-json\/wp\/v2\/media\/10844"}],"wp:attachment":[{"href":"https:\/\/comlm.fr\/index.php\/wp-json\/wp\/v2\/media?parent=10843"}],"wp:term":[{"taxonomy":"product_brand","embeddable":true,"href":"https:\/\/comlm.fr\/index.php\/wp-json\/wp\/v2\/product_brand?post=10843"},{"taxonomy":"product_cat","embeddable":true,"href":"https:\/\/comlm.fr\/index.php\/wp-json\/wp\/v2\/product_cat?post=10843"},{"taxonomy":"product_tag","embeddable":true,"href":"https:\/\/comlm.fr\/index.php\/wp-json\/wp\/v2\/product_tag?post=10843"}],"curies":[{"name":"wp","href":"https:\/\/api.w.org\/{rel}","templated":true}]}}