{"id":10840,"date":"2025-04-15T11:50:15","date_gmt":"2025-04-15T09:50:15","guid":{"rendered":"https:\/\/comlm.fr\/?post_type=product&#038;p=10840"},"modified":"2025-04-15T14:37:35","modified_gmt":"2025-04-15T12:37:35","slug":"copy-copy","status":"publish","type":"product","link":"https:\/\/comlm.fr\/index.php\/produit\/copy-copy\/","title":{"rendered":"ASTERA &#8211; FP1-TUBE NEON"},"content":{"rendered":"<p>ASTERA<\/p>\n<p>Le Tube Titan est le Tube Led parfait pour les directeurs photo, les vid\u00e9astes, la sc\u00e8ne ou tous vos \u00e9v\u00e9nements cr\u00e9atifs. Sa lumi\u00e8re puissante et pr\u00e9cise offre un rendu des couleurs tr\u00e8s \u00e9lev\u00e9, une maitrise de la temp\u00e9rature de couleur et une profondeur de teintes \u00e0 l\u2019ensemble du projecteur, ou par segment de pixel. Le tube Titan offre une gamme illimit\u00e9e d\u2019utilisation ; en int\u00e9rieur ou en ext\u00e9rieur, sur secteur ou sur batterie, en contr\u00f4le manuel ou \u00e0 distance avec l\u2019AsteraApp, en DMX avec ou sans-fil.<\/p>\n<p style=\"text-align: left; color: #333333; text-transform: none; text-indent: 0px; letter-spacing: normal; font-family: 'Open Sans', Helvetica, Arial, sans-serif; font-size: 16px; font-style: normal; font-weight: 400; margin-top: 0px; margin-bottom: 1rem; background-color: #ffffff;\">Caract\u00e9ristiques :<\/p>\n<ul>\n<li style=\"text-align: left; color: #333333; text-transform: none; text-indent: 0px; letter-spacing: normal; font-family: 'Open Sans', Helvetica, Arial, sans-serif; font-size: 16px; font-style: normal; font-weight: 400; background-color: #ffffff;\">\n<table class=\"table_3sxa25I0gg\" data-selenium=\"specsItemGroupTable\">\n<tbody>\n<tr class=\"pair_3sxa25I0gg\" data-selenium=\"specsItemGroupTableRow\">\n<td class=\"label_3sxa25I0gg\" data-selenium=\"specsItemGroupTableColumnLabel\">Dimensions du tube<\/td>\n<td class=\"value_3sxa25I0gg\" data-selenium=\"specsItemGroupTableColumnValue\">103,4\u00a0x 4,2\u00a0cm<\/td>\n<\/tr>\n<\/tbody>\n<\/table>\n<\/li>\n<li>\n<table class=\"table_3sxa25I0gg\" data-selenium=\"specsItemGroupTable\">\n<tbody>\n<tr class=\"pair_3sxa25I0gg\" data-selenium=\"specsItemGroupTableRow\">\n<td class=\"label_3sxa25I0gg\" data-selenium=\"specsItemGroupTableColumnLabel\">Poids du tube<\/td>\n<td class=\"value_3sxa25I0gg\" data-selenium=\"specsItemGroupTableColumnValue\">1,35\u00a0kg<\/td>\n<\/tr>\n<\/tbody>\n<\/table>\n<\/li>\n<li>\n<table class=\"table_3sxa25I0gg\" data-selenium=\"specsItemGroupTable\">\n<tbody>\n<tr class=\"pair_3sxa25I0gg\" data-selenium=\"specsItemGroupTableRow\">\n<td class=\"label_3sxa25I0gg\" data-selenium=\"specsItemGroupTableColumnLabel\">Temp\u00e9rature de couleur<\/td>\n<td class=\"value_3sxa25I0gg\" data-selenium=\"specsItemGroupTableColumnValue\">1750K \u00e0 20,000K<\/td>\n<\/tr>\n<\/tbody>\n<\/table>\n<\/li>\n<li>Consommation \u00e9lectrique des LED : 48 W<\/li>\n<\/ul>\n","protected":false},"excerpt":{"rendered":"<p>ASTERA Le Tube Titan est le Tube Led parfait pour les directeurs photo, les vid\u00e9astes, la sc\u00e8ne ou tous vos \u00e9v\u00e9nements cr\u00e9atifs. Sa lumi\u00e8re puissante et pr\u00e9cise offre un rendu [&hellip;]<\/p>\n","protected":false},"featured_media":10841,"template":"","meta":[],"product_brand":[],"product_cat":[249,232,251],"product_tag":[],"class_list":{"0":"post-10840","1":"product","2":"type-product","3":"status-publish","4":"has-post-thumbnail","6":"product_cat-decorations","7":"product_cat-eclairage","8":"product_cat-effets","11":"first","12":"instock","13":"taxable","14":"shipping-taxable","15":"product-type-simple"},"aioseo_notices":[],"_links":{"self":[{"href":"https:\/\/comlm.fr\/index.php\/wp-json\/wp\/v2\/product\/10840","targetHints":{"allow":["GET"]}}],"collection":[{"href":"https:\/\/comlm.fr\/index.php\/wp-json\/wp\/v2\/product"}],"about":[{"href":"https:\/\/comlm.fr\/index.php\/wp-json\/wp\/v2\/types\/product"}],"version-history":[{"count":1,"href":"https:\/\/comlm.fr\/index.php\/wp-json\/wp\/v2\/product\/10840\/revisions"}],"predecessor-version":[{"id":10842,"href":"https:\/\/comlm.fr\/index.php\/wp-json\/wp\/v2\/product\/10840\/revisions\/10842"}],"wp:featuredmedia":[{"embeddable":true,"href":"https:\/\/comlm.fr\/index.php\/wp-json\/wp\/v2\/media\/10841"}],"wp:attachment":[{"href":"https:\/\/comlm.fr\/index.php\/wp-json\/wp\/v2\/media?parent=10840"}],"wp:term":[{"taxonomy":"product_brand","embeddable":true,"href":"https:\/\/comlm.fr\/index.php\/wp-json\/wp\/v2\/product_brand?post=10840"},{"taxonomy":"product_cat","embeddable":true,"href":"https:\/\/comlm.fr\/index.php\/wp-json\/wp\/v2\/product_cat?post=10840"},{"taxonomy":"product_tag","embeddable":true,"href":"https:\/\/comlm.fr\/index.php\/wp-json\/wp\/v2\/product_tag?post=10840"}],"curies":[{"name":"wp","href":"https:\/\/api.w.org\/{rel}","templated":true}]}}