{"id":10835,"date":"2025-04-15T11:31:51","date_gmt":"2025-04-15T09:31:51","guid":{"rendered":"https:\/\/comlm.fr\/?post_type=product&#038;p=10835"},"modified":"2025-04-15T14:38:07","modified_gmt":"2025-04-15T12:38:07","slug":"copy","status":"publish","type":"product","link":"https:\/\/comlm.fr\/index.php\/produit\/copy\/","title":{"rendered":"ASTERA Fresnel Led  &#8211; AF80-KIT"},"content":{"rendered":"<p>ASTERA<\/p>\n<p>Le PlutoFresnel d\u2019Astera est id\u00e9al pour l\u2019\u00e9clairage de films, de studios et d\u2019\u00e9v\u00e9nements. Il offre le m\u00eame rendement qu\u2019un Fresnel Tungst\u00e8ne de 300W tout en ne consommant que 80W. Avec un angle de faisceau de 15\u00b0 \u00e0 60\u00b0, une performance sans frange de couleur et un contr\u00f4le DMX, il est facile \u00e0 monter et \u00e0 ajuster, am\u00e9liorant la cr\u00e9ativit\u00e9 sur n\u2019importe quel plateau.<\/p>\n<p style=\"text-align: left; color: #333333; text-transform: none; text-indent: 0px; letter-spacing: normal; font-family: 'Open Sans', Helvetica, Arial, sans-serif; font-size: 16px; font-style: normal; font-weight: 400; margin-top: 0px; margin-bottom: 1rem; background-color: #ffffff;\">Caract\u00e9ristiques :<\/p>\n<ul>\n<li style=\"text-align: left; color: #333333; text-transform: none; text-indent: 0px; letter-spacing: normal; font-family: 'Open Sans', Helvetica, Arial, sans-serif; font-size: 16px; font-style: normal; font-weight: 400; background-color: #ffffff;\">Dimensions AF80 : 282 x 153 x H 161 mm (6,4 Kg)<\/li>\n<li>Temp\u00e9rature de fonctionnement : 0 \u2013 40 \u00b0C<\/li>\n<li>DMX filaire : avec Powerbox<\/li>\n<li>Consommation \u00e9lectrique des LED : 80 W<\/li>\n<\/ul>\n","protected":false},"excerpt":{"rendered":"<p>ASTERA Le PlutoFresnel d\u2019Astera est id\u00e9al pour l\u2019\u00e9clairage de films, de studios et d\u2019\u00e9v\u00e9nements. Il offre le m\u00eame rendement qu\u2019un Fresnel Tungst\u00e8ne de 300W tout en ne consommant que 80W. [&hellip;]<\/p>\n","protected":false},"featured_media":10836,"template":"","meta":[],"product_brand":[],"product_cat":[232,246],"product_tag":[],"class_list":{"0":"post-10835","1":"product","2":"type-product","3":"status-publish","4":"has-post-thumbnail","6":"product_cat-eclairage","7":"product_cat-traditionnels-led","10":"first","11":"instock","12":"taxable","13":"shipping-taxable","14":"product-type-simple"},"aioseo_notices":[],"_links":{"self":[{"href":"https:\/\/comlm.fr\/index.php\/wp-json\/wp\/v2\/product\/10835","targetHints":{"allow":["GET"]}}],"collection":[{"href":"https:\/\/comlm.fr\/index.php\/wp-json\/wp\/v2\/product"}],"about":[{"href":"https:\/\/comlm.fr\/index.php\/wp-json\/wp\/v2\/types\/product"}],"version-history":[{"count":3,"href":"https:\/\/comlm.fr\/index.php\/wp-json\/wp\/v2\/product\/10835\/revisions"}],"predecessor-version":[{"id":10839,"href":"https:\/\/comlm.fr\/index.php\/wp-json\/wp\/v2\/product\/10835\/revisions\/10839"}],"wp:featuredmedia":[{"embeddable":true,"href":"https:\/\/comlm.fr\/index.php\/wp-json\/wp\/v2\/media\/10836"}],"wp:attachment":[{"href":"https:\/\/comlm.fr\/index.php\/wp-json\/wp\/v2\/media?parent=10835"}],"wp:term":[{"taxonomy":"product_brand","embeddable":true,"href":"https:\/\/comlm.fr\/index.php\/wp-json\/wp\/v2\/product_brand?post=10835"},{"taxonomy":"product_cat","embeddable":true,"href":"https:\/\/comlm.fr\/index.php\/wp-json\/wp\/v2\/product_cat?post=10835"},{"taxonomy":"product_tag","embeddable":true,"href":"https:\/\/comlm.fr\/index.php\/wp-json\/wp\/v2\/product_tag?post=10835"}],"curies":[{"name":"wp","href":"https:\/\/api.w.org\/{rel}","templated":true}]}}