{"id":10694,"date":"2023-07-03T14:26:57","date_gmt":"2023-07-03T12:26:57","guid":{"rendered":"http:\/\/comlm.fr\/?post_type=product&#038;p=10694"},"modified":"2025-04-15T17:32:52","modified_gmt":"2025-04-15T15:32:52","slug":"camera-tourelle-panasonic-aw-he-130","status":"publish","type":"product","link":"https:\/\/comlm.fr\/index.php\/produit\/camera-tourelle-panasonic-aw-he-130\/","title":{"rendered":"Cam\u00e9ra Tourelle Panasonic AW HE-130"},"content":{"rendered":"<p>Panasonic AW HE-130<\/p>\n<p><span style=\"color: #696969; text-transform: none; text-indent: 0px; letter-spacing: normal; font-family: 'Open Sans', sans-serif; font-size: 14px; font-style: normal; font-weight: 400; word-spacing: 0px; float: none; display: inline !important; white-space: normal; orphans: 2; widows: 2; background-color: #f2f2f2; -webkit-text-stroke-width: 0px; font-variant-ligatures: normal; font-variant-caps: normal; text-decoration-thickness: initial; text-decoration-style: initial; text-decoration-color: initial;\">La cam\u00e9ra robotis\u00e9e AW HE130K de Panasonic permet de filmer en Full HD \u00e0 l\u2019aide de ses trois capteurs MOS type 1\/2,86. Elle offre des images de haute qualit\u00e9 et b\u00e9n\u00e9ficie de plusieurs formats d\u2019enregistrement, d\u2019un zoom 20x, d\u2019un stabilisateur optique et de multiples interfaces.<\/span><\/p>\n","protected":false},"excerpt":{"rendered":"<p>Panasonic AW HE-130 La cam\u00e9ra robotis\u00e9e AW HE130K de Panasonic permet de filmer en Full HD \u00e0 l\u2019aide de ses trois capteurs MOS type 1\/2,86. Elle offre des images de [&hellip;]<\/p>\n","protected":false},"featured_media":10676,"template":"","meta":[],"product_brand":[],"product_cat":[272,117,229],"product_tag":[],"class_list":{"0":"post-10694","1":"product","2":"type-product","3":"status-publish","4":"has-post-thumbnail","6":"product_cat-cameras","7":"product_cat-captation","8":"product_cat-video","11":"first","12":"instock","13":"taxable","14":"shipping-taxable","15":"product-type-simple"},"aioseo_notices":[],"_links":{"self":[{"href":"https:\/\/comlm.fr\/index.php\/wp-json\/wp\/v2\/product\/10694","targetHints":{"allow":["GET"]}}],"collection":[{"href":"https:\/\/comlm.fr\/index.php\/wp-json\/wp\/v2\/product"}],"about":[{"href":"https:\/\/comlm.fr\/index.php\/wp-json\/wp\/v2\/types\/product"}],"version-history":[{"count":2,"href":"https:\/\/comlm.fr\/index.php\/wp-json\/wp\/v2\/product\/10694\/revisions"}],"predecessor-version":[{"id":10865,"href":"https:\/\/comlm.fr\/index.php\/wp-json\/wp\/v2\/product\/10694\/revisions\/10865"}],"wp:featuredmedia":[{"embeddable":true,"href":"https:\/\/comlm.fr\/index.php\/wp-json\/wp\/v2\/media\/10676"}],"wp:attachment":[{"href":"https:\/\/comlm.fr\/index.php\/wp-json\/wp\/v2\/media?parent=10694"}],"wp:term":[{"taxonomy":"product_brand","embeddable":true,"href":"https:\/\/comlm.fr\/index.php\/wp-json\/wp\/v2\/product_brand?post=10694"},{"taxonomy":"product_cat","embeddable":true,"href":"https:\/\/comlm.fr\/index.php\/wp-json\/wp\/v2\/product_cat?post=10694"},{"taxonomy":"product_tag","embeddable":true,"href":"https:\/\/comlm.fr\/index.php\/wp-json\/wp\/v2\/product_tag?post=10694"}],"curies":[{"name":"wp","href":"https:\/\/api.w.org\/{rel}","templated":true}]}}