{"id":10471,"date":"2022-08-02T13:38:36","date_gmt":"2022-08-02T11:38:36","guid":{"rendered":"http:\/\/comlm.fr\/?post_type=product&#038;p=10471"},"modified":"2022-08-02T13:40:55","modified_gmt":"2022-08-02T11:40:55","slug":"pc-portable-dell-15","status":"publish","type":"product","link":"https:\/\/comlm.fr\/index.php\/produit\/pc-portable-dell-15\/","title":{"rendered":"PC PORTABLE DELL 15"},"content":{"rendered":"<p>Pour composer un mur d\u2019images, il suffit simplement d\u2019assembler plusieurs \u00e9crans d\u2019affichage dynamique les uns \u00e0 c\u00f4t\u00e9 des autres. Ces \u00e9crans se coordonnent pour former un seul \u00e9cran g\u00e9ant diffusant une m\u00eame image ou vid\u00e9o. Vous obtiendrez ainsi un mur d\u2019\u00e9crans impressionnant et visible de loin.<\/p>\n","protected":false},"excerpt":{"rendered":"<p>i7 4.1ghz 16go ram 1to<br \/>\nNvidia GTX 1060<\/p>\n","protected":false},"featured_media":10472,"template":"","meta":[],"product_brand":[199],"product_cat":[198],"product_tag":[],"class_list":{"0":"post-10471","1":"product","2":"type-product","3":"status-publish","4":"has-post-thumbnail","6":"product_brand-dell","7":"product_cat-informatique-windows","10":"first","11":"instock","12":"featured","13":"taxable","14":"shipping-taxable","15":"purchasable","16":"product-type-simple"},"aioseo_notices":[],"_links":{"self":[{"href":"https:\/\/comlm.fr\/index.php\/wp-json\/wp\/v2\/product\/10471","targetHints":{"allow":["GET"]}}],"collection":[{"href":"https:\/\/comlm.fr\/index.php\/wp-json\/wp\/v2\/product"}],"about":[{"href":"https:\/\/comlm.fr\/index.php\/wp-json\/wp\/v2\/types\/product"}],"version-history":[{"count":1,"href":"https:\/\/comlm.fr\/index.php\/wp-json\/wp\/v2\/product\/10471\/revisions"}],"predecessor-version":[{"id":10477,"href":"https:\/\/comlm.fr\/index.php\/wp-json\/wp\/v2\/product\/10471\/revisions\/10477"}],"wp:featuredmedia":[{"embeddable":true,"href":"https:\/\/comlm.fr\/index.php\/wp-json\/wp\/v2\/media\/10472"}],"wp:attachment":[{"href":"https:\/\/comlm.fr\/index.php\/wp-json\/wp\/v2\/media?parent=10471"}],"wp:term":[{"taxonomy":"product_brand","embeddable":true,"href":"https:\/\/comlm.fr\/index.php\/wp-json\/wp\/v2\/product_brand?post=10471"},{"taxonomy":"product_cat","embeddable":true,"href":"https:\/\/comlm.fr\/index.php\/wp-json\/wp\/v2\/product_cat?post=10471"},{"taxonomy":"product_tag","embeddable":true,"href":"https:\/\/comlm.fr\/index.php\/wp-json\/wp\/v2\/product_tag?post=10471"}],"curies":[{"name":"wp","href":"https:\/\/api.w.org\/{rel}","templated":true}]}}