{"id":10268,"date":"2022-07-08T15:06:35","date_gmt":"2022-07-08T13:06:35","guid":{"rendered":"https:\/\/comlm.fr\/index.php\/produit\/23-iiyama-copy-copy-copy\/"},"modified":"2022-07-08T15:09:04","modified_gmt":"2022-07-08T13:09:04","slug":"23-iiyama-copy-copy-copy","status":"publish","type":"product","link":"https:\/\/comlm.fr\/index.php\/produit\/23-iiyama-copy-copy-copy\/","title":{"rendered":"49&#8243; SAMSUNG QM49N 125CM"},"content":{"rendered":"<p>Un \u00e9quipement professionnel efficace<\/p>\n<p>Avec une r\u00e9solution 4K UHD et une luminosit\u00e9 de 500 cd\/m\u00b2, l&#8217;\u00e9cran dynamique Samsung QM43R-A d\u00e9voilera tout son potentiel pour vos besoins professionnels. Retrouvez une image 43&#8243; au format 16:9, un fonctionnement 24\/7 pratique ainsi qu&#8217;une connectivit\u00e9 sans fil Wi-Fi et Bluetooth et une puissance sonore de 2 x 10 Watts. Ce mod\u00e8le dispose \u00e9galement d&#8217;un lecteur int\u00e9gr\u00e9 et d&#8217;une connectique compl\u00e8te avec deux ports HDMI 2.0, un connecteur DisplayPort 1.2 et deux ports USB.<\/p>\n<p>Un outil professionnel performant<\/p>\n<p>Pour g\u00e9rer facilement votre strat\u00e9gie visuelle, le QM43R-A int\u00e8gre Wi-Fi et Bluetooth ainsi que la solution tout-en-un SSSP 6.0 pour g\u00e9rer l&#8217;installation et la maintenance de votre \u00e9quipement. Retrouvez ainsi Tizen 4.0 et MagicINFO Player S6 pour r\u00e9pondre \u00e0 tous vos besoins ! <\/p>\n<p>Ce mod\u00e8le Samsung propose un fonctionnement 24\/7 et la possibilit\u00e9 de l&#8217;installer en mode portrait ou paysage. A l&#8217;arri\u00e8re, vous disposez de deux connecteurs HDMI 2.0, d&#8217;un connecteur DisplayPort 1.2, d&#8217;un port S\u00e9rie et d&#8217;un port Ethernet. C\u00f4t\u00e9 audio, deux haut-parleurs de 10 Watts sont int\u00e9gr\u00e9s pour accompagner parfaitement votre contenu au quotidien.<\/p>\n","protected":false},"excerpt":{"rendered":"<p>10 Points PCAP<br \/>\nDim. L H P en cm : 56.1 x 37.9 x 25.4<\/p>\n","protected":false},"featured_media":10270,"template":"","meta":[],"product_brand":[121],"product_cat":[169,167,61],"product_tag":[166],"class_list":{"0":"post-10268","1":"product","2":"type-product","3":"status-publish","4":"has-post-thumbnail","6":"product_brand-samsung","7":"product_cat-169","8":"product_cat-167","9":"product_cat-ecrans_led_4k","10":"product_tag-166","13":"first","14":"instock","15":"featured","16":"taxable","17":"shipping-taxable","18":"purchasable","19":"product-type-simple"},"aioseo_notices":[],"_links":{"self":[{"href":"https:\/\/comlm.fr\/index.php\/wp-json\/wp\/v2\/product\/10268","targetHints":{"allow":["GET"]}}],"collection":[{"href":"https:\/\/comlm.fr\/index.php\/wp-json\/wp\/v2\/product"}],"about":[{"href":"https:\/\/comlm.fr\/index.php\/wp-json\/wp\/v2\/types\/product"}],"version-history":[{"count":2,"href":"https:\/\/comlm.fr\/index.php\/wp-json\/wp\/v2\/product\/10268\/revisions"}],"predecessor-version":[{"id":10276,"href":"https:\/\/comlm.fr\/index.php\/wp-json\/wp\/v2\/product\/10268\/revisions\/10276"}],"wp:featuredmedia":[{"embeddable":true,"href":"https:\/\/comlm.fr\/index.php\/wp-json\/wp\/v2\/media\/10270"}],"wp:attachment":[{"href":"https:\/\/comlm.fr\/index.php\/wp-json\/wp\/v2\/media?parent=10268"}],"wp:term":[{"taxonomy":"product_brand","embeddable":true,"href":"https:\/\/comlm.fr\/index.php\/wp-json\/wp\/v2\/product_brand?post=10268"},{"taxonomy":"product_cat","embeddable":true,"href":"https:\/\/comlm.fr\/index.php\/wp-json\/wp\/v2\/product_cat?post=10268"},{"taxonomy":"product_tag","embeddable":true,"href":"https:\/\/comlm.fr\/index.php\/wp-json\/wp\/v2\/product_tag?post=10268"}],"curies":[{"name":"wp","href":"https:\/\/api.w.org\/{rel}","templated":true}]}}