{"id":10135,"date":"2022-07-08T00:42:14","date_gmt":"2022-07-07T22:42:14","guid":{"rendered":"https:\/\/comlm.fr\/index.php\/produit\/23-iyama-t2336msc-b2-58cm-copy\/"},"modified":"2022-07-08T00:51:22","modified_gmt":"2022-07-07T22:51:22","slug":"23-iyama-t2336msc-b2-58cm-copy","status":"publish","type":"product","link":"https:\/\/comlm.fr\/index.php\/produit\/23-iyama-t2336msc-b2-58cm-copy\/","title":{"rendered":"65&#8243; IIYAMA TF6538UHSC 165CM UHD"},"content":{"rendered":"<p><strong>\u00c9cran tactile LCD UHD 4K interactif de 86&#8221; avec logiciel d&#8217;annotation int\u00e9gr\u00e9<\/strong><\/p>\n<p>Partagez votre vision avec le ProLite TE8604MIS-B2AG ; une solution parfaite pour un usage \u00e9ducatif et d&#8217;entreprise. Son \u00e9cran tactile 86&#8221; PureTouch-IR 20 points avec iiWare 9.0 (Android OS) avec Note, navigateur Web, gestionnaire de fichiers, lecteurs cloud, WPS office et ScreenSharePro. Il est livr\u00e9 avec des stylets tactiles \u00e0 double fonction, permettant aux utilisateurs d&#8217;annoter facilement en 4K sur des fichiers et du contenu \u00e0 l&#8217;\u00e9cran qui peuvent \u00eatre enregistr\u00e9s directement sur un p\u00e9riph\u00e9rique USB, une m\u00e9moire interne de 32 Go ou un lecteur cloud s\u00e9lectionn\u00e9. L&#8217;\u00e9cran prend en charge la lecture de pr\u00e9sentations, de vid\u00e9os haute r\u00e9solution et de presque tous les autres types de contenu. Maintenant avec une connexion USB-C suppl\u00e9mentaire pour prendre en charge les derniers signaux vid\u00e9o, audio et tactiles via un seul port et m\u00eame charger votre appareil avec une alimentation de 65 W.<\/p>\n<p>L&#8217;\u00e9cran LCD IPS commercial de haute qualit\u00e9 avec une r\u00e9solution 4K UHD (3840&#215;2160), 350cd\/m\u00b2 et un rapport de contraste de 1200:1 fournit des images \u00e9clatantes, d\u00e9taill\u00e9es et de haute qualit\u00e9 depuis n&#8217;importe o\u00f9 dans la classe ou la salle de r\u00e9union. Le rev\u00eatement antireflet r\u00e9duit consid\u00e9rablement la r\u00e9flexion ambiante dans les environnements \u00e0 haute luminosit\u00e9 sans compromettre la nettet\u00e9 et la clart\u00e9 de l&#8217;image. L&#8217;\u00e9cran a une dur\u00e9e de fonctionnement ininterrompue 24h\/24 et 7j\/7 et est \u00e9quip\u00e9 d&#8217;un cadre enti\u00e8rement m\u00e9tallique, en verre tremp\u00e9 de 3 mm d&#8217;\u00e9paisseur pour assurer une durabilit\u00e9 robuste dans les environnements \u00e0 forte utilisation tels que les salles de classe ou les salles de r\u00e9union.<\/p>\n<p>Partagez, diffusez et \u00e9ditez du contenu \u00e0 partir de n&#8217;importe quel appareil directement sur l&#8217;\u00e9cran et transformez vos r\u00e9unions ou le\u00e7ons d&#8217;\u00e9quipe en une session interactive simple, rapide et transparente avec le module WiFi inclus ( OWM002 ), l&#8217;application ScreenSharePro et EShare.<\/p>\n","protected":false},"excerpt":{"rendered":"<p>50 Points PCAP<br \/>\nDim. L H P en cm : 150 x 90.5 x 6.8<\/p>\n","protected":false},"featured_media":10137,"template":"","meta":[],"product_brand":[122],"product_cat":[161,106],"product_tag":[162,123],"class_list":{"0":"post-10135","1":"product","2":"type-product","3":"status-publish","4":"has-post-thumbnail","6":"product_brand-iiyama","7":"product_cat-161","8":"product_cat-ecran_tactille_led","9":"product_tag-162","10":"product_tag-123","13":"first","14":"instock","15":"featured","16":"taxable","17":"shipping-taxable","18":"purchasable","19":"product-type-simple"},"aioseo_notices":[],"_links":{"self":[{"href":"https:\/\/comlm.fr\/index.php\/wp-json\/wp\/v2\/product\/10135","targetHints":{"allow":["GET"]}}],"collection":[{"href":"https:\/\/comlm.fr\/index.php\/wp-json\/wp\/v2\/product"}],"about":[{"href":"https:\/\/comlm.fr\/index.php\/wp-json\/wp\/v2\/types\/product"}],"version-history":[{"count":2,"href":"https:\/\/comlm.fr\/index.php\/wp-json\/wp\/v2\/product\/10135\/revisions"}],"predecessor-version":[{"id":10149,"href":"https:\/\/comlm.fr\/index.php\/wp-json\/wp\/v2\/product\/10135\/revisions\/10149"}],"wp:featuredmedia":[{"embeddable":true,"href":"https:\/\/comlm.fr\/index.php\/wp-json\/wp\/v2\/media\/10137"}],"wp:attachment":[{"href":"https:\/\/comlm.fr\/index.php\/wp-json\/wp\/v2\/media?parent=10135"}],"wp:term":[{"taxonomy":"product_brand","embeddable":true,"href":"https:\/\/comlm.fr\/index.php\/wp-json\/wp\/v2\/product_brand?post=10135"},{"taxonomy":"product_cat","embeddable":true,"href":"https:\/\/comlm.fr\/index.php\/wp-json\/wp\/v2\/product_cat?post=10135"},{"taxonomy":"product_tag","embeddable":true,"href":"https:\/\/comlm.fr\/index.php\/wp-json\/wp\/v2\/product_tag?post=10135"}],"curies":[{"name":"wp","href":"https:\/\/api.w.org\/{rel}","templated":true}]}}