{"id":10092,"date":"2022-07-01T15:47:02","date_gmt":"2022-07-01T13:47:02","guid":{"rendered":"http:\/\/comlm.fr\/?post_type=product&#038;p=10092"},"modified":"2022-07-08T14:56:33","modified_gmt":"2022-07-08T12:56:33","slug":"86-samsung-86bh7c-218cm-58-9-uhd","status":"publish","type":"product","link":"https:\/\/comlm.fr\/index.php\/produit\/86-samsung-86bh7c-218cm-58-9-uhd\/","title":{"rendered":"86&#8243; SAMSUNG 86BH7C 218CM 58\/9 UHD"},"content":{"rendered":"<p>Le LG Pro 86BH7C Ultra Stretch est un \u00e9cran IPS de 86&#8243;, soit une diagonale de 218 cm au format 58\/9\u00e8me. Sa r\u00e9solution en UHD-4K et sa luminosit\u00e9 de 700 cd\/m\u00b2 assure une pr\u00e9cision ultra-haute d\u00e9finition et donne une belle lisibilit\u00e9 \u00e0 vos contenus.<\/p>\n<p>Il est possible d&#8217;afficher jusqu&#8217;\u00e0 4 sources distinctes en simultan\u00e9. Avec sa dalle IPS, les messages diffus\u00e9s sont visibles quel que soit l&#8217;angle de vision.<\/p>\n<p>Le format &#8220;Ultra Stretch&#8221; in\u00e9dit permet de d\u00e9couper l&#8217;affichage de votre \u00e9cran en plusieurs zones.<\/p>\n<p>C\u00f4t\u00e9 connectique, 3 entr\u00e9es HDMI, 1 entr\u00e9e Display Port, 1 entr\u00e9e DVI, 2 ports USB et carte SD.<\/p>\n<p>Il offre la capacit\u00e9 d\u2019orienter l\u2019image en mode portrait ou paysage 24h\/7j, super pratique pour installer l\u2019\u00e9cran dans un sens ou dans l\u2019autre selon l\u2019environnement.<\/p>\n","protected":false},"excerpt":{"rendered":"<p>86BH7C &#8211; Ultra Stretch (3840&#215;600) &#8211; Vesa 600&#215;200<br \/>\nPlayer USB &#8211; Photo\/Video\/audio<br \/>\nIn : 3xHDMI &#8211; DVI &#8211; DP \/ out : DP<br \/>\nSans HP &#8211; Sortie audio Jack 3.5 &#8211; 180 watts<br \/>\nDim (LxHxP cm) 215,8&#215;34,8&#215;8,2 &#8211; 20,5 Kg<\/p>\n","protected":false},"featured_media":10247,"template":"","meta":[],"product_brand":[185],"product_cat":[189,67],"product_tag":[123],"class_list":{"0":"post-10092","1":"product","2":"type-product","3":"status-publish","4":"has-post-thumbnail","6":"product_brand-lg","7":"product_cat-86-ecrans_stretch","8":"product_cat-ecrans_stretch","9":"product_tag-123","12":"first","13":"instock","14":"featured","15":"taxable","16":"shipping-taxable","17":"purchasable","18":"product-type-simple"},"aioseo_notices":[],"_links":{"self":[{"href":"https:\/\/comlm.fr\/index.php\/wp-json\/wp\/v2\/product\/10092","targetHints":{"allow":["GET"]}}],"collection":[{"href":"https:\/\/comlm.fr\/index.php\/wp-json\/wp\/v2\/product"}],"about":[{"href":"https:\/\/comlm.fr\/index.php\/wp-json\/wp\/v2\/types\/product"}],"version-history":[{"count":2,"href":"https:\/\/comlm.fr\/index.php\/wp-json\/wp\/v2\/product\/10092\/revisions"}],"predecessor-version":[{"id":10253,"href":"https:\/\/comlm.fr\/index.php\/wp-json\/wp\/v2\/product\/10092\/revisions\/10253"}],"wp:featuredmedia":[{"embeddable":true,"href":"https:\/\/comlm.fr\/index.php\/wp-json\/wp\/v2\/media\/10247"}],"wp:attachment":[{"href":"https:\/\/comlm.fr\/index.php\/wp-json\/wp\/v2\/media?parent=10092"}],"wp:term":[{"taxonomy":"product_brand","embeddable":true,"href":"https:\/\/comlm.fr\/index.php\/wp-json\/wp\/v2\/product_brand?post=10092"},{"taxonomy":"product_cat","embeddable":true,"href":"https:\/\/comlm.fr\/index.php\/wp-json\/wp\/v2\/product_cat?post=10092"},{"taxonomy":"product_tag","embeddable":true,"href":"https:\/\/comlm.fr\/index.php\/wp-json\/wp\/v2\/product_tag?post=10092"}],"curies":[{"name":"wp","href":"https:\/\/api.w.org\/{rel}","templated":true}]}}