{"id":10088,"date":"2022-07-01T15:43:41","date_gmt":"2022-07-01T13:43:41","guid":{"rendered":"http:\/\/comlm.fr\/?post_type=product&#038;p=10088"},"modified":"2025-04-21T19:16:48","modified_gmt":"2025-04-21T17:16:48","slug":"82-samsung-dm82d-190cm","status":"publish","type":"product","link":"https:\/\/comlm.fr\/index.php\/produit\/82-samsung-dm82d-190cm\/","title":{"rendered":"82&#8243; SAMSUNG DM82D 190CM"},"content":{"rendered":"<p>Captez l&#8217;attention de votre audience 24 \/ 24 h et 7 jours sur 7<\/p>\n<p>Gr\u00e2ce \u00e0 sa dur\u00e9e de vie et \u00e0 sa fiabilit\u00e9, la s\u00e9rie DMD est la solution id\u00e9ale pour les entreprises dont l&#8217;activit\u00e9 n\u00e9cessite un usage ultra-intensif 24 \/ 24. En s&#8217;appuyant sur des technologies \u00e9prouv\u00e9es Samsung, vous pouvez d\u00e9velopper vos ventes en informant en permanence le consommateur sur vos produits et vos services gr\u00e2ce \u00e0 un moniteur professionnel de grande qualit\u00e9. Gr\u00e2ce \u00e0 sa luminosit\u00e9 de 450 cd\/m\u00b2, la s\u00e9rie DMD vous assure un contenu lisible et visible en environnement int\u00e9rieur.<\/p>\n<p>Simplifiez votre affichage dynamique gr\u00e2ce \u00e0 une solution tout-en-un<\/p>\n<p>Am\u00e9liorez votre productivit\u00e9 et r\u00e9duisez vos co\u00fbts op\u00e9rationnels gr\u00e2ce \u00e0 une solution d&#8217;affichage dynamique compl\u00e8te et simple d&#8217;utilisation. Le lecteur m\u00e9dia embarqu\u00e9 de 2 \u00e8me g\u00e9n\u00e9ration &#8220;Samsung Smart Signage Platform&#8221; \u00e9limine le besoin d&#8217;un PC externe. Le d\u00e9ploiement des contenus et l&#8217;installation peuvent \u00e9galement \u00eatre simplifi\u00e9s gr\u00e2ce \u00e0 la possiblit\u00e9 de cha\u00eener les \u00e9crans en eux. Il suffit alors d&#8217;une simple cl\u00e9 USB pour commencer \u00e0 communiquer efficacement.<\/p>\n","protected":false},"excerpt":{"rendered":"<p>Lecteur USB<br \/>\nM\u00e9moire interne<br \/>\nDim. L H P en cm : 186.2 x 111.2 x 9.9<\/p>\n","protected":false},"featured_media":10233,"template":"","meta":[],"product_brand":[121],"product_cat":[183,61,229],"product_tag":[184],"class_list":{"0":"post-10088","1":"product","2":"type-product","3":"status-publish","4":"has-post-thumbnail","6":"product_brand-samsung","7":"product_cat-183","8":"product_cat-ecrans_led_4k","9":"product_cat-video","10":"product_tag-184","13":"first","14":"instock","15":"featured","16":"taxable","17":"shipping-taxable","18":"purchasable","19":"product-type-simple"},"aioseo_notices":[],"_links":{"self":[{"href":"https:\/\/comlm.fr\/index.php\/wp-json\/wp\/v2\/product\/10088","targetHints":{"allow":["GET"]}}],"collection":[{"href":"https:\/\/comlm.fr\/index.php\/wp-json\/wp\/v2\/product"}],"about":[{"href":"https:\/\/comlm.fr\/index.php\/wp-json\/wp\/v2\/types\/product"}],"version-history":[{"count":3,"href":"https:\/\/comlm.fr\/index.php\/wp-json\/wp\/v2\/product\/10088\/revisions"}],"predecessor-version":[{"id":11368,"href":"https:\/\/comlm.fr\/index.php\/wp-json\/wp\/v2\/product\/10088\/revisions\/11368"}],"wp:featuredmedia":[{"embeddable":true,"href":"https:\/\/comlm.fr\/index.php\/wp-json\/wp\/v2\/media\/10233"}],"wp:attachment":[{"href":"https:\/\/comlm.fr\/index.php\/wp-json\/wp\/v2\/media?parent=10088"}],"wp:term":[{"taxonomy":"product_brand","embeddable":true,"href":"https:\/\/comlm.fr\/index.php\/wp-json\/wp\/v2\/product_brand?post=10088"},{"taxonomy":"product_cat","embeddable":true,"href":"https:\/\/comlm.fr\/index.php\/wp-json\/wp\/v2\/product_cat?post=10088"},{"taxonomy":"product_tag","embeddable":true,"href":"https:\/\/comlm.fr\/index.php\/wp-json\/wp\/v2\/product_tag?post=10088"}],"curies":[{"name":"wp","href":"https:\/\/api.w.org\/{rel}","templated":true}]}}