{"id":10087,"date":"2022-07-01T15:42:15","date_gmt":"2022-07-01T13:42:15","guid":{"rendered":"http:\/\/comlm.fr\/?post_type=product&#038;p=10087"},"modified":"2023-07-03T13:56:27","modified_gmt":"2023-07-03T11:56:27","slug":"75-samsung-dm75e-190cm","status":"publish","type":"product","link":"https:\/\/comlm.fr\/index.php\/produit\/75-samsung-dm75e-190cm\/","title":{"rendered":"\u00c9cran pro 75&#8243; SAMSUNG Magic info QM75R"},"content":{"rendered":"<p>D\u00e9couvrez l&#8217;\u00e9cran interactif DM75E-BR de 75 pouces de Samsung!<\/p>\n<p>Pr\u00e9sentation: L&#8217;\u00e9cran interactif DM75E-BR de la marque Samsung est adapt\u00e9 \u00e0 la fois pour un environnement d&#8217;entreprise et un environnement scolaire. Son logiciel de tableau blanc embarqu\u00e9 vous permettra de prendre de notes et r\u00e9aliser des sch\u00e9mas lors de vos formations ou de vos r\u00e9unions. L&#8217;\u00e9cran interactif Samsung DM75E-BR est ainsi l&#8217;outil id\u00e9al pour laisser parler votre productivit\u00e9 et votre cr\u00e9ativit\u00e9.<\/p>\n<p>Avantages: L&#8217;\u00e9cran interactif DM75E-BR de 75 pouces, est livr\u00e9 avec son propre logiciel de tableau blanc. Gr\u00e2ce \u00e0 ses caract\u00e9ristiques et ses avantages, vous pourrez mener vos r\u00e9unions et vos formations avec brio!<\/p>\n<p>L\u2019\u00e9cran interactif Samsung de 75 pouces est design\u00e9 pour un confort optimal d\u2019utilisation. On retiendra notamment son rev\u00eatement tactile \u00ab Super Clear Coating \u00bb qui permet un tactile sensible ainsi qu\u2019une transparence pour de meilleures couleurs.<\/p>\n<p>L\u2019\u00e9cran interactif Samsung de 75 pouces offre les meilleures technologies pour un visionnage d\u2019images et de vid\u00e9os hors du commun :<\/p>\n<p>-Eclairage LED offrant la meilleure exp\u00e9rience en termes d\u2019intensit\u00e9 de couleurs.<\/p>\n<p>-R\u00e9solution FullHD de 1920*1080 pixels pour une optimisation du rendu de l\u2019image.<\/p>\n<p>-Fonction tactile multi-touch et jusqu\u2019\u00e0 10 points de contact.<\/p>\n<p>Les \u00e9crans interactifs de la marque Samsung sont livr\u00e9s avec le logiciel MagiclWB, con\u00e7u \u00e0 la fois pour le monde de l\u2019\u00e9ducation et de l\u2019entreprise.<\/p>\n<p>-Pour l\u2019\u00e9ducation : MagicLWB permet d\u2019interagir et annoter, \u00e0 l\u2019aide d\u2019un menu flottant facile d\u2019acc\u00e8s. Vous pouvez aussi sauvegarder le contenu de vos cours pour vos \u00e9l\u00e8ves.<\/p>\n<p>Il est facile d\u2019encourager les \u00e9l\u00e8ves \u00e0 participer gr\u00e2ce \u00e0 des activit\u00e9s et le\u00e7ons interactives ?<\/p>\n<p>-Pour la collaboration : Avec MagiclWB, vous pourrez partager des pr\u00e9sentations en live avec vos collaborateurs, pr\u00e9sents dans la salle de r\u00e9union ou ailleurs. Une fonction tableau blanc vous permettra d\u2019\u00e9crire, dessiner et organiser vos notes sur une surface illimit\u00e9e. Sauvegardez et partagez le compte-rendu de r\u00e9union tr\u00e8s facilement.<\/p>\n","protected":false},"excerpt":{"rendered":"<p>Lecteur USB<br \/>\nM\u00e9moire interne<br \/>\nDim. L H P en cm : 167.6 x 95.9 x 5.8<\/p>\n","protected":false},"featured_media":10227,"template":"","meta":[],"product_brand":[121],"product_cat":[181,39],"product_tag":[182],"class_list":{"0":"post-10087","1":"product","2":"type-product","3":"status-publish","4":"has-post-thumbnail","6":"product_brand-samsung","7":"product_cat-181","8":"product_cat-ecran-led","9":"product_tag-182","12":"first","13":"instock","14":"featured","15":"taxable","16":"shipping-taxable","17":"purchasable","18":"product-type-simple"},"aioseo_notices":[],"_links":{"self":[{"href":"https:\/\/comlm.fr\/index.php\/wp-json\/wp\/v2\/product\/10087","targetHints":{"allow":["GET"]}}],"collection":[{"href":"https:\/\/comlm.fr\/index.php\/wp-json\/wp\/v2\/product"}],"about":[{"href":"https:\/\/comlm.fr\/index.php\/wp-json\/wp\/v2\/types\/product"}],"version-history":[{"count":3,"href":"https:\/\/comlm.fr\/index.php\/wp-json\/wp\/v2\/product\/10087\/revisions"}],"predecessor-version":[{"id":10680,"href":"https:\/\/comlm.fr\/index.php\/wp-json\/wp\/v2\/product\/10087\/revisions\/10680"}],"wp:featuredmedia":[{"embeddable":true,"href":"https:\/\/comlm.fr\/index.php\/wp-json\/wp\/v2\/media\/10227"}],"wp:attachment":[{"href":"https:\/\/comlm.fr\/index.php\/wp-json\/wp\/v2\/media?parent=10087"}],"wp:term":[{"taxonomy":"product_brand","embeddable":true,"href":"https:\/\/comlm.fr\/index.php\/wp-json\/wp\/v2\/product_brand?post=10087"},{"taxonomy":"product_cat","embeddable":true,"href":"https:\/\/comlm.fr\/index.php\/wp-json\/wp\/v2\/product_cat?post=10087"},{"taxonomy":"product_tag","embeddable":true,"href":"https:\/\/comlm.fr\/index.php\/wp-json\/wp\/v2\/product_tag?post=10087"}],"curies":[{"name":"wp","href":"https:\/\/api.w.org\/{rel}","templated":true}]}}