{"id":10086,"date":"2022-07-01T15:40:58","date_gmt":"2022-07-01T13:40:58","guid":{"rendered":"http:\/\/comlm.fr\/index.php\/produit\/46-samsung-me46c-117cm-copy\/"},"modified":"2023-07-03T13:43:23","modified_gmt":"2023-07-03T11:43:23","slug":"46-samsung-me46c-117cm-copy","status":"publish","type":"product","link":"https:\/\/comlm.fr\/index.php\/produit\/46-samsung-me46c-117cm-copy\/","title":{"rendered":"\u00c9cran pro 55&#8243; SAMSUNG Magic info  QMR55"},"content":{"rendered":"<p>Un \u00e9cran lumineux con\u00e7u pour fonctionner 24h\/24 et 7j\/7<\/p>\n<p>Avec l&#8217;\u00e9cran dynamique DM55E de Samsung, atteignez facilement vos objectifs commerciaux en profitant d&#8217;un affichage d&#8217;une qualit\u00e9 exceptionnelle ! Gr\u00e2ce \u00e0 une plateforme avanc\u00e9e ainsi qu&#8217;\u00e0 une interface intuitive, g\u00e9rez facilement le contenu que vous souhaitez afficher. Aussi, l&#8217;application mobile MagicInfo S3 vous permet de contr\u00f4ler vos affichages sans fil, directement depuis votre tablette. Sublimez vos messages et faites passer vos id\u00e9es gr\u00e2ce \u00e0 cet \u00e9cran au design attractif et aux performances remarquables !<\/p>\n<p>Atteignez vos objectifs commerciaux<\/p>\n<p>Les \u00e9crans de la s\u00e9rie DME offrent une performance de pointe, disposent d&#8217;une technologie Samsung \u00e9prouv\u00e9e et permettent une utilisation \u00e9tendue et durable 24 h \/ 24 et 7 j \/ 7 pour garantir que vos messages professionnels soient transmis au moment et \u00e0 l&#8217;emplacement o\u00f9 ils auront le plus d&#8217;impact. D\u00e8s lors, vos publicit\u00e9s et vos informations sont s\u00fbres de captiver les clients gr\u00e2ce \u00e0 une luminosit\u00e9 \u00e9lev\u00e9e de 450 nits et \u00e0 des images d&#8217;une qualit\u00e9 cristalline.<\/p>\n<p>La fonction unique de sublimateur de qualit\u00e9 d&#8217;image de Samsung optimise les couleurs, les d\u00e9tails, le contraste et la temp\u00e9rature des couleurs de votre environnement pour des couleurs riches et des textures d\u00e9taill\u00e9es. L&#8217;\u00e9limination de facteurs pouvant interrompre la visibilit\u00e9 comme les reflets de lumi\u00e8re et une r\u00e9duction de 98% de l&#8217;\u00e9blouissement et de la brume permettent d&#8217;obtenir une clart\u00e9 supr\u00eame. De plus, les options de connectivit\u00e9 ont \u00e9t\u00e9 am\u00e9lior\u00e9es gr\u00e2ce \u00e0 deux ports HDMI pour un affichage plus simple du contenu enrichi.<\/p>\n","protected":false},"excerpt":{"rendered":"<p>Lecteur USB<br \/>\nM\u00e9moire interne<br \/>\nDim. L H P en cm : 123 x 70.7 x 5<\/p>\n<p>Samsung 55&#8243; LED DM55E<br \/>\nLH55DMEPLGC\/EN<\/p>\n<p>55 pouces<br \/>\nTaille de l&#8217;\u00e9cran<br \/>\n16\/9<br \/>\nR\u00e9solution Max<\/p>\n<p>1920 x 1080 pixels<br \/>\nR\u00e9solution(s) vid\u00e9o support\u00e9e(s)<\/p>\n<p>1080p<br \/>\nLuminosit\u00e9<\/p>\n<p>450 cd\/m\u00b2<br \/>\nContraste<\/p>\n<p>5000 \/1<br \/>\nTemps de r\u00e9ponse<\/p>\n<p>6 ms<br \/>\nAngle de vision (horizontal)<\/p>\n<p>178 Degr\u00e9(s)<br \/>\nAngle de vision (vertical)<\/p>\n<p>178 Degr\u00e9(s)<br \/>\nEcran<\/p>\n<p>Type d&#8217;\u00e9cran<\/p>\n<p>LED<br \/>\nFr\u00e9quence verticale mini<\/p>\n<p>48 Hz<br \/>\nFr\u00e9quence verticale maxi<\/p>\n<p>75 KHz<br \/>\nErgonomie<\/p>\n<p>Pivot<\/p>\n<p>Non<br \/>\nPied r\u00e9glable en hauteur<\/p>\n<p>Non<br \/>\nPied amovible<\/p>\n<p>Non<br \/>\nFixation Murale<\/p>\n<p>Oui<br \/>\nFixation VESA<\/p>\n<p>400 x 400 mm<br \/>\nUtilisation<\/p>\n<p>Int\u00e9rieur<br \/>\nConnectique<\/p>\n<p>Entr\u00e9es vid\u00e9o<\/p>\n<p>1 X DisplayPort Femelle<br \/>\n1 X DVI Femelle<br \/>\n2 X HDMI Femelle<br \/>\n1 X VGA (D-sub 15 Femelle)<br \/>\n1 X Vid\u00e9o composite (RCA Femelle)<br \/>\nEntr\u00e9es DVI<\/p>\n<p>DVI-D (DVI-Digital)<br \/>\nEntr\u00e9e audio<\/p>\n<p>1 X Line IN (Jack 3.5 mm Femelle)<br \/>\nSorties audio<\/p>\n<p>1 X Line OUT (Jack 3.5mm Femelle)<br \/>\nSorties vid\u00e9o<\/p>\n<p>DisplayPort<br \/>\nConnecteur(s) additionnels<\/p>\n<p>S\u00e9rie (RS-232)<br \/>\nRJ45 Femelle<br \/>\nWi-Fi<br \/>\nSyst\u00e8me audio<\/p>\n<p>Puissance sonore<\/p>\n<p>2 X 10 W<br \/>\nR\u00e9seau<\/p>\n<p>Wi-Fi<\/p>\n<p>Oui<br \/>\nCertification DLNA<\/p>\n<p>Non<br \/>\nCaract\u00e9ristiques physiques<\/p>\n<p>Couleur<\/p>\n<p>Noir<br \/>\nLargeur<\/p>\n<p>1230.6 mm<br \/>\nHauteur<\/p>\n<p>706.9 mm<br \/>\nProfondeur<\/p>\n<p>49.9 mm<br \/>\nPoids<\/p>\n<p>15.4 kg<br \/>\nAlimentation<\/p>\n<p>Consommation<\/p>\n<p>130 W<br \/>\nConsommation en veille<\/p>\n<p>0.5 W<br \/>\nAlimentation interne<\/p>\n<p>Non<br \/>\nFonctionnement<\/p>\n<p>24h\/24h<br \/>\nGaranties<\/p>\n<p>Garantie commerciale<br \/>\n2 ans vendeur<br \/>\nGarantie l\u00e9gale<br \/>\nVoir les modalit\u00e9s<br \/>\nInformations l\u00e9gales<\/p>\n<p>Reprise des produits usag\u00e9s<br \/>\nVoir les modalit\u00e9s<\/p>\n","protected":false},"featured_media":10223,"template":"","meta":[],"product_brand":[121],"product_cat":[180,39,57],"product_tag":[164],"class_list":{"0":"post-10086","1":"product","2":"type-product","3":"status-publish","4":"has-post-thumbnail","6":"product_brand-samsung","7":"product_cat-55-ecran-led","8":"product_cat-ecran-led","9":"product_cat-reseau_telecom","10":"product_tag-164","13":"first","14":"instock","15":"featured","16":"taxable","17":"shipping-taxable","18":"purchasable","19":"product-type-simple"},"aioseo_notices":[],"_links":{"self":[{"href":"https:\/\/comlm.fr\/index.php\/wp-json\/wp\/v2\/product\/10086","targetHints":{"allow":["GET"]}}],"collection":[{"href":"https:\/\/comlm.fr\/index.php\/wp-json\/wp\/v2\/product"}],"about":[{"href":"https:\/\/comlm.fr\/index.php\/wp-json\/wp\/v2\/types\/product"}],"version-history":[{"count":4,"href":"https:\/\/comlm.fr\/index.php\/wp-json\/wp\/v2\/product\/10086\/revisions"}],"predecessor-version":[{"id":10678,"href":"https:\/\/comlm.fr\/index.php\/wp-json\/wp\/v2\/product\/10086\/revisions\/10678"}],"wp:featuredmedia":[{"embeddable":true,"href":"https:\/\/comlm.fr\/index.php\/wp-json\/wp\/v2\/media\/10223"}],"wp:attachment":[{"href":"https:\/\/comlm.fr\/index.php\/wp-json\/wp\/v2\/media?parent=10086"}],"wp:term":[{"taxonomy":"product_brand","embeddable":true,"href":"https:\/\/comlm.fr\/index.php\/wp-json\/wp\/v2\/product_brand?post=10086"},{"taxonomy":"product_cat","embeddable":true,"href":"https:\/\/comlm.fr\/index.php\/wp-json\/wp\/v2\/product_cat?post=10086"},{"taxonomy":"product_tag","embeddable":true,"href":"https:\/\/comlm.fr\/index.php\/wp-json\/wp\/v2\/product_tag?post=10086"}],"curies":[{"name":"wp","href":"https:\/\/api.w.org\/{rel}","templated":true}]}}