{"id":10085,"date":"2022-07-01T15:37:57","date_gmt":"2022-07-01T13:37:57","guid":{"rendered":"http:\/\/comlm.fr\/?post_type=product&#038;p=10085"},"modified":"2023-07-03T13:52:13","modified_gmt":"2023-07-03T11:52:13","slug":"46-samsung-me46c-117cm","status":"publish","type":"product","link":"https:\/\/comlm.fr\/index.php\/produit\/46-samsung-me46c-117cm\/","title":{"rendered":"\u00c9cran pro 46&#8243; SAMSUNG Magic info DM46"},"content":{"rendered":"<p>Polyvalence et fiabilit\u00e9<\/p>\n<p>Le Samsung ME46C offre une technologie Edge LED pour un moniteur au design l\u00e9ger. Equip\u00e9 de la technologie innovante et exclusive SSSP, cette solution offre un lecteur m\u00e9dia int\u00e9gr\u00e9 et 3 solutions d&#8217;affichage (MagicInfo Lite, Premium-S, Videowall-S).<\/p>\n<p>Il est donc possible d&#8217;afficher des contenus multiples de fa\u00e7on simple et intuitive et ainsi vous augmentez votre productivit\u00e9 tout en r\u00e9duisant vos co\u00fbts !<\/p>\n<p>Un affichage haut de gamme pour une lisibilit\u00e9 parfaite<\/p>\n<p>Le Samsung ME46C fournit des images d&#8217;une qualit\u00e9 parfaite sans les distorsions, le flou ou les \u00e9blouissements des projecteurs traditionnels. Sa dalle haute luminosit\u00e9 offre une technologie de r\u00e9tro\u00e9clairage et un taux de rafra\u00eechissement \u00e9lev\u00e9 afin d&#8217;aider \u00e0 affiner l&#8217;image et la lisibilit\u00e9. Il y a aussi d&#8217;autres innovations comme la r\u00e9duction de diffusion de la lumi\u00e8re et de la r\u00e9flexion, avec un taux de contraste de couleurs plus larges et des noirs plus profond.<\/p>\n<p>De plus, le Samsung ME46C est une alternative \u00e9conomique et respectueuse de l&#8217;environnement. De technologie &#8216;Edge&#8217; LED, ce moniteur \u00e9met moins de d\u00e9gagement calorifique qu&#8217;un \u00e9cran classique. Enfin avec un poids l\u00e9ger et une consommation r\u00e9duite, l&#8217;empreinte \u00e9nerg\u00e9tique du ME46C est plus faible que les moniteurs CCFL.<\/p>\n","protected":false},"excerpt":{"rendered":"<p>Lecteur USB<br \/>\nM\u00e9moire interne<br \/>\nDim. L H P en cm : 105.8 x 61.6 x 3<\/p>\n","protected":false},"featured_media":10215,"template":"","meta":[],"product_brand":[121],"product_cat":[177,39,57],"product_tag":[170,179,178],"class_list":{"0":"post-10085","1":"product","2":"type-product","3":"status-publish","4":"has-post-thumbnail","6":"product_brand-samsung","7":"product_cat-177","8":"product_cat-ecran-led","9":"product_cat-reseau_telecom","10":"product_tag-170","11":"product_tag-179","12":"product_tag-178","15":"first","16":"instock","17":"featured","18":"taxable","19":"shipping-taxable","20":"purchasable","21":"product-type-simple"},"aioseo_notices":[],"_links":{"self":[{"href":"https:\/\/comlm.fr\/index.php\/wp-json\/wp\/v2\/product\/10085","targetHints":{"allow":["GET"]}}],"collection":[{"href":"https:\/\/comlm.fr\/index.php\/wp-json\/wp\/v2\/product"}],"about":[{"href":"https:\/\/comlm.fr\/index.php\/wp-json\/wp\/v2\/types\/product"}],"version-history":[{"count":3,"href":"https:\/\/comlm.fr\/index.php\/wp-json\/wp\/v2\/product\/10085\/revisions"}],"predecessor-version":[{"id":10679,"href":"https:\/\/comlm.fr\/index.php\/wp-json\/wp\/v2\/product\/10085\/revisions\/10679"}],"wp:featuredmedia":[{"embeddable":true,"href":"https:\/\/comlm.fr\/index.php\/wp-json\/wp\/v2\/media\/10215"}],"wp:attachment":[{"href":"https:\/\/comlm.fr\/index.php\/wp-json\/wp\/v2\/media?parent=10085"}],"wp:term":[{"taxonomy":"product_brand","embeddable":true,"href":"https:\/\/comlm.fr\/index.php\/wp-json\/wp\/v2\/product_brand?post=10085"},{"taxonomy":"product_cat","embeddable":true,"href":"https:\/\/comlm.fr\/index.php\/wp-json\/wp\/v2\/product_cat?post=10085"},{"taxonomy":"product_tag","embeddable":true,"href":"https:\/\/comlm.fr\/index.php\/wp-json\/wp\/v2\/product_tag?post=10085"}],"curies":[{"name":"wp","href":"https:\/\/api.w.org\/{rel}","templated":true}]}}