{"id":10084,"date":"2022-07-01T15:36:54","date_gmt":"2022-07-01T13:36:54","guid":{"rendered":"http:\/\/comlm.fr\/?post_type=product&#038;p=10084"},"modified":"2023-07-03T14:02:20","modified_gmt":"2023-07-03T12:02:20","slug":"40-samsung-me40c-102cm","status":"publish","type":"product","link":"https:\/\/comlm.fr\/index.php\/produit\/40-samsung-me40c-102cm\/","title":{"rendered":"\u00c9cran pro 40&#8243; SAMSUNG Magic info ME40C"},"content":{"rendered":"<p>Polyvalence et fiabilit\u00e9<\/p>\n<p>Le Samsung ME40C offre une technologie Edge LED pour un moniteur au design l\u00e9ger. Equip\u00e9 de la technologie innovante et exclusive SSSP, cette solution offre un lecteur m\u00e9dia int\u00e9gr\u00e9 et 3 solutions d&#8217;affichage (MagicInfo Lite, Premium-S, Videowall-S).<\/p>\n<p>Il est donc possible d&#8217;afficher des contenus multiples de fa\u00e7on simple et intuitive et ainsi vous augmentez votre productivit\u00e9 tout en r\u00e9duisant vos co\u00fbts !<\/p>\n<p>Un affichage haut de gamme pour une lisibilit\u00e9 parfaite<\/p>\n<p>Le Samsung ME40C fournit des images d&#8217;une qualit\u00e9 parfaite sans les distorsions, le flou ou les \u00e9blouissements des projecteurs traditionnels. Sa dalle haute luminosit\u00e9 offre une technologie de r\u00e9tro\u00e9clairage et un taux de rafra\u00eechissement \u00e9lev\u00e9 afin d&#8217;aider \u00e0 affiner l&#8217;image et la lisibilit\u00e9. Il y a aussi d&#8217;autres innovations comme la r\u00e9duction de diffusion de la lumi\u00e8re et de la r\u00e9flexion, avec un taux de contraste de couleurs plus larges et des noirs plus profond.<\/p>\n<p>De plus, le Samsung ME40C est une alternative \u00e9conomique et respectueuse de l&#8217;environnement. De technologie &#8216;Edge&#8217; LED, ce moniteur \u00e9met moins de d\u00e9gagement calorifique qu&#8217;un \u00e9cran classique. Enfin avec un poids l\u00e9ger et une consommation r\u00e9duite, l&#8217;empreinte \u00e9nerg\u00e9tique du ME40C est plus faible que les moniteurs CCFL.<\/p>\n","protected":false},"excerpt":{"rendered":"<p>Lecteur USB<br \/>\nM\u00e9moire interne<br \/>\nDim.L H P en cm : 92.2 x 53.9 x 3<br \/>\nMoniteur professionnel Full HD, technologie Direct LED.<br \/>\nSolution MagicInfo Lite Premium \u2013S, Videowall-S.<br \/>\nCompatible avec ordinateur Player Set Back Box SBB-A.<br \/>\nD\u00e9tection de la source automatique.<br \/>\nHaut-parleurs int\u00e9gr\u00e9s 2 x 10W.<\/p>\n<p>R\u00e9solution : 1920 x 1080.<br \/>\nLuminosit\u00e9 jusqu&#8217;\u00e0 450 Cd\/m2.<br \/>\nContraste 5000 : 1.<br \/>\nTemps de r\u00e9ponse : 8ms<br \/>\nConnectique: VGA, DVI-D, Display Port, 2 HDMI, Composite, Audio RCA et mini Jack.<br \/>\nPrises RJ 45 et RS 232C pour contr\u00f4le<br \/>\n2 ports USB<br \/>\nLogiciels fournis: MagicInfo Lite (4 Go de stockage interne), Premium \u2013S, Videowall-S<br \/>\nEnceintes int\u00e9gr\u00e9es: 2 x 10W.<br \/>\nCompatible avec ordinateur Player Set Back Box SBB-A (16Go) (en option)<br \/>\nFixation VESA: 200 x 200.<br \/>\nL \/ H \/ P: 922 x 539 x 29.9mm. 10.6kg<br \/>\nLivr\u00e9 avec t\u00e9l\u00e9commande, c\u00e2ble RS232C et c\u00e2ble VGA.<\/p>\n","protected":false},"featured_media":10211,"template":"","meta":[],"product_brand":[],"product_cat":[176,39,57],"product_tag":[],"class_list":{"0":"post-10084","1":"product","2":"type-product","3":"status-publish","4":"has-post-thumbnail","6":"product_cat-176","7":"product_cat-ecran-led","8":"product_cat-reseau_telecom","11":"first","12":"instock","13":"featured","14":"taxable","15":"shipping-taxable","16":"purchasable","17":"product-type-simple"},"aioseo_notices":[],"_links":{"self":[{"href":"https:\/\/comlm.fr\/index.php\/wp-json\/wp\/v2\/product\/10084","targetHints":{"allow":["GET"]}}],"collection":[{"href":"https:\/\/comlm.fr\/index.php\/wp-json\/wp\/v2\/product"}],"about":[{"href":"https:\/\/comlm.fr\/index.php\/wp-json\/wp\/v2\/types\/product"}],"version-history":[{"count":3,"href":"https:\/\/comlm.fr\/index.php\/wp-json\/wp\/v2\/product\/10084\/revisions"}],"predecessor-version":[{"id":10683,"href":"https:\/\/comlm.fr\/index.php\/wp-json\/wp\/v2\/product\/10084\/revisions\/10683"}],"wp:featuredmedia":[{"embeddable":true,"href":"https:\/\/comlm.fr\/index.php\/wp-json\/wp\/v2\/media\/10211"}],"wp:attachment":[{"href":"https:\/\/comlm.fr\/index.php\/wp-json\/wp\/v2\/media?parent=10084"}],"wp:term":[{"taxonomy":"product_brand","embeddable":true,"href":"https:\/\/comlm.fr\/index.php\/wp-json\/wp\/v2\/product_brand?post=10084"},{"taxonomy":"product_cat","embeddable":true,"href":"https:\/\/comlm.fr\/index.php\/wp-json\/wp\/v2\/product_cat?post=10084"},{"taxonomy":"product_tag","embeddable":true,"href":"https:\/\/comlm.fr\/index.php\/wp-json\/wp\/v2\/product_tag?post=10084"}],"curies":[{"name":"wp","href":"https:\/\/api.w.org\/{rel}","templated":true}]}}