{"id":10081,"date":"2022-07-01T15:32:27","date_gmt":"2022-07-01T13:32:27","guid":{"rendered":"http:\/\/comlm.fr\/?post_type=product&#038;p=10081"},"modified":"2023-07-03T14:00:32","modified_gmt":"2023-07-03T12:00:32","slug":"32-samsung-pm32f-82cm","status":"publish","type":"product","link":"https:\/\/comlm.fr\/index.php\/produit\/32-samsung-pm32f-82cm\/","title":{"rendered":"\u00c9cran pro 32&#8243; SAMSUNG Magic info PM32F"},"content":{"rendered":"<p>Une solution performante avec un \u00e9cran ultra-mince<\/p>\n<p>Diffusez facilement vos contenus avec l&#8217;\u00e9cran dynamique Samsung PM32F. Profitez d&#8217;un fonctionnement 16\/7, d&#8217;une conception robuste IP5x et d&#8217;une belle luminosit\u00e9 de 400 cd\/m\u00b2. Ce mod\u00e8le vous offre une image Full HD de 81 cm accompagn\u00e9e d&#8217;une puissance sonore de 2 x 10 Watts pour vos diff\u00e9rents contenus. De plus, l&#8217;\u00e9cran PM32F embarque une fonctionnalit\u00e9 sans fil Wi-Fi, le lecteur m\u00e9dia MagicInfo S4, une connectique compl\u00e8te ainsi que des bords fins de seulement 8,9 mm d&#8217;\u00e9paisseur.<\/p>\n","protected":false},"excerpt":{"rendered":"<p>Lecteur USB<br \/>\nM\u00e9moire interne<br \/>\nDim. L H P en cm : 72.1 x 41.6 x 3<\/p>\n","protected":false},"featured_media":10205,"template":"","meta":[],"product_brand":[121],"product_cat":[175,39,57],"product_tag":[],"class_list":{"0":"post-10081","1":"product","2":"type-product","3":"status-publish","4":"has-post-thumbnail","6":"product_brand-samsung","7":"product_cat-32-2","8":"product_cat-ecran-led","9":"product_cat-reseau_telecom","12":"first","13":"instock","14":"featured","15":"taxable","16":"shipping-taxable","17":"purchasable","18":"product-type-simple"},"aioseo_notices":[],"_links":{"self":[{"href":"https:\/\/comlm.fr\/index.php\/wp-json\/wp\/v2\/product\/10081","targetHints":{"allow":["GET"]}}],"collection":[{"href":"https:\/\/comlm.fr\/index.php\/wp-json\/wp\/v2\/product"}],"about":[{"href":"https:\/\/comlm.fr\/index.php\/wp-json\/wp\/v2\/types\/product"}],"version-history":[{"count":4,"href":"https:\/\/comlm.fr\/index.php\/wp-json\/wp\/v2\/product\/10081\/revisions"}],"predecessor-version":[{"id":10682,"href":"https:\/\/comlm.fr\/index.php\/wp-json\/wp\/v2\/product\/10081\/revisions\/10682"}],"wp:featuredmedia":[{"embeddable":true,"href":"https:\/\/comlm.fr\/index.php\/wp-json\/wp\/v2\/media\/10205"}],"wp:attachment":[{"href":"https:\/\/comlm.fr\/index.php\/wp-json\/wp\/v2\/media?parent=10081"}],"wp:term":[{"taxonomy":"product_brand","embeddable":true,"href":"https:\/\/comlm.fr\/index.php\/wp-json\/wp\/v2\/product_brand?post=10081"},{"taxonomy":"product_cat","embeddable":true,"href":"https:\/\/comlm.fr\/index.php\/wp-json\/wp\/v2\/product_cat?post=10081"},{"taxonomy":"product_tag","embeddable":true,"href":"https:\/\/comlm.fr\/index.php\/wp-json\/wp\/v2\/product_tag?post=10081"}],"curies":[{"name":"wp","href":"https:\/\/api.w.org\/{rel}","templated":true}]}}